{"id":7971,"date":"2021-05-11T19:11:48","date_gmt":"2021-05-11T19:11:48","guid":{"rendered":"https:\/\/ramset.ca\/?post_type=product&#038;p=7971"},"modified":"2022-02-25T15:34:14","modified_gmt":"2022-02-25T15:34:14","slug":"t4mag","status":"publish","type":"product","link":"https:\/\/ramset.ca\/fr\/produit\/t4mag\/","title":{"rendered":"T4 MAG"},"content":{"rendered":"<h4><strong>LE SYST\u00c8ME DE FIXATION LE PLUS UTILIS\u00c9 PAR LES ENTREPRENEURS COMMERCIAUX EN CLOISON S\u00c8CHE <\/strong><\/h4>\n<h4><strong>AVANTAGES<\/strong><\/h4>\n<ul>\n<li>Un taux d\u2019adh\u00e9sion plus \u00e9lev\u00e9 que la norme dans l\u2019industrie<\/li>\n<li>30 % plus de puissance pour le travail dans le b\u00e9ton le plus r\u00e9sistant<\/li>\n<li>Enfonce les tiges \u00e0 affleurement, pour cr\u00e9er un encastrement complet<\/li>\n<li>Force de refoulement r\u00e9duite, et distance de course moindre, pour une r\u00e9duction de la fatigue de l\u2019utilisateur<\/li>\n<li>Moins d\u2019enrayage, r\u00e9sultant en moins de temps d\u2019arr\u00eat sur le chantier<\/li>\n<li>Un \u00e9quilibre superbe, pour une exp\u00e9rience utilisateur optimale<\/li>\n<\/ul>\n<h4><strong>Le T4MAG augmente votre port\u00e9e avec sa puissance dans les airs<\/strong><\/h4>\n<p>La puissance du T4MAG vous permet de tirer de mani\u00e8re consistante l\u00e0 o\u00f9 aucun outil \u00e0 gaz n\u2019a jamais pu aller. Les tiges \u00e0 0,125 de diam\u00e8tre sont con\u00e7ues sp\u00e9cifiquement pour fonctionner dans le b\u00e9ton et l\u2019acier les plus r\u00e9sistants, l\u00e0 o\u00f9 les autres tiges ne peuvent pas assurer un bon rendement. Le nouveau syst\u00e8me du T4MAG livre une puissance qui rivalise avec les autres syst\u00e8mes \u00e0 gaz et \u00e0 poudre.<\/p>\n<h4><strong>TABLEAUX DES PERFORMANCES<\/strong><\/h4>\n<p><strong>ATTACHES \u00c0 GAZ DANS L&rsquo;ACIER<\/strong><\/p>\n<div id=\"tablepress-13-scroll-wrapper\" class=\"tablepress-scroll-wrapper\">\n\n<table id=\"tablepress-13\" class=\"tablepress tablepress-id-13 tablepress-responsive tbody-has-connected-cells\">\n<tbody class=\"row-striping\">\n<tr class=\"row-1\">\n\t<td rowspan=\"3\" class=\"column-1\"><strong><center>PART NUMBER<\/td><td rowspan=\"3\" class=\"column-2\"><strong><center>SHANK DIA. <br \/>\n(INCH)<\/td><td rowspan=\"3\" class=\"column-3\"><strong><center>TYPE OF <br \/>\nSHANK<\/td><td colspan=\"6\" class=\"column-4\"><strong><center>INSTALLED IN A36 STRUCTURAL STEEL \u2013 STEEL THICKNESS INCHES<br \/>\nALLOWABLE LOAD \u2013<\/strong>   Ultimate Load<\/td>\n<\/tr>\n<tr class=\"row-2\">\n\t<td colspan=\"2\" class=\"column-4\"><center>3\/16 (.1875)<\/td><td colspan=\"2\" class=\"column-6\"><center>1\/4 (.250)<\/td><td colspan=\"2\" class=\"column-8\"><center>3\/8 (.375)<\/td>\n<\/tr>\n<tr class=\"row-3\">\n\t<td class=\"column-4\"><center>TENSION (LBS)<\/td><td class=\"column-5\"><center>SHEAR (LBS)<\/td><td class=\"column-6\"><center>TENSION (LBS)<\/td><td class=\"column-7\"><center>SHEAR (LBS)<\/td><td class=\"column-8\"><center>TENSION (LBS)<\/td><td class=\"column-9\"><center>SHEAR (LBS)<\/td>\n<\/tr>\n<tr class=\"row-4\">\n\t<td class=\"column-1\"><center>T4012S<\/td><td class=\"column-2\"><center>0.125<\/td><td class=\"column-3\"><center>TAPER SMOOTH<\/td><td class=\"column-4\"><center>-----    |    -----<\/td><td class=\"column-5\"><center>-----    |    -----<\/td><td class=\"column-6\"><center><strong>237<\/strong>    |    <em>1184<\/td><td class=\"column-7\"><center><strong>356<\/strong>    |    <em>1782<\/td><td class=\"column-8\"><center><strong>189<\/strong>    |    <em>943<\/td><td class=\"column-9\"><center><strong>392 <\/strong>   |    <em>1960<\/td>\n<\/tr>\n<\/tbody>\n<\/table>\n\n<\/div><!-- #tablepress-13 from cache -->\n<p><strong>Remarque 1 :<\/strong> Les charges ADMISSIBLES sont indiqu\u00e9es en CARACT\u00c8RES GRAS, et les charges ultimes sont indiqu\u00e9es en police italique plus petite.\u00a0\u00a0<strong>Remarque 2 :<\/strong> Tests r\u00e9alis\u00e9s conform\u00e9ment aux normes CPI AC70 et ASTM E1190.\u00a0\u00a0<strong>Remarque 3 :<\/strong>\u00a0 Les facteurs de s\u00e9curit\u00e9 sont bas\u00e9s sur le coefficient de variation. Conform\u00e9ment \u00e0 la norme ICC AC70, le coefficient de s\u00e9curit\u00e9 sera pas moins de 5.\u00a0 <strong>Remarque 4 :<\/strong> La charge cyclique, la fatigue, les chocs et d\u2019autres crit\u00e8res de conception peuvent exiger un facteur de s\u00e9curit\u00e9 diff\u00e9rent.\u00a0\u00a0<strong>Remarque 5 :<\/strong> Les tests sur le chantier peuvent \u00eatre n\u00e9cessaires pour d\u00e9terminer les valeurs r\u00e9elles sur le chantier. <strong>Remarque 6 :<\/strong> Les valeurs indiqu\u00e9es sont pour des fixations avec l\u2019enti\u00e8re extr\u00e9mit\u00e9 pointue enfonc\u00e9e \u00e0 travers la plaque d\u2019acier; sauf tel que not\u00e9 ci-dessous.\u00a0 <strong>Remarque 7 :<\/strong> La p\u00e9n\u00e9tration de la fixation est d\u2019un minimum de 0,31 po. <strong>Remarque 8 :<\/strong> La p\u00e9n\u00e9tration de la fixation est d\u2019un minimum de 0,29 po. <strong>Remarque 9 : <\/strong>La p\u00e9n\u00e9tration de la fixation est d\u2019un minimum de 0,27 po. <strong>Remarque 10 :<\/strong> La p\u00e9n\u00e9tration de la fixation est d\u2019un minimum de 0,25 po. <strong>Remarque 11 :<\/strong> Pour SI\u00a0: 1 lbf = 4,448 N, 1 pouce = 25,4 mm, 1 ksi = 6,89 MPa<\/p>\n<p><strong>ATTACHES \u00c0 GAZ COLLATIONN\u00c9ES DANS LE B\u00c9TON<\/strong><\/p>\n<div id=\"tablepress-14-scroll-wrapper\" class=\"tablepress-scroll-wrapper\">\n\n<table id=\"tablepress-14\" class=\"tablepress tablepress-id-14 tablepress-responsive tbody-has-connected-cells\">\n<tbody class=\"row-striping\">\n<tr class=\"row-1\">\n\t<td rowspan=\"3\" class=\"column-1\"><strong><center>PART <br \/>\nNUMBER <br \/>\nSERIES<\/td><td rowspan=\"3\" class=\"column-2\"><strong><center>SHANK <br \/>\nDIAMETER <br \/>\n(INCH)<\/td><td rowspan=\"3\" class=\"column-3\"><strong><center>MINIMUM <br \/>\nPENETRATION <br \/>\n(INCH)<\/td><td colspan=\"6\" class=\"column-4\"><strong><center>INSTALLED IN STONE AGGREGATE CONCRETE \u2013 CONCRETE COMPRESSIVE STRENGTH ALLOWABLE LOAD <\/strong>\u2013  Ultimate Load<\/td>\n<\/tr>\n<tr class=\"row-2\">\n\t<td colspan=\"2\" class=\"column-4\"><center>2000 PSI<\/td><td colspan=\"2\" class=\"column-6\"><center>3000 PSI<\/td><td colspan=\"2\" class=\"column-8\"><center>4000 PSI<\/td>\n<\/tr>\n<tr class=\"row-3\">\n\t<td class=\"column-4\"><center>TENSION (LBS)<\/td><td class=\"column-5\"><center>SHEAR (LBS)<\/td><td class=\"column-6\"><center>TENSION (LBS)<\/td><td class=\"column-7\"><center>SHEAR (LBS)<\/td><td class=\"column-8\"><center>TENSION (LBS)<\/td><td class=\"column-9\"><center>SHEAR (LBS)<\/td>\n<\/tr>\n<tr class=\"row-4\">\n\t<td rowspan=\"2\" class=\"column-1\"><center>T4<br \/>\nStraight Shank<\/td><td rowspan=\"2\" class=\"column-2\"><center>0.125<\/td><td class=\"column-3\"><center>5\/8<\/td><td class=\"column-4\"><strong><center>83<\/strong>    |    <em>414<\/td><td class=\"column-5\"><strong><center>109 <\/strong>   |    <em>611<\/td><td class=\"column-6\"><center>-----    |    -----<\/td><td class=\"column-7\"><center>-----    |    -----<\/td><td class=\"column-8\"><strong><center>78<\/strong>    |    <em>426<\/td><td class=\"column-9\"><strong><center>80 <\/strong>   |    <em>574<\/td>\n<\/tr>\n<tr class=\"row-5\">\n\t<td class=\"column-3\"><center>3\/4<\/td><td class=\"column-4\"><strong><center>107<\/strong>    |    <em>541<\/td><td class=\"column-5\"><strong><center>156 <\/strong>   |    <em>855<\/td><td class=\"column-6\"><center>-----    |    -----<\/td><td class=\"column-7\"><center>-----    |    -----<\/td><td class=\"column-8\"><strong><center>104 <\/strong>   |    <em>593<\/td><td class=\"column-9\"><strong><center>195<\/strong>    |    <em>977<\/td>\n<\/tr>\n<tr class=\"row-6\">\n\t<td rowspan=\"3\" class=\"column-1\"><strong><center>PART <br \/>\nNUMBER <br \/>\nSERIES<\/td><td rowspan=\"3\" class=\"column-2\"><strong><center>SHANK <br \/>\nDIAMETER <br \/>\n(INCH)<\/td><td rowspan=\"3\" class=\"column-3\"><strong><center>MINIMUM <br \/>\nPENETRATION <br \/>\n(INCH)<\/td><td colspan=\"6\" class=\"column-4\"><strong><center>INSTALLED IN STONE AGGREGATE CONCRETE \u2013 CONCRETE COMPRESSIVE STRENGTH ALLOWABLE LOAD <\/strong>\u2013  Ultimate Load<\/td>\n<\/tr>\n<tr class=\"row-7\">\n\t<td colspan=\"2\" class=\"column-4\"><center>3000 PSI<br \/>\nLIGHT WEIGHT CONCRETE<\/td><td colspan=\"2\" class=\"column-6\"><center>3000 PSI <br \/>\nLIGHT WEIGHT CONCRETE <br \/>\nWITH METAL DECK<\/td><td colspan=\"2\" class=\"column-8\"><center>HOLLOW CONCRETE MASONRY <br \/>\nUNITS (CMU) ANY LOCATION<\/td>\n<\/tr>\n<tr class=\"row-8\">\n\t<td class=\"column-4\"><center><h6>TENSION (LBS)<\/td><td class=\"column-5\"><center><h6>SHEAR (LBS)<\/td><td class=\"column-6\"><center><h6>TENSION (LBS)<\/td><td class=\"column-7\"><center><h6>SHEAR (LBS)<\/td><td class=\"column-8\"><center><h6>TENSION (LBS)<\/td><td class=\"column-9\"><center><h6>SHEAR (LBS)<\/td>\n<\/tr>\n<tr class=\"row-9\">\n\t<td rowspan=\"2\" class=\"column-1\"><center>T4<br \/>\nStraight Shank<\/td><td rowspan=\"2\" class=\"column-2\"><center>0.125<\/td><td class=\"column-3\"><center>5\/8<\/td><td class=\"column-4\"><strong><center>84 <\/strong>   |    <em>418<\/td><td class=\"column-5\"><strong><center>108<\/strong>    |    <em>540<\/td><td class=\"column-6\"><strong><center>72 <\/strong>   |    <em>361<\/td><td class=\"column-7\"><strong><center>242    |    <em>1210<\/td><td class=\"column-8\"><strong><center>20    <\/strong>|    <em>243<\/td><td class=\"column-9\"><strong><center>34 <\/strong>   |    <em>264<\/td>\n<\/tr>\n<tr class=\"row-10\">\n\t<td class=\"column-3\"><center>3\/4<\/td><td class=\"column-4\"><strong><center>108<\/strong>    |    <em>540<\/td><td class=\"column-5\"><strong><center>173<\/strong>    |    <em>864<\/td><td class=\"column-6\"><strong><center>93 <\/strong>   |    <em>470<\/td><td class=\"column-7\"><strong><center>288<\/strong>    |    <em>1442<\/td><td class=\"column-8\"><center>-----    |    -----<\/td><td class=\"column-9\"><center>-----    |    -----<\/td>\n<\/tr>\n<\/tbody>\n<\/table>\n\n<\/div><!-- #tablepress-14 from cache -->\n<p><strong>Remarque 1 :<\/strong> Les charges ADMISSIBLES sont indiqu\u00e9es en CARACT\u00c8RES GRAS, et les charges ultimes sont indiqu\u00e9es en police italique plus petite. <strong>Remarque 2 :<\/strong> Tests r\u00e9alis\u00e9s conform\u00e9ment aux normes CPI AC70 et ASTM E1190. <strong>Remarque 3 :<\/strong> Les facteurs de s\u00e9curit\u00e9 sont bas\u00e9s sur le coefficient de variation. Conform\u00e9ment \u00e0 la norme ICC AC70, le coefficient de s\u00e9curit\u00e9 sera pas moins de 5. <strong>Remarque 4 :<\/strong> Les valeurs indiqu\u00e9es dans le b\u00e9ton sont pour la fixation uniquement. Les membres connect\u00e9s doivent \u00eatre \u00e9tudi\u00e9s s\u00e9par\u00e9ment. <strong>Remarque 5 :<\/strong> La charge cyclique, la fatigue, les chocs et d\u2019autres crit\u00e8res de conception peuvent exiger un facteur de s\u00e9curit\u00e9 diff\u00e9rent. <strong>Remarque 6 :<\/strong> Les tests sur le chantier peuvent \u00eatre n\u00e9cessaires pour d\u00e9terminer les valeurs r\u00e9elles sur le chantier. <strong>Remarque 7 :<\/strong> La distance minimum aux bords dans le b\u00e9ton est de 3 pouces sauf autorisation contraire. <strong>Remarque 8 :<\/strong> Pour SI : 1 lbf = 4,448 N, 1 pouce = 25,4 mm, 1 ksi = 6,89 MPa <strong>Remarque 9 :<\/strong> La tension admissible dans la tige droite T3 dans la coquille de face CMU creuse est de 133 lb.<\/p>\n<h4><strong>APPROBATIONS ET HOMOLOGATIONS<\/strong><\/h4>\n<p><a href=\"https:\/\/ramset.ca\/wp-content\/uploads\/sites\/7\/2020\/09\/ESR-1955-T3MAG-Fasteners.pdf\">ICC ESR\u00a01955 \u2013Attaches<\/a><\/p>\n<p><a href=\"https:\/\/ramset.ca\/wp-content\/uploads\/sites\/7\/2020\/09\/RR-22668-COLA-1.pdf\">COLA\u00a0RR-22668 \u2013Attaches<\/a><\/p>\n<h4><strong>CENTRES AUTORIS\u00c9S DE SERVICE RAMSET <\/strong><\/h4>\n<p><strong><a href=\"https:\/\/ramset.ca\/fr\/approved-tool-service-centres\/\">Cliquez ici<\/a><\/strong> pour la liste des centres autoris\u00e9s de service Ramset<\/p>\n<hr \/>\n<p>&nbsp;<\/p>\n","protected":false},"excerpt":{"rendered":"<p>Le T4MAG de Ramset est l\u2019outil le mieux \u00e9quilibr\u00e9 sur le march\u00e9, et il est facile \u00e0 utiliser dans les airs. Avec 30 % plus de puissance pour faire le travail dans le b\u00e9ton le plus r\u00e9sistant, cet outil augmentera la productivit\u00e9 de votre chantier, tout en contribuant \u00e0 r\u00e9duire la fatigue de l\u2019utilisateur, et les temps d\u2019arr\u00eat.<\/p>\n","protected":false},"featured_media":8003,"template":"","meta":{"_acf_changed":false,"inline_featured_image":false},"product_brand":[],"product_cat":[150],"product_tag":[],"class_list":{"0":"post-7971","1":"product","2":"type-product","3":"status-publish","4":"has-post-thumbnail","6":"product_cat-outils-a-gaz","8":"first","9":"instock","10":"featured","11":"product-type-simple"},"acf":[],"yoast_head":"<!-- This site is optimized with the Yoast SEO plugin v27.2 - https:\/\/yoast.com\/product\/yoast-seo-wordpress\/ -->\n<title>T4 MAG - Ramset<\/title>\n<meta name=\"robots\" content=\"index, follow, max-snippet:-1, max-image-preview:large, max-video-preview:-1\" \/>\n<link rel=\"canonical\" href=\"https:\/\/ramset.ca\/fr\/produit\/t4mag\/\" \/>\n<meta property=\"og:locale\" content=\"fr_FR\" \/>\n<meta property=\"og:type\" content=\"article\" \/>\n<meta property=\"og:title\" content=\"T4 MAG - Ramset\" \/>\n<meta property=\"og:description\" content=\"Le T4MAG de Ramset est l\u2019outil le mieux \u00e9quilibr\u00e9 sur le march\u00e9, et il est facile \u00e0 utiliser dans les airs. Avec 30 % plus de puissance pour faire le travail dans le b\u00e9ton le plus r\u00e9sistant, cet outil augmentera la productivit\u00e9 de votre chantier, tout en contribuant \u00e0 r\u00e9duire la fatigue de l\u2019utilisateur, et les temps d\u2019arr\u00eat.\" \/>\n<meta property=\"og:url\" content=\"https:\/\/ramset.ca\/fr\/produit\/t4mag\/\" \/>\n<meta property=\"og:site_name\" content=\"Ramset\" \/>\n<meta property=\"article:modified_time\" content=\"2022-02-25T15:34:14+00:00\" \/>\n<meta property=\"og:image\" content=\"https:\/\/ramset.ca\/wp-content\/uploads\/sites\/7\/2021\/05\/Ramset_T4_LeftSide_1000x1000.png\" \/>\n\t<meta property=\"og:image:width\" content=\"1000\" \/>\n\t<meta property=\"og:image:height\" content=\"1000\" \/>\n\t<meta property=\"og:image:type\" content=\"image\/png\" \/>\n<meta name=\"twitter:card\" content=\"summary_large_image\" \/>\n<meta name=\"twitter:label1\" content=\"Dur\u00e9e de lecture estim\u00e9e\" \/>\n\t<meta name=\"twitter:data1\" content=\"3 minutes\" \/>\n<script type=\"application\/ld+json\" class=\"yoast-schema-graph\">{\"@context\":\"https:\/\/schema.org\",\"@graph\":[{\"@type\":\"WebPage\",\"@id\":\"https:\/\/ramset.ca\/fr\/produit\/t4mag\/\",\"url\":\"https:\/\/ramset.ca\/fr\/produit\/t4mag\/\",\"name\":\"T4 MAG - Ramset\",\"isPartOf\":{\"@id\":\"https:\/\/ramset.ca\/fr\/#website\"},\"primaryImageOfPage\":{\"@id\":\"https:\/\/ramset.ca\/fr\/produit\/t4mag\/#primaryimage\"},\"image\":{\"@id\":\"https:\/\/ramset.ca\/fr\/produit\/t4mag\/#primaryimage\"},\"thumbnailUrl\":\"https:\/\/ramset.ca\/wp-content\/uploads\/sites\/7\/2021\/05\/Ramset_T4_LeftSide_1000x1000.png\",\"datePublished\":\"2021-05-11T19:11:48+00:00\",\"dateModified\":\"2022-02-25T15:34:14+00:00\",\"breadcrumb\":{\"@id\":\"https:\/\/ramset.ca\/fr\/produit\/t4mag\/#breadcrumb\"},\"inLanguage\":\"fr-FR\",\"potentialAction\":[{\"@type\":\"ReadAction\",\"target\":[\"https:\/\/ramset.ca\/fr\/produit\/t4mag\/\"]}]},{\"@type\":\"ImageObject\",\"inLanguage\":\"fr-FR\",\"@id\":\"https:\/\/ramset.ca\/fr\/produit\/t4mag\/#primaryimage\",\"url\":\"https:\/\/ramset.ca\/wp-content\/uploads\/sites\/7\/2021\/05\/Ramset_T4_LeftSide_1000x1000.png\",\"contentUrl\":\"https:\/\/ramset.ca\/wp-content\/uploads\/sites\/7\/2021\/05\/Ramset_T4_LeftSide_1000x1000.png\",\"width\":1000,\"height\":1000},{\"@type\":\"BreadcrumbList\",\"@id\":\"https:\/\/ramset.ca\/fr\/produit\/t4mag\/#breadcrumb\",\"itemListElement\":[{\"@type\":\"ListItem\",\"position\":1,\"name\":\"Home\",\"item\":\"https:\/\/ramset.ca\/fr\/\"},{\"@type\":\"ListItem\",\"position\":2,\"name\":\"Boutique\",\"item\":\"https:\/\/ramset.ca\/fr\/boutique\/\"},{\"@type\":\"ListItem\",\"position\":3,\"name\":\"T4 MAG\"}]},{\"@type\":\"WebSite\",\"@id\":\"https:\/\/ramset.ca\/fr\/#website\",\"url\":\"https:\/\/ramset.ca\/fr\/\",\"name\":\"Ramset\",\"description\":\"Driving Jobsite Speed\",\"potentialAction\":[{\"@type\":\"SearchAction\",\"target\":{\"@type\":\"EntryPoint\",\"urlTemplate\":\"https:\/\/ramset.ca\/fr\/?s={search_term_string}\"},\"query-input\":{\"@type\":\"PropertyValueSpecification\",\"valueRequired\":true,\"valueName\":\"search_term_string\"}}],\"inLanguage\":\"fr-FR\"}]}<\/script>\n<!-- \/ Yoast SEO plugin. -->","yoast_head_json":{"title":"T4 MAG - Ramset","robots":{"index":"index","follow":"follow","max-snippet":"max-snippet:-1","max-image-preview":"max-image-preview:large","max-video-preview":"max-video-preview:-1"},"canonical":"https:\/\/ramset.ca\/fr\/produit\/t4mag\/","og_locale":"fr_FR","og_type":"article","og_title":"T4 MAG - Ramset","og_description":"Le T4MAG de Ramset est l\u2019outil le mieux \u00e9quilibr\u00e9 sur le march\u00e9, et il est facile \u00e0 utiliser dans les airs. Avec 30 % plus de puissance pour faire le travail dans le b\u00e9ton le plus r\u00e9sistant, cet outil augmentera la productivit\u00e9 de votre chantier, tout en contribuant \u00e0 r\u00e9duire la fatigue de l\u2019utilisateur, et les temps d\u2019arr\u00eat.","og_url":"https:\/\/ramset.ca\/fr\/produit\/t4mag\/","og_site_name":"Ramset","article_modified_time":"2022-02-25T15:34:14+00:00","og_image":[{"width":1000,"height":1000,"url":"https:\/\/ramset.ca\/wp-content\/uploads\/sites\/7\/2021\/05\/Ramset_T4_LeftSide_1000x1000.png","type":"image\/png"}],"twitter_card":"summary_large_image","twitter_misc":{"Dur\u00e9e de lecture estim\u00e9e":"3 minutes"},"schema":{"@context":"https:\/\/schema.org","@graph":[{"@type":"WebPage","@id":"https:\/\/ramset.ca\/fr\/produit\/t4mag\/","url":"https:\/\/ramset.ca\/fr\/produit\/t4mag\/","name":"T4 MAG - Ramset","isPartOf":{"@id":"https:\/\/ramset.ca\/fr\/#website"},"primaryImageOfPage":{"@id":"https:\/\/ramset.ca\/fr\/produit\/t4mag\/#primaryimage"},"image":{"@id":"https:\/\/ramset.ca\/fr\/produit\/t4mag\/#primaryimage"},"thumbnailUrl":"https:\/\/ramset.ca\/wp-content\/uploads\/sites\/7\/2021\/05\/Ramset_T4_LeftSide_1000x1000.png","datePublished":"2021-05-11T19:11:48+00:00","dateModified":"2022-02-25T15:34:14+00:00","breadcrumb":{"@id":"https:\/\/ramset.ca\/fr\/produit\/t4mag\/#breadcrumb"},"inLanguage":"fr-FR","potentialAction":[{"@type":"ReadAction","target":["https:\/\/ramset.ca\/fr\/produit\/t4mag\/"]}]},{"@type":"ImageObject","inLanguage":"fr-FR","@id":"https:\/\/ramset.ca\/fr\/produit\/t4mag\/#primaryimage","url":"https:\/\/ramset.ca\/wp-content\/uploads\/sites\/7\/2021\/05\/Ramset_T4_LeftSide_1000x1000.png","contentUrl":"https:\/\/ramset.ca\/wp-content\/uploads\/sites\/7\/2021\/05\/Ramset_T4_LeftSide_1000x1000.png","width":1000,"height":1000},{"@type":"BreadcrumbList","@id":"https:\/\/ramset.ca\/fr\/produit\/t4mag\/#breadcrumb","itemListElement":[{"@type":"ListItem","position":1,"name":"Home","item":"https:\/\/ramset.ca\/fr\/"},{"@type":"ListItem","position":2,"name":"Boutique","item":"https:\/\/ramset.ca\/fr\/boutique\/"},{"@type":"ListItem","position":3,"name":"T4 MAG"}]},{"@type":"WebSite","@id":"https:\/\/ramset.ca\/fr\/#website","url":"https:\/\/ramset.ca\/fr\/","name":"Ramset","description":"Driving Jobsite Speed","potentialAction":[{"@type":"SearchAction","target":{"@type":"EntryPoint","urlTemplate":"https:\/\/ramset.ca\/fr\/?s={search_term_string}"},"query-input":{"@type":"PropertyValueSpecification","valueRequired":true,"valueName":"search_term_string"}}],"inLanguage":"fr-FR"}]}},"_links":{"self":[{"href":"https:\/\/ramset.ca\/fr\/wp-json\/wp\/v2\/product\/7971","targetHints":{"allow":["GET"]}}],"collection":[{"href":"https:\/\/ramset.ca\/fr\/wp-json\/wp\/v2\/product"}],"about":[{"href":"https:\/\/ramset.ca\/fr\/wp-json\/wp\/v2\/types\/product"}],"wp:featuredmedia":[{"embeddable":true,"href":"https:\/\/ramset.ca\/fr\/wp-json\/wp\/v2\/media\/8003"}],"wp:attachment":[{"href":"https:\/\/ramset.ca\/fr\/wp-json\/wp\/v2\/media?parent=7971"}],"wp:term":[{"taxonomy":"product_brand","embeddable":true,"href":"https:\/\/ramset.ca\/fr\/wp-json\/wp\/v2\/product_brand?post=7971"},{"taxonomy":"product_cat","embeddable":true,"href":"https:\/\/ramset.ca\/fr\/wp-json\/wp\/v2\/product_cat?post=7971"},{"taxonomy":"product_tag","embeddable":true,"href":"https:\/\/ramset.ca\/fr\/wp-json\/wp\/v2\/product_tag?post=7971"}],"curies":[{"name":"wp","href":"https:\/\/api.w.org\/{rel}","templated":true}]}}