{"id":7600,"date":"2020-09-23T17:21:41","date_gmt":"2020-09-23T17:21:41","guid":{"rendered":"https:\/\/ramset.ca\/product\/insulfast-fasteners\/"},"modified":"2021-03-26T03:10:03","modified_gmt":"2021-03-26T03:10:03","slug":"insulfast-fasteners","status":"publish","type":"product","link":"https:\/\/ramset.ca\/fr\/produit\/insulfast-fasteners\/","title":{"rendered":"Attaches InsulFast"},"content":{"rendered":"<h4><strong>AVANTAGES<\/strong><\/h4>\n<ul>\n<li>L\u2019attache n\u2019effondrera pas le bloc creux comme les attaches actionn\u00e9es par la poudre<\/li>\n<li>\u00c9limine le probl\u00e8me de l\u2019isolant endommag\u00e9 due aux charges de vent lorsqu\u2019il est fix\u00e9 avec des broches \u00e0 b\u00e2ton<\/li>\n<li>Fixez \u00e0 la laine min\u00e9rale, au polystyr\u00e8ne expans\u00e9 et au polystyr\u00e8ne extrud\u00e9<\/li>\n<li>Fabriqu\u00e9 \u00e0 partir de plastique poly\u00e9thyl\u00e8ne haute densit\u00e9 (PEHD)<\/li>\n<li>Efficacit\u00e9 thermique de 99,4\u00a0% pour l\u2019isolation de 6\u00a0po avec capuchon thermique\n<p><strong><a href=\"https:\/\/ramset.ca\/wp-content\/uploads\/sites\/7\/2020\/09\/I-F-Fasteners-Full-Catalog-Pages.pdf\" target=\"_blank\" rel=\"noopener noreferrer\">Cliquez ici pour consulter les pages compl\u00e8tes du catalogue des attaches InsulFast.<\/a><\/strong><\/li>\n<\/ul>\n<h4><strong>SP\u00c9CIFICATIONS DE L&rsquo;ATTACHE<\/strong><\/h4>\n<p>L\u2019attache est fabriqu\u00e9e au Canada et l\u2019assemblage est clairement marqu\u00e9 Ramset avec la longueur de l\u2019assemblage d\u2019attache.<\/p>\n<p><strong>Mat\u00e9riau de l&rsquo;attache :<\/strong> Acier au carbone trait\u00e9 thermiquement<\/p>\n<p><strong>Finition de la broche <\/strong><strong>:<\/strong> M\u00e9caniquement zing\u00e9e<\/p>\n<p><strong>Mat\u00e9riel de la rondelle :<\/strong> Poly\u00e9thyl\u00e8ne haute densit\u00e9 (HDPE)<\/p>\n<p><strong>Diam\u00e8tre de la tige :<\/strong> 3\/8 po&rsquo;<\/p>\n<p>Les attaches utilis\u00e9es pour fixer l\u2019isolant (laine min\u00e9rale, polystyr\u00e8ne expans\u00e9 et polystyr\u00e8ne extrud\u00e9) dans la ma\u00e7onnerie pleine, le bloc de b\u00e9ton creux et les montants en acier doivent \u00eatre des attaches IF Ramset. La fixation IF doit \u00eatre fix\u00e9e \u00e0 l\u2019aide de l\u2019outil \u00e0 gaz Ramset T4 IF ou de l\u2019outil Cobra+ avec la trousse Cobra+ InsulFast. L\u2019attache IF est faite de plastique poly\u00e9thyl\u00e8ne haute densit\u00e9 (PEHD) et a un diam\u00e8tre de retenue de 2-3\/8 po (60 mm) avec le marquage du logo Ramset.<\/p>\n<h4><strong>PERFORMANCE THERMIQUE DES ENVELOPPES DE B\u00c2TIMENT<\/strong><\/h4>\n<p>Dans les b\u00e2timents, lorsque le mat\u00e9riau isolant est interrompu par un mat\u00e9riau hautement conducteur, un pont thermique se forme. Des exemples de ponts thermiques comprennent des broches en acier qui interrompent la continuit\u00e9 de l\u2019isolant en matelas et traversent des murs ext\u00e9rieurs fortement isol\u00e9s. En termes simples, les ponts thermiques se produisent lorsque les diff\u00e9rences de conductivit\u00e9 thermique des mat\u00e9riaux entra\u00eenent un flux de chaleur lat\u00e9ral important; par exemple de la chaleur circulant le long de la surface d\u2019un mur puis traversant le mur via une tige en acier.<\/p>\n<p>Les calculs effectu\u00e9s par le laboratoire Advanced Thermal\/Fluids Optimization, Modeling and Simulation (ATOMS) du d\u00e9partement de g\u00e9nie m\u00e9canique et industriel de l\u2019universit\u00e9 de Toronto montrent que le Ramset T4 IF est plus de 99 % efficace, tandis que les broches \u00e0 b\u00e2ton peuvent diminuer l\u2019efficacit\u00e9 de plus plus de 10 %.<\/p>\n<div id=\"tablepress-12-scroll-wrapper\" class=\"tablepress-scroll-wrapper\">\n\n<table id=\"tablepress-12\" class=\"tablepress tablepress-id-12 tablepress-responsive tbody-has-connected-cells\">\n<tbody class=\"row-striping\">\n<tr class=\"row-1\">\n\t<td colspan=\"2\" rowspan=\"2\" class=\"column-1\"><\/td><td colspan=\"6\" class=\"column-3\"><center><strong>Insulation Thickness<\/td>\n<\/tr>\n<tr class=\"row-2\">\n\t<td class=\"column-3\"><center><strong>1 in<\/td><td class=\"column-4\"><center><strong>2 in<\/td><td class=\"column-5\"><center><strong>3 in<\/td><td class=\"column-6\"><center><strong>4 in<\/td><td class=\"column-7\"><center><strong>5 in<\/td><td class=\"column-8\"><center><strong>6 in<\/td>\n<\/tr>\n<tr class=\"row-3\">\n\t<td rowspan=\"2\" class=\"column-1\"><strong>Reference<\/td><td class=\"column-2\">U \u2013 Factor (W\/m2 \u00b0C)<\/td><td class=\"column-3\">1.1786<\/td><td class=\"column-4\">0.7122<\/td><td class=\"column-5\">0.5103<\/td><td class=\"column-6\">0.3976<\/td><td class=\"column-7\">0.3257<\/td><td class=\"column-8\">0.2758<\/td>\n<\/tr>\n<tr class=\"row-4\">\n\t<td class=\"column-2\"><strong>Efficiency (%)<\/td><td class=\"column-3\">100.00%<\/td><td class=\"column-4\">100.00%<\/td><td class=\"column-5\">100.00%<\/td><td class=\"column-6\">100.00%<\/td><td class=\"column-7\">100.00%<\/td><td class=\"column-8\">100.00%<\/td>\n<\/tr>\n<tr class=\"row-5\">\n\t<td rowspan=\"2\" class=\"column-1\"><strong>Stick Pin<\/td><td class=\"column-2\">U \u2013 Factor (W\/m2 \u00b0C)<\/td><td class=\"column-3\">1.2422<\/td><td class=\"column-4\">0.7706<\/td><td class=\"column-5\">0.5597<\/td><td class=\"column-6\">0.4397<\/td><td class=\"column-7\">0.3621<\/td><td class=\"column-8\">0.3078<\/td>\n<\/tr>\n<tr class=\"row-6\">\n\t<td class=\"column-2\"><strong>Efficiency (%)<\/td><td class=\"column-3\">94.88%<\/td><td class=\"column-4\">92.42%<\/td><td class=\"column-5\">91.17%<\/td><td class=\"column-6\">90.43%<\/td><td class=\"column-7\">89.94%<\/td><td class=\"column-8\">89.59%<\/td>\n<\/tr>\n<tr class=\"row-7\">\n\t<td rowspan=\"2\" class=\"column-1\"><strong>InsulFast\u2122<\/td><td class=\"column-2\">U \u2013 Factor (W\/m2 \u00b0C)<\/td><td class=\"column-3\">1.1845<\/td><td class=\"column-4\">0.7162<\/td><td class=\"column-5\">0.5132<\/td><td class=\"column-6\">0.3999<\/td><td class=\"column-7\">0.3276<\/td><td class=\"column-8\">0.2773<\/td>\n<\/tr>\n<tr class=\"row-8\">\n\t<td class=\"column-2\"><strong>Efficiency (%)<\/td><td class=\"column-3\">99.50%<\/td><td class=\"column-4\">99.45%<\/td><td class=\"column-5\">99.44%<\/td><td class=\"column-6\">99.43%<\/td><td class=\"column-7\">99.42%<\/td><td class=\"column-8\">99.42%<\/td>\n<\/tr>\n<\/tbody>\n<\/table>\n\n<\/div><!-- #tablepress-12 from cache -->\n<p>Ces ponts thermiques contribuent \u00e0 une multitude de probl\u00e8mes, notamment, mais sans s\u2019y limiter :<\/p>\n<ul>\n<li>Consommation d\u2019\u00e9nergie accrue pendant les saisons de chauffage et de climatisation<\/li>\n<li>Condensation sur la surface int\u00e9rieure qui entra\u00eene:<\/li>\n<\/ul>\n<p>\u00b0 Niveaux d\u2019humidit\u00e9 \u00e9lev\u00e9s pouvant entra\u00eener des concentrations inhabituelles de contaminants en suspension dans l\u2019air et une croissance microbienne<br \/>\n\u00b0 Probl\u00e8mes de rouille pouvant endommager la structure<\/p>\n<hr \/>\n<p>&nbsp;<\/p>\n","protected":false},"excerpt":{"rendered":"<p>Le syst\u00e8me Ramset InsulFast est 4 fois plus rapide et plus s\u00fbr que la m\u00e9thode d\u2019installation traditionnelle des broches de b\u00e2ton.\u00a0 Arm\u00e9 d\u2019un capuchon thermique int\u00e9gr\u00e9, il offre une efficacit\u00e9 thermique am\u00e9lior\u00e9e jusqu\u2019\u00e0 99,4 %.<\/p>\n","protected":false},"featured_media":7602,"template":"","meta":{"_acf_changed":false,"inline_featured_image":false},"product_brand":[],"product_cat":[152],"product_tag":[],"class_list":{"0":"post-7600","1":"product","2":"type-product","3":"status-publish","4":"has-post-thumbnail","6":"product_cat-broches-et-charges","8":"first","9":"instock","10":"product-type-simple"},"acf":[],"yoast_head":"<!-- This site is optimized with the Yoast SEO plugin v27.2 - https:\/\/yoast.com\/product\/yoast-seo-wordpress\/ -->\n<title>Attaches InsulFast - Ramset<\/title>\n<meta name=\"robots\" content=\"index, follow, max-snippet:-1, max-image-preview:large, max-video-preview:-1\" \/>\n<link rel=\"canonical\" href=\"https:\/\/ramset.ca\/fr\/produit\/insulfast-fasteners\/\" \/>\n<meta property=\"og:locale\" content=\"fr_FR\" \/>\n<meta property=\"og:type\" content=\"article\" \/>\n<meta property=\"og:title\" content=\"Attaches InsulFast - Ramset\" \/>\n<meta property=\"og:description\" content=\"Le syst\u00e8me Ramset InsulFast est 4 fois plus rapide et plus s\u00fbr que la m\u00e9thode d\u2019installation traditionnelle des broches de b\u00e2ton.\u00a0 Arm\u00e9 d\u2019un capuchon thermique int\u00e9gr\u00e9, il offre une efficacit\u00e9 thermique am\u00e9lior\u00e9e jusqu\u2019\u00e0 99,4 %.\" \/>\n<meta property=\"og:url\" content=\"https:\/\/ramset.ca\/fr\/produit\/insulfast-fasteners\/\" \/>\n<meta property=\"og:site_name\" content=\"Ramset\" \/>\n<meta property=\"article:modified_time\" content=\"2021-03-26T03:10:03+00:00\" \/>\n<meta property=\"og:image\" content=\"https:\/\/ramset.ca\/wp-content\/uploads\/sites\/7\/2020\/09\/IF_Pins.png\" \/>\n\t<meta property=\"og:image:width\" content=\"1000\" \/>\n\t<meta property=\"og:image:height\" content=\"1000\" \/>\n\t<meta property=\"og:image:type\" content=\"image\/png\" \/>\n<meta name=\"twitter:card\" content=\"summary_large_image\" \/>\n<meta name=\"twitter:label1\" content=\"Dur\u00e9e de lecture estim\u00e9e\" \/>\n\t<meta name=\"twitter:data1\" content=\"2 minutes\" \/>\n<script type=\"application\/ld+json\" class=\"yoast-schema-graph\">{\"@context\":\"https:\/\/schema.org\",\"@graph\":[{\"@type\":\"WebPage\",\"@id\":\"https:\/\/ramset.ca\/fr\/produit\/insulfast-fasteners\/\",\"url\":\"https:\/\/ramset.ca\/fr\/produit\/insulfast-fasteners\/\",\"name\":\"Attaches InsulFast - Ramset\",\"isPartOf\":{\"@id\":\"https:\/\/ramset.ca\/fr\/#website\"},\"primaryImageOfPage\":{\"@id\":\"https:\/\/ramset.ca\/fr\/produit\/insulfast-fasteners\/#primaryimage\"},\"image\":{\"@id\":\"https:\/\/ramset.ca\/fr\/produit\/insulfast-fasteners\/#primaryimage\"},\"thumbnailUrl\":\"https:\/\/ramset.ca\/wp-content\/uploads\/sites\/7\/2020\/09\/IF_Pins.png\",\"datePublished\":\"2020-09-23T17:21:41+00:00\",\"dateModified\":\"2021-03-26T03:10:03+00:00\",\"breadcrumb\":{\"@id\":\"https:\/\/ramset.ca\/fr\/produit\/insulfast-fasteners\/#breadcrumb\"},\"inLanguage\":\"fr-FR\",\"potentialAction\":[{\"@type\":\"ReadAction\",\"target\":[\"https:\/\/ramset.ca\/fr\/produit\/insulfast-fasteners\/\"]}]},{\"@type\":\"ImageObject\",\"inLanguage\":\"fr-FR\",\"@id\":\"https:\/\/ramset.ca\/fr\/produit\/insulfast-fasteners\/#primaryimage\",\"url\":\"https:\/\/ramset.ca\/wp-content\/uploads\/sites\/7\/2020\/09\/IF_Pins.png\",\"contentUrl\":\"https:\/\/ramset.ca\/wp-content\/uploads\/sites\/7\/2020\/09\/IF_Pins.png\",\"width\":1000,\"height\":1000},{\"@type\":\"BreadcrumbList\",\"@id\":\"https:\/\/ramset.ca\/fr\/produit\/insulfast-fasteners\/#breadcrumb\",\"itemListElement\":[{\"@type\":\"ListItem\",\"position\":1,\"name\":\"Home\",\"item\":\"https:\/\/ramset.ca\/fr\/\"},{\"@type\":\"ListItem\",\"position\":2,\"name\":\"Boutique\",\"item\":\"https:\/\/ramset.ca\/fr\/boutique\/\"},{\"@type\":\"ListItem\",\"position\":3,\"name\":\"Attaches InsulFast\"}]},{\"@type\":\"WebSite\",\"@id\":\"https:\/\/ramset.ca\/fr\/#website\",\"url\":\"https:\/\/ramset.ca\/fr\/\",\"name\":\"Ramset\",\"description\":\"Driving Jobsite Speed\",\"potentialAction\":[{\"@type\":\"SearchAction\",\"target\":{\"@type\":\"EntryPoint\",\"urlTemplate\":\"https:\/\/ramset.ca\/fr\/?s={search_term_string}\"},\"query-input\":{\"@type\":\"PropertyValueSpecification\",\"valueRequired\":true,\"valueName\":\"search_term_string\"}}],\"inLanguage\":\"fr-FR\"}]}<\/script>\n<!-- \/ Yoast SEO plugin. -->","yoast_head_json":{"title":"Attaches InsulFast - Ramset","robots":{"index":"index","follow":"follow","max-snippet":"max-snippet:-1","max-image-preview":"max-image-preview:large","max-video-preview":"max-video-preview:-1"},"canonical":"https:\/\/ramset.ca\/fr\/produit\/insulfast-fasteners\/","og_locale":"fr_FR","og_type":"article","og_title":"Attaches InsulFast - Ramset","og_description":"Le syst\u00e8me Ramset InsulFast est 4 fois plus rapide et plus s\u00fbr que la m\u00e9thode d\u2019installation traditionnelle des broches de b\u00e2ton.\u00a0 Arm\u00e9 d\u2019un capuchon thermique int\u00e9gr\u00e9, il offre une efficacit\u00e9 thermique am\u00e9lior\u00e9e jusqu\u2019\u00e0 99,4 %.","og_url":"https:\/\/ramset.ca\/fr\/produit\/insulfast-fasteners\/","og_site_name":"Ramset","article_modified_time":"2021-03-26T03:10:03+00:00","og_image":[{"width":1000,"height":1000,"url":"https:\/\/ramset.ca\/wp-content\/uploads\/sites\/7\/2020\/09\/IF_Pins.png","type":"image\/png"}],"twitter_card":"summary_large_image","twitter_misc":{"Dur\u00e9e de lecture estim\u00e9e":"2 minutes"},"schema":{"@context":"https:\/\/schema.org","@graph":[{"@type":"WebPage","@id":"https:\/\/ramset.ca\/fr\/produit\/insulfast-fasteners\/","url":"https:\/\/ramset.ca\/fr\/produit\/insulfast-fasteners\/","name":"Attaches InsulFast - Ramset","isPartOf":{"@id":"https:\/\/ramset.ca\/fr\/#website"},"primaryImageOfPage":{"@id":"https:\/\/ramset.ca\/fr\/produit\/insulfast-fasteners\/#primaryimage"},"image":{"@id":"https:\/\/ramset.ca\/fr\/produit\/insulfast-fasteners\/#primaryimage"},"thumbnailUrl":"https:\/\/ramset.ca\/wp-content\/uploads\/sites\/7\/2020\/09\/IF_Pins.png","datePublished":"2020-09-23T17:21:41+00:00","dateModified":"2021-03-26T03:10:03+00:00","breadcrumb":{"@id":"https:\/\/ramset.ca\/fr\/produit\/insulfast-fasteners\/#breadcrumb"},"inLanguage":"fr-FR","potentialAction":[{"@type":"ReadAction","target":["https:\/\/ramset.ca\/fr\/produit\/insulfast-fasteners\/"]}]},{"@type":"ImageObject","inLanguage":"fr-FR","@id":"https:\/\/ramset.ca\/fr\/produit\/insulfast-fasteners\/#primaryimage","url":"https:\/\/ramset.ca\/wp-content\/uploads\/sites\/7\/2020\/09\/IF_Pins.png","contentUrl":"https:\/\/ramset.ca\/wp-content\/uploads\/sites\/7\/2020\/09\/IF_Pins.png","width":1000,"height":1000},{"@type":"BreadcrumbList","@id":"https:\/\/ramset.ca\/fr\/produit\/insulfast-fasteners\/#breadcrumb","itemListElement":[{"@type":"ListItem","position":1,"name":"Home","item":"https:\/\/ramset.ca\/fr\/"},{"@type":"ListItem","position":2,"name":"Boutique","item":"https:\/\/ramset.ca\/fr\/boutique\/"},{"@type":"ListItem","position":3,"name":"Attaches InsulFast"}]},{"@type":"WebSite","@id":"https:\/\/ramset.ca\/fr\/#website","url":"https:\/\/ramset.ca\/fr\/","name":"Ramset","description":"Driving Jobsite Speed","potentialAction":[{"@type":"SearchAction","target":{"@type":"EntryPoint","urlTemplate":"https:\/\/ramset.ca\/fr\/?s={search_term_string}"},"query-input":{"@type":"PropertyValueSpecification","valueRequired":true,"valueName":"search_term_string"}}],"inLanguage":"fr-FR"}]}},"_links":{"self":[{"href":"https:\/\/ramset.ca\/fr\/wp-json\/wp\/v2\/product\/7600","targetHints":{"allow":["GET"]}}],"collection":[{"href":"https:\/\/ramset.ca\/fr\/wp-json\/wp\/v2\/product"}],"about":[{"href":"https:\/\/ramset.ca\/fr\/wp-json\/wp\/v2\/types\/product"}],"wp:featuredmedia":[{"embeddable":true,"href":"https:\/\/ramset.ca\/fr\/wp-json\/wp\/v2\/media\/7602"}],"wp:attachment":[{"href":"https:\/\/ramset.ca\/fr\/wp-json\/wp\/v2\/media?parent=7600"}],"wp:term":[{"taxonomy":"product_brand","embeddable":true,"href":"https:\/\/ramset.ca\/fr\/wp-json\/wp\/v2\/product_brand?post=7600"},{"taxonomy":"product_cat","embeddable":true,"href":"https:\/\/ramset.ca\/fr\/wp-json\/wp\/v2\/product_cat?post=7600"},{"taxonomy":"product_tag","embeddable":true,"href":"https:\/\/ramset.ca\/fr\/wp-json\/wp\/v2\/product_tag?post=7600"}],"curies":[{"name":"wp","href":"https:\/\/api.w.org\/{rel}","templated":true}]}}