{"id":7591,"date":"2020-09-23T17:21:41","date_gmt":"2020-09-23T17:21:41","guid":{"rendered":"https:\/\/ramset.ca\/product\/powder-loads\/"},"modified":"2021-03-26T03:15:36","modified_gmt":"2021-03-26T03:15:36","slug":"powder-loads","status":"publish","type":"product","link":"https:\/\/ramset.ca\/fr\/produit\/powder-loads\/","title":{"rendered":"Charges de poudre"},"content":{"rendered":"<p><strong>Mise en garde\u00a0: <\/strong>Testez toujours la fixation avec le niveau de puissance le plus bas pour votre outil. Si plus de puissance est n\u00e9cessaire, utilisez le niveau de puissance suivant jusqu\u2019\u00e0 ce que le niveau et la fixation appropri\u00e9s soient atteints. Reportez-vous au manuel de l\u2019utilisateur pour plus de d\u00e9tails. Respectez tous les rappels de s\u00e9curit\u00e9. Les utilisateurs de l\u2019outil doivent \u00eatre form\u00e9s et qualifi\u00e9s conform\u00e9ment \u00e0 la loi f\u00e9d\u00e9rale. Une utilisation incorrecte peut entra\u00eener des blessures graves ou la mort des utilisateurs ou des observateurs. Le niveau de puissance est d\u00e9sign\u00e9 par le num\u00e9ro de niveau de charge marqu\u00e9 sur chaque bo\u00eete et par la couleur de la bo\u00eete et de chaque charge de poudre. \u00c0 mesure que le nombre augmente, le niveau de puissance augmente.<\/p>\n<p><strong><a href=\"https:\/\/ramset.ca\/wp-content\/uploads\/sites\/7\/2020\/09\/Powder-Loads-Full-Catalog-Pages.pdf\" target=\"_blank\" rel=\"noopener noreferrer\">Cliquez ici<\/a><\/strong> pour consulter les pages compl\u00e8tes du catalogue pour les charges de poudre<\/p>\n<h4><strong>GUIDE DE NIVEAU DE PUISSANCE POUR LES CHARGES<\/strong><\/h4>\n<p>Toutes les charges sont cod\u00e9es par couleur et num\u00e9rot\u00e9es selon le niveau de charge. \u00c0 mesure que le nombre augmente, le niveau de puissance augmente. Commencez toujours par la charge la plus l\u00e9g\u00e8re. Si la fixation ne s\u2019ins\u00e8re pas compl\u00e8tement, utilisez la charge sup\u00e9rieure suivante et r\u00e9p\u00e9tez le processus. Le niveau de puissance est d\u00e9sign\u00e9 par le num\u00e9ro de niveau de charge marqu\u00e9 sur chaque bo\u00eete et par la couleur de la bo\u00eete et de chaque charge de poudre. \u00c0 mesure que le nombre augmente, le niveau de puissance augmente.<\/p>\n<p><img loading=\"lazy\" decoding=\"async\" class=\"aligncenter wp-image-7149 size-large\" src=\"http:\/\/ramset.ca\/wp-content\/uploads\/sites\/7\/2020\/09\/ChoosingLoad-1024x572.png\" alt=\"\" width=\"1024\" height=\"572\" srcset=\"https:\/\/ramset.ca\/wp-content\/uploads\/sites\/7\/2020\/09\/ChoosingLoad-1024x572.png 1024w, https:\/\/ramset.ca\/wp-content\/uploads\/sites\/7\/2020\/09\/ChoosingLoad-300x168.png 300w, https:\/\/ramset.ca\/wp-content\/uploads\/sites\/7\/2020\/09\/ChoosingLoad-768x429.png 768w, https:\/\/ramset.ca\/wp-content\/uploads\/sites\/7\/2020\/09\/ChoosingLoad-600x335.png 600w, https:\/\/ramset.ca\/wp-content\/uploads\/sites\/7\/2020\/09\/ChoosingLoad.png 1112w\" sizes=\"auto, (max-width: 1024px) 100vw, 1024px\" \/><\/p>\n<h4><strong>IMPORTANT<\/strong><\/h4>\n<p>N\u2019oubliez pas de suivre et de r\u00e9ussir \u00e0 notre cours de certification des outils actionn\u00e9s par la poudre avant d\u2019utiliser un outil actionn\u00e9 par la poudre Ramset et d\u2019avoir sur vous votre licence chaque fois que vous utilisez un outil actionn\u00e9 par la poudre. <strong>Une certification est requise.<\/strong><\/p>\n","protected":false},"excerpt":{"rendered":"<p>Les charges de poudre et les outils Ramset correspondent aux tol\u00e9rances pour fournir une puissance optimale dans les normes de vitesse nationales reconnues. Offertes en disques de 10 charges \u00e0 code couleur, bandes de 10 charges et bo\u00eetes de 100 charges.<\/p>\n","protected":false},"featured_media":7592,"template":"","meta":{"_acf_changed":false,"inline_featured_image":false},"product_brand":[],"product_cat":[152],"product_tag":[],"class_list":{"0":"post-7591","1":"product","2":"type-product","3":"status-publish","4":"has-post-thumbnail","6":"product_cat-broches-et-charges","8":"first","9":"instock","10":"product-type-simple"},"acf":[],"yoast_head":"<!-- This site is optimized with the Yoast SEO plugin v27.2 - https:\/\/yoast.com\/product\/yoast-seo-wordpress\/ -->\n<title>Charges de poudre - Ramset<\/title>\n<meta name=\"robots\" content=\"index, follow, max-snippet:-1, max-image-preview:large, max-video-preview:-1\" \/>\n<link rel=\"canonical\" href=\"https:\/\/ramset.ca\/fr\/produit\/powder-loads\/\" \/>\n<meta property=\"og:locale\" content=\"fr_FR\" \/>\n<meta property=\"og:type\" content=\"article\" \/>\n<meta property=\"og:title\" content=\"Charges de poudre - Ramset\" \/>\n<meta property=\"og:description\" content=\"Les charges de poudre et les outils Ramset correspondent aux tol\u00e9rances pour fournir une puissance optimale dans les normes de vitesse nationales reconnues. Offertes en disques de 10 charges \u00e0 code couleur, bandes de 10 charges et bo\u00eetes de 100 charges.\" \/>\n<meta property=\"og:url\" content=\"https:\/\/ramset.ca\/fr\/produit\/powder-loads\/\" \/>\n<meta property=\"og:site_name\" content=\"Ramset\" \/>\n<meta property=\"article:modified_time\" content=\"2021-03-26T03:15:36+00:00\" \/>\n<meta property=\"og:image\" content=\"https:\/\/ramset.ca\/wp-content\/uploads\/sites\/7\/2020\/09\/Ramset_C3RS27_Loads_2.png\" \/>\n\t<meta property=\"og:image:width\" content=\"1000\" \/>\n\t<meta property=\"og:image:height\" content=\"1000\" \/>\n\t<meta property=\"og:image:type\" content=\"image\/png\" \/>\n<meta name=\"twitter:card\" content=\"summary_large_image\" \/>\n<meta name=\"twitter:label1\" content=\"Dur\u00e9e de lecture estim\u00e9e\" \/>\n\t<meta name=\"twitter:data1\" content=\"2 minutes\" \/>\n<script type=\"application\/ld+json\" class=\"yoast-schema-graph\">{\"@context\":\"https:\/\/schema.org\",\"@graph\":[{\"@type\":\"WebPage\",\"@id\":\"https:\/\/ramset.ca\/fr\/produit\/powder-loads\/\",\"url\":\"https:\/\/ramset.ca\/fr\/produit\/powder-loads\/\",\"name\":\"Charges de poudre - Ramset\",\"isPartOf\":{\"@id\":\"https:\/\/ramset.ca\/fr\/#website\"},\"primaryImageOfPage\":{\"@id\":\"https:\/\/ramset.ca\/fr\/produit\/powder-loads\/#primaryimage\"},\"image\":{\"@id\":\"https:\/\/ramset.ca\/fr\/produit\/powder-loads\/#primaryimage\"},\"thumbnailUrl\":\"https:\/\/ramset.ca\/wp-content\/uploads\/sites\/7\/2020\/09\/Ramset_C3RS27_Loads_2.png\",\"datePublished\":\"2020-09-23T17:21:41+00:00\",\"dateModified\":\"2021-03-26T03:15:36+00:00\",\"breadcrumb\":{\"@id\":\"https:\/\/ramset.ca\/fr\/produit\/powder-loads\/#breadcrumb\"},\"inLanguage\":\"fr-FR\",\"potentialAction\":[{\"@type\":\"ReadAction\",\"target\":[\"https:\/\/ramset.ca\/fr\/produit\/powder-loads\/\"]}]},{\"@type\":\"ImageObject\",\"inLanguage\":\"fr-FR\",\"@id\":\"https:\/\/ramset.ca\/fr\/produit\/powder-loads\/#primaryimage\",\"url\":\"https:\/\/ramset.ca\/wp-content\/uploads\/sites\/7\/2020\/09\/Ramset_C3RS27_Loads_2.png\",\"contentUrl\":\"https:\/\/ramset.ca\/wp-content\/uploads\/sites\/7\/2020\/09\/Ramset_C3RS27_Loads_2.png\",\"width\":1000,\"height\":1000},{\"@type\":\"BreadcrumbList\",\"@id\":\"https:\/\/ramset.ca\/fr\/produit\/powder-loads\/#breadcrumb\",\"itemListElement\":[{\"@type\":\"ListItem\",\"position\":1,\"name\":\"Home\",\"item\":\"https:\/\/ramset.ca\/fr\/\"},{\"@type\":\"ListItem\",\"position\":2,\"name\":\"Boutique\",\"item\":\"https:\/\/ramset.ca\/fr\/boutique\/\"},{\"@type\":\"ListItem\",\"position\":3,\"name\":\"Charges de poudre\"}]},{\"@type\":\"WebSite\",\"@id\":\"https:\/\/ramset.ca\/fr\/#website\",\"url\":\"https:\/\/ramset.ca\/fr\/\",\"name\":\"Ramset\",\"description\":\"Driving Jobsite Speed\",\"potentialAction\":[{\"@type\":\"SearchAction\",\"target\":{\"@type\":\"EntryPoint\",\"urlTemplate\":\"https:\/\/ramset.ca\/fr\/?s={search_term_string}\"},\"query-input\":{\"@type\":\"PropertyValueSpecification\",\"valueRequired\":true,\"valueName\":\"search_term_string\"}}],\"inLanguage\":\"fr-FR\"}]}<\/script>\n<!-- \/ Yoast SEO plugin. -->","yoast_head_json":{"title":"Charges de poudre - Ramset","robots":{"index":"index","follow":"follow","max-snippet":"max-snippet:-1","max-image-preview":"max-image-preview:large","max-video-preview":"max-video-preview:-1"},"canonical":"https:\/\/ramset.ca\/fr\/produit\/powder-loads\/","og_locale":"fr_FR","og_type":"article","og_title":"Charges de poudre - Ramset","og_description":"Les charges de poudre et les outils Ramset correspondent aux tol\u00e9rances pour fournir une puissance optimale dans les normes de vitesse nationales reconnues. Offertes en disques de 10 charges \u00e0 code couleur, bandes de 10 charges et bo\u00eetes de 100 charges.","og_url":"https:\/\/ramset.ca\/fr\/produit\/powder-loads\/","og_site_name":"Ramset","article_modified_time":"2021-03-26T03:15:36+00:00","og_image":[{"width":1000,"height":1000,"url":"https:\/\/ramset.ca\/wp-content\/uploads\/sites\/7\/2020\/09\/Ramset_C3RS27_Loads_2.png","type":"image\/png"}],"twitter_card":"summary_large_image","twitter_misc":{"Dur\u00e9e de lecture estim\u00e9e":"2 minutes"},"schema":{"@context":"https:\/\/schema.org","@graph":[{"@type":"WebPage","@id":"https:\/\/ramset.ca\/fr\/produit\/powder-loads\/","url":"https:\/\/ramset.ca\/fr\/produit\/powder-loads\/","name":"Charges de poudre - Ramset","isPartOf":{"@id":"https:\/\/ramset.ca\/fr\/#website"},"primaryImageOfPage":{"@id":"https:\/\/ramset.ca\/fr\/produit\/powder-loads\/#primaryimage"},"image":{"@id":"https:\/\/ramset.ca\/fr\/produit\/powder-loads\/#primaryimage"},"thumbnailUrl":"https:\/\/ramset.ca\/wp-content\/uploads\/sites\/7\/2020\/09\/Ramset_C3RS27_Loads_2.png","datePublished":"2020-09-23T17:21:41+00:00","dateModified":"2021-03-26T03:15:36+00:00","breadcrumb":{"@id":"https:\/\/ramset.ca\/fr\/produit\/powder-loads\/#breadcrumb"},"inLanguage":"fr-FR","potentialAction":[{"@type":"ReadAction","target":["https:\/\/ramset.ca\/fr\/produit\/powder-loads\/"]}]},{"@type":"ImageObject","inLanguage":"fr-FR","@id":"https:\/\/ramset.ca\/fr\/produit\/powder-loads\/#primaryimage","url":"https:\/\/ramset.ca\/wp-content\/uploads\/sites\/7\/2020\/09\/Ramset_C3RS27_Loads_2.png","contentUrl":"https:\/\/ramset.ca\/wp-content\/uploads\/sites\/7\/2020\/09\/Ramset_C3RS27_Loads_2.png","width":1000,"height":1000},{"@type":"BreadcrumbList","@id":"https:\/\/ramset.ca\/fr\/produit\/powder-loads\/#breadcrumb","itemListElement":[{"@type":"ListItem","position":1,"name":"Home","item":"https:\/\/ramset.ca\/fr\/"},{"@type":"ListItem","position":2,"name":"Boutique","item":"https:\/\/ramset.ca\/fr\/boutique\/"},{"@type":"ListItem","position":3,"name":"Charges de poudre"}]},{"@type":"WebSite","@id":"https:\/\/ramset.ca\/fr\/#website","url":"https:\/\/ramset.ca\/fr\/","name":"Ramset","description":"Driving Jobsite Speed","potentialAction":[{"@type":"SearchAction","target":{"@type":"EntryPoint","urlTemplate":"https:\/\/ramset.ca\/fr\/?s={search_term_string}"},"query-input":{"@type":"PropertyValueSpecification","valueRequired":true,"valueName":"search_term_string"}}],"inLanguage":"fr-FR"}]}},"_links":{"self":[{"href":"https:\/\/ramset.ca\/fr\/wp-json\/wp\/v2\/product\/7591","targetHints":{"allow":["GET"]}}],"collection":[{"href":"https:\/\/ramset.ca\/fr\/wp-json\/wp\/v2\/product"}],"about":[{"href":"https:\/\/ramset.ca\/fr\/wp-json\/wp\/v2\/types\/product"}],"wp:featuredmedia":[{"embeddable":true,"href":"https:\/\/ramset.ca\/fr\/wp-json\/wp\/v2\/media\/7592"}],"wp:attachment":[{"href":"https:\/\/ramset.ca\/fr\/wp-json\/wp\/v2\/media?parent=7591"}],"wp:term":[{"taxonomy":"product_brand","embeddable":true,"href":"https:\/\/ramset.ca\/fr\/wp-json\/wp\/v2\/product_brand?post=7591"},{"taxonomy":"product_cat","embeddable":true,"href":"https:\/\/ramset.ca\/fr\/wp-json\/wp\/v2\/product_cat?post=7591"},{"taxonomy":"product_tag","embeddable":true,"href":"https:\/\/ramset.ca\/fr\/wp-json\/wp\/v2\/product_tag?post=7591"}],"curies":[{"name":"wp","href":"https:\/\/api.w.org\/{rel}","templated":true}]}}