{"id":7587,"date":"2020-09-23T17:21:41","date_gmt":"2020-09-23T17:21:41","guid":{"rendered":"https:\/\/ramset.ca\/product\/powerpoint-pins\/"},"modified":"2021-03-31T04:00:39","modified_gmt":"2021-03-31T04:00:39","slug":"powerpoint-pins","status":"publish","type":"product","link":"https:\/\/ramset.ca\/fr\/produit\/powerpoint-pins\/","title":{"rendered":"Broches \u00e0 poudre"},"content":{"rendered":"<h4><strong>La r\u00e9duction des d\u00e9faillances de broches et l\u2019augmentation des valeurs de retenue pour rendre vos travaux plus productifs.\u00a0 \u00a0<\/strong><\/h4>\n<p><span style=\"color: #000000\"><strong>AVANTAGES<\/strong><\/span><\/p>\n<p>Ramset ne respecte que les normes les plus \u00e9lev\u00e9es en mati\u00e8re de mat\u00e9riaux, de techniques de production et de mesures de contr\u00f4le qualit\u00e9 utilis\u00e9es pour fabriquer nos attaches, garantissant une qualit\u00e9 uniforme et optimale de chaque attache.<\/p>\n<p><strong>BROCHES NOIRES<\/strong><br \/>\nLe rev\u00eatement noir sp\u00e9cial am\u00e9liore la p\u00e9n\u00e9tration des broches dans le mat\u00e9riau de base difficile (par exemple le b\u00e9ton dur). Nous offrons ce rev\u00eatement noir sur toutes nos attaches fabriqu\u00e9es pour la fixation de rails et de canaux pour cloisons s\u00e8ches au b\u00e9ton et \u00e0 l&rsquo;acier.<\/p>\n<p><span style=\"color: #000000\"><strong>BROCHES<\/strong><\/span><br \/>\nLes attaches ITW Ramset sont sp\u00e9cifiquement fabriqu\u00e9es pour r\u00e9pondre aux exigences rigoureuses de t\u00e9nacit\u00e9 et de durabilit\u00e9 qui leur permettent de p\u00e9n\u00e9trer dans le b\u00e9ton dense et l&rsquo;acier de qualit\u00e9 structurelle.<\/p>\n<p><strong><a href=\"https:\/\/ramset.ca\/wp-content\/uploads\/sites\/7\/2020\/09\/Powder-Pins-Full-Catalog.pdf\" target=\"_blank\" rel=\"noopener noreferrer\">Cliquez ici<\/a> pour consulter les pages compl\u00e8tes du catalogue des broches \u00e0 poudre<\/strong>; <a href=\"https:\/\/ramset.ca\/wp-content\/uploads\/sites\/7\/2020\/09\/Powder-Pins-Troubleshooting-Guide.pdf\" target=\"_blank\" rel=\"noopener noreferrer\"><strong>Cliquez ici<\/strong><\/a> pour le guide de d\u00e9pannage.<\/p>\n<h4><strong>SP\u00c9CIFICATIONS DES BROCHES<\/strong><\/h4>\n<p>Fabriqu\u00e9es \u00e0 partir d\u2019acier AISI 1060-1065. Soumises \u00e0 un processus de trempe bainitique \u00e0 une duret\u00e9 \u00e0 c\u0153ur de Rc 52-56<\/p>\n<p><strong>R\u00e9sistance \u00e0 la traction typique\u00a0<\/strong>: 270 000 lb\/po<sup>2<\/sup><\/p>\n<p><strong>R\u00e9sistance au cisaillement typique :<\/strong> 162 000 lb\/po<sup>2<\/sup><\/p>\n<p><strong>Finitions standard :<\/strong><\/p>\n<ul>\n<li>Noir exclusif<\/li>\n<li>Plaque de zinc m\u00e9canique d\u2019une \u00e9paisseur minimale de 0,0002 satisfait aux exigences d\u2019ASTM B695 \u2014 classe 5 de Type I<\/li>\n<\/ul>\n<p><strong><a href=\"https:\/\/ramset.ca\/wp-content\/uploads\/sites\/7\/2020\/09\/Powder-Pins-Selection-Chart-and-Performance-Table.pdf\" target=\"_blank\" rel=\"noopener noreferrer\">Cliquez ici<\/a><\/strong> pour t\u00e9l\u00e9charger les tableaux de performances.<\/p>\n<h4><strong>APPROBATIONS\/HOMOLOGATIONS<\/strong><\/h4>\n<p><a href=\"https:\/\/ramset.ca\/wp-content\/uploads\/sites\/7\/2020\/11\/ICC-ESR-1147-Sill-Plate.pdf\">ICC ESR-1147 &#8211; Plaque de seuil<\/a><\/p>\n<p><a href=\"https:\/\/ramset.ca\/wp-content\/uploads\/sites\/7\/2020\/09\/ESR-1799-T3SS-Fasteners.pdf\">ICC ESR-1799 &#8211; Broches et attaches \u00e0 poudre<\/a><\/p>\n<p><a href=\"https:\/\/ramset.ca\/wp-content\/uploads\/sites\/7\/2020\/09\/RR-22668-COLA-1.pdf\">RR-22668 &#8211; Broches \u00e0 poudre<\/a><\/p>\n<h4><strong>COMMENT CHOISIR UNE ATTACHE ACTIONN\u00c9E PAR LA POUDRE<\/strong><\/h4>\n<p>Les broches sont utilis\u00e9es pour fixer directement un objet (installation permanente). Les goujons filet\u00e9s sont utilis\u00e9s l\u00e0 o\u00f9 l&rsquo;objet fix\u00e9 doit \u00eatre retir\u00e9 et l\u00e0 o\u00f9 un calage est n\u00e9cessaire. Ce qui suit montre comment d\u00e9terminer la longueur de la tige et du filetage. La p\u00e9n\u00e9tration requise est d\u00e9termin\u00e9e par l&rsquo;exigence de charge (illustr\u00e9e dans les exemples suivants). Les fixations RAMSET peuvent \u00eatre sp\u00e9cifi\u00e9es par leur num\u00e9ro de type ou de catalogue pour correspondre aux exigences de fixation.<\/p>\n<h4><strong>CHOIX DE LA LONGUEUR D\u2019ATTACHE CORRECTE<\/strong><\/h4>\n<p>Les fixations de haute qualit\u00e9 offrent des performances constantes et fiables dans les applications de b\u00e9ton, de parpaings, de ma\u00e7onnerie et d&rsquo;acier. Le choix de l\u2019attache appropri\u00e9e pour la t\u00e2che garantira des r\u00e9sultats professionnels.<br \/>\n<span style=\"color: #000000\"><strong>A<\/strong><\/span> D\u00e9terminez l&rsquo;\u00e9paisseur du mat\u00e9riau \u00e0 fixer.<br \/>\n<span style=\"color: #000000\"><strong>B<\/strong><\/span> La fixation doit \u00eatre suffisamment longue pour s\u2019enfoncer environ 2,5 cm dans le b\u00e9ton, le bloc de ciment ou p\u00e9n\u00e9trer l&rsquo;\u00e9paisseur de l&rsquo;acier.<\/p>\n<h4><strong>GUIDE DE NIVEAU DE PUISSANCE POUR LES CHARGES<\/strong><\/h4>\n<p>Toutes les charges sont cod\u00e9es par couleur et num\u00e9rot\u00e9es selon le niveau de charge. \u00c0 mesure que le nombre augmente, le niveau de puissance augmente.<br \/>\nCommencez toujours par la charge la plus l\u00e9g\u00e8re. Si la fixation ne s\u2019ins\u00e8re pas compl\u00e8tement, utilisez la charge sup\u00e9rieure suivante et r\u00e9p\u00e9tez<br \/>\nle processus. <a href=\"https:\/\/ramset.ca\/product\/powder-loads\/\" target=\"_blank\" rel=\"noopener noreferrer\">Cliquez ici<\/a> pour en savoir plus sur nos charges de poudre.<\/p>\n<h4><strong>DES BROCHES QUI REL\u00c8VENT LES D\u00c9FIS<\/strong><\/h4>\n<p><span style=\"color: #000000\"><strong>Broches PowerPoint pour la fixation sur le b\u00e9ton dur et l&rsquo;acier<\/strong><\/span><\/p>\n<p>Utilisez les broches PowerPoint exclusives de Ramset pour vos applications de fixation avanc\u00e9es. Elles fournissent une meilleure p\u00e9n\u00e9tration dans l&rsquo;acier dur et le b\u00e9ton. Cela signifie une r\u00e9duction des d\u00e9fauts de broches et une augmentation des valeurs de retenue pour rendre vos travaux plus productifs.<\/p>\n<p><span style=\"color: #000000\"><strong>Performances uniformes dans l&rsquo;acier et le b\u00e9ton plus durs<br \/>\n<\/strong><\/span>Les broches standard actionn\u00e9es par la poudre se fixent de mani\u00e8re irr\u00e9guli\u00e8re dans l&rsquo;acier. Souvent, l&rsquo;acier est trop dur pour les broches traditionnelles. L&rsquo;acier est \u00e9galement incoh\u00e9rent car la duret\u00e9 varie. Selon l&rsquo;\u00e9chelle de duret\u00e9 Rockwell (Rb) accept\u00e9e par l&rsquo;industrie sid\u00e9rurgique, la r\u00e9sistance de l&rsquo;acier peut varier d&rsquo;un 54 Rb relativement mou \u00e0 un 88 Rb extr\u00eamement dur ou plus. Les broches standard commencent g\u00e9n\u00e9ralement \u00e0 d\u00e9faillir aux valeurs sup\u00e9rieures \u00e0 70 Rb. Cependant, des essais ont prouv\u00e9 que PowerPoint fonctionne de mani\u00e8re uniforme, m\u00eame lorsque l&rsquo;acier approche les 90 Rb!<strong>Broches Ramguard<sup>MC<\/sup> pour bois trait\u00e9 ACQ!<\/strong><\/p>\n<p>Comme bon nombre d&rsquo;entre vous le savent, des changements ont \u00e9t\u00e9 apport\u00e9s aux r\u00e8glements touchant le bois trait\u00e9 sous pression. Le bois trait\u00e9 \u00e0 l&rsquo;ACC, conforme aux normes de l&rsquo;industrie, n&rsquo;est plus produit \u00e0 des fins r\u00e9sidentielles. La plupart des nouveaux bois trait\u00e9s sous pression utilisent un traitement quaternaire de cuivre alcalin (ACQ). Il a \u00e9t\u00e9 confirm\u00e9 que l&rsquo;ACQ corrode l&rsquo;acier 2 \u00e0 4 fois plus rapidement que l&rsquo;ancien bois trait\u00e9 \u00e0 l&rsquo;ACC. Cela signifie que nos broches standard ne sont pas recommand\u00e9es pour une utilisation dans le bois trait\u00e9 ACQ. Ramset a mis au point un rev\u00eatement appel\u00e9 Ramguard<sup>MC<\/sup> \u00e0 utiliser dans tous les bois trait\u00e9s sous pression, y compris le nouveau bois trait\u00e9 ACQ. Le rev\u00eatement Ramguard offre une excellente r\u00e9sistance \u00e0 la corrosion qui rivalise avec l&rsquo;acier galvanis\u00e9 \u00e0 chaud et l&rsquo;acier inoxydable. Les versions \u00e0 rondelle de ces broches utilisent une broche rev\u00eatue de Ramguard et une rondelle avec un rev\u00eatement G185. Cette combinaison a \u00e9t\u00e9 d\u00e9velopp\u00e9e pour r\u00e9sister \u00e0 la corrosion rapide qui se produit parfois lors de l&rsquo;utilisation d&rsquo;attaches dans le nouveau bois trait\u00e9.<\/p>\n<hr \/>\n<p>&nbsp;<\/p>\n","protected":false},"excerpt":{"rendered":"<p>Les brochures \u00e0 poudre exclusives de Ramset facilitent la p\u00e9n\u00e9tration dans l&rsquo;acier dur et le b\u00e9ton. Nous ne maintenons que les normes les plus \u00e9lev\u00e9es en mati\u00e8re de mat\u00e9riaux, de techniques de production et de mesures de contr\u00f4le de la qualit\u00e9 utilis\u00e9es pour fabriquer nos attaches, garantissant une qualit\u00e9 constante et optimale de chaque attache.<\/p>\n","protected":false},"featured_media":7588,"template":"","meta":{"_acf_changed":false,"inline_featured_image":false},"product_brand":[],"product_cat":[152],"product_tag":[],"class_list":{"0":"post-7587","1":"product","2":"type-product","3":"status-publish","4":"has-post-thumbnail","6":"product_cat-broches-et-charges","8":"first","9":"instock","10":"product-type-simple"},"acf":[],"yoast_head":"<!-- This site is optimized with the Yoast SEO plugin v27.2 - https:\/\/yoast.com\/product\/yoast-seo-wordpress\/ -->\n<title>Broches \u00e0 poudre - Ramset<\/title>\n<meta name=\"robots\" content=\"index, follow, max-snippet:-1, max-image-preview:large, max-video-preview:-1\" \/>\n<link rel=\"canonical\" href=\"https:\/\/ramset.ca\/fr\/produit\/powerpoint-pins\/\" \/>\n<meta property=\"og:locale\" content=\"fr_FR\" \/>\n<meta property=\"og:type\" content=\"article\" \/>\n<meta property=\"og:title\" content=\"Broches \u00e0 poudre - Ramset\" \/>\n<meta property=\"og:description\" content=\"Les brochures \u00e0 poudre exclusives de Ramset facilitent la p\u00e9n\u00e9tration dans l&#039;acier dur et le b\u00e9ton. Nous ne maintenons que les normes les plus \u00e9lev\u00e9es en mati\u00e8re de mat\u00e9riaux, de techniques de production et de mesures de contr\u00f4le de la qualit\u00e9 utilis\u00e9es pour fabriquer nos attaches, garantissant une qualit\u00e9 constante et optimale de chaque attache.\" \/>\n<meta property=\"og:url\" content=\"https:\/\/ramset.ca\/fr\/produit\/powerpoint-pins\/\" \/>\n<meta property=\"og:site_name\" content=\"Ramset\" \/>\n<meta property=\"article:modified_time\" content=\"2021-03-31T04:00:39+00:00\" \/>\n<meta property=\"og:image\" content=\"https:\/\/ramset.ca\/wp-content\/uploads\/sites\/7\/2020\/09\/Powerpoint-Pins.png\" \/>\n\t<meta property=\"og:image:width\" content=\"1000\" \/>\n\t<meta property=\"og:image:height\" content=\"1000\" \/>\n\t<meta property=\"og:image:type\" content=\"image\/png\" \/>\n<meta name=\"twitter:card\" content=\"summary_large_image\" \/>\n<meta name=\"twitter:label1\" content=\"Dur\u00e9e de lecture estim\u00e9e\" \/>\n\t<meta name=\"twitter:data1\" content=\"5 minutes\" \/>\n<script type=\"application\/ld+json\" class=\"yoast-schema-graph\">{\"@context\":\"https:\/\/schema.org\",\"@graph\":[{\"@type\":\"WebPage\",\"@id\":\"https:\/\/ramset.ca\/fr\/produit\/powerpoint-pins\/\",\"url\":\"https:\/\/ramset.ca\/fr\/produit\/powerpoint-pins\/\",\"name\":\"Broches \u00e0 poudre - Ramset\",\"isPartOf\":{\"@id\":\"https:\/\/ramset.ca\/fr\/#website\"},\"primaryImageOfPage\":{\"@id\":\"https:\/\/ramset.ca\/fr\/produit\/powerpoint-pins\/#primaryimage\"},\"image\":{\"@id\":\"https:\/\/ramset.ca\/fr\/produit\/powerpoint-pins\/#primaryimage\"},\"thumbnailUrl\":\"https:\/\/ramset.ca\/wp-content\/uploads\/sites\/7\/2020\/09\/Powerpoint-Pins.png\",\"datePublished\":\"2020-09-23T17:21:41+00:00\",\"dateModified\":\"2021-03-31T04:00:39+00:00\",\"breadcrumb\":{\"@id\":\"https:\/\/ramset.ca\/fr\/produit\/powerpoint-pins\/#breadcrumb\"},\"inLanguage\":\"fr-FR\",\"potentialAction\":[{\"@type\":\"ReadAction\",\"target\":[\"https:\/\/ramset.ca\/fr\/produit\/powerpoint-pins\/\"]}]},{\"@type\":\"ImageObject\",\"inLanguage\":\"fr-FR\",\"@id\":\"https:\/\/ramset.ca\/fr\/produit\/powerpoint-pins\/#primaryimage\",\"url\":\"https:\/\/ramset.ca\/wp-content\/uploads\/sites\/7\/2020\/09\/Powerpoint-Pins.png\",\"contentUrl\":\"https:\/\/ramset.ca\/wp-content\/uploads\/sites\/7\/2020\/09\/Powerpoint-Pins.png\",\"width\":1000,\"height\":1000},{\"@type\":\"BreadcrumbList\",\"@id\":\"https:\/\/ramset.ca\/fr\/produit\/powerpoint-pins\/#breadcrumb\",\"itemListElement\":[{\"@type\":\"ListItem\",\"position\":1,\"name\":\"Home\",\"item\":\"https:\/\/ramset.ca\/fr\/\"},{\"@type\":\"ListItem\",\"position\":2,\"name\":\"Boutique\",\"item\":\"https:\/\/ramset.ca\/fr\/boutique\/\"},{\"@type\":\"ListItem\",\"position\":3,\"name\":\"Broches \u00e0 poudre\"}]},{\"@type\":\"WebSite\",\"@id\":\"https:\/\/ramset.ca\/fr\/#website\",\"url\":\"https:\/\/ramset.ca\/fr\/\",\"name\":\"Ramset\",\"description\":\"Driving Jobsite Speed\",\"potentialAction\":[{\"@type\":\"SearchAction\",\"target\":{\"@type\":\"EntryPoint\",\"urlTemplate\":\"https:\/\/ramset.ca\/fr\/?s={search_term_string}\"},\"query-input\":{\"@type\":\"PropertyValueSpecification\",\"valueRequired\":true,\"valueName\":\"search_term_string\"}}],\"inLanguage\":\"fr-FR\"}]}<\/script>\n<!-- \/ Yoast SEO plugin. -->","yoast_head_json":{"title":"Broches \u00e0 poudre - Ramset","robots":{"index":"index","follow":"follow","max-snippet":"max-snippet:-1","max-image-preview":"max-image-preview:large","max-video-preview":"max-video-preview:-1"},"canonical":"https:\/\/ramset.ca\/fr\/produit\/powerpoint-pins\/","og_locale":"fr_FR","og_type":"article","og_title":"Broches \u00e0 poudre - Ramset","og_description":"Les brochures \u00e0 poudre exclusives de Ramset facilitent la p\u00e9n\u00e9tration dans l'acier dur et le b\u00e9ton. Nous ne maintenons que les normes les plus \u00e9lev\u00e9es en mati\u00e8re de mat\u00e9riaux, de techniques de production et de mesures de contr\u00f4le de la qualit\u00e9 utilis\u00e9es pour fabriquer nos attaches, garantissant une qualit\u00e9 constante et optimale de chaque attache.","og_url":"https:\/\/ramset.ca\/fr\/produit\/powerpoint-pins\/","og_site_name":"Ramset","article_modified_time":"2021-03-31T04:00:39+00:00","og_image":[{"width":1000,"height":1000,"url":"https:\/\/ramset.ca\/wp-content\/uploads\/sites\/7\/2020\/09\/Powerpoint-Pins.png","type":"image\/png"}],"twitter_card":"summary_large_image","twitter_misc":{"Dur\u00e9e de lecture estim\u00e9e":"5 minutes"},"schema":{"@context":"https:\/\/schema.org","@graph":[{"@type":"WebPage","@id":"https:\/\/ramset.ca\/fr\/produit\/powerpoint-pins\/","url":"https:\/\/ramset.ca\/fr\/produit\/powerpoint-pins\/","name":"Broches \u00e0 poudre - Ramset","isPartOf":{"@id":"https:\/\/ramset.ca\/fr\/#website"},"primaryImageOfPage":{"@id":"https:\/\/ramset.ca\/fr\/produit\/powerpoint-pins\/#primaryimage"},"image":{"@id":"https:\/\/ramset.ca\/fr\/produit\/powerpoint-pins\/#primaryimage"},"thumbnailUrl":"https:\/\/ramset.ca\/wp-content\/uploads\/sites\/7\/2020\/09\/Powerpoint-Pins.png","datePublished":"2020-09-23T17:21:41+00:00","dateModified":"2021-03-31T04:00:39+00:00","breadcrumb":{"@id":"https:\/\/ramset.ca\/fr\/produit\/powerpoint-pins\/#breadcrumb"},"inLanguage":"fr-FR","potentialAction":[{"@type":"ReadAction","target":["https:\/\/ramset.ca\/fr\/produit\/powerpoint-pins\/"]}]},{"@type":"ImageObject","inLanguage":"fr-FR","@id":"https:\/\/ramset.ca\/fr\/produit\/powerpoint-pins\/#primaryimage","url":"https:\/\/ramset.ca\/wp-content\/uploads\/sites\/7\/2020\/09\/Powerpoint-Pins.png","contentUrl":"https:\/\/ramset.ca\/wp-content\/uploads\/sites\/7\/2020\/09\/Powerpoint-Pins.png","width":1000,"height":1000},{"@type":"BreadcrumbList","@id":"https:\/\/ramset.ca\/fr\/produit\/powerpoint-pins\/#breadcrumb","itemListElement":[{"@type":"ListItem","position":1,"name":"Home","item":"https:\/\/ramset.ca\/fr\/"},{"@type":"ListItem","position":2,"name":"Boutique","item":"https:\/\/ramset.ca\/fr\/boutique\/"},{"@type":"ListItem","position":3,"name":"Broches \u00e0 poudre"}]},{"@type":"WebSite","@id":"https:\/\/ramset.ca\/fr\/#website","url":"https:\/\/ramset.ca\/fr\/","name":"Ramset","description":"Driving Jobsite Speed","potentialAction":[{"@type":"SearchAction","target":{"@type":"EntryPoint","urlTemplate":"https:\/\/ramset.ca\/fr\/?s={search_term_string}"},"query-input":{"@type":"PropertyValueSpecification","valueRequired":true,"valueName":"search_term_string"}}],"inLanguage":"fr-FR"}]}},"_links":{"self":[{"href":"https:\/\/ramset.ca\/fr\/wp-json\/wp\/v2\/product\/7587","targetHints":{"allow":["GET"]}}],"collection":[{"href":"https:\/\/ramset.ca\/fr\/wp-json\/wp\/v2\/product"}],"about":[{"href":"https:\/\/ramset.ca\/fr\/wp-json\/wp\/v2\/types\/product"}],"wp:featuredmedia":[{"embeddable":true,"href":"https:\/\/ramset.ca\/fr\/wp-json\/wp\/v2\/media\/7588"}],"wp:attachment":[{"href":"https:\/\/ramset.ca\/fr\/wp-json\/wp\/v2\/media?parent=7587"}],"wp:term":[{"taxonomy":"product_brand","embeddable":true,"href":"https:\/\/ramset.ca\/fr\/wp-json\/wp\/v2\/product_brand?post=7587"},{"taxonomy":"product_cat","embeddable":true,"href":"https:\/\/ramset.ca\/fr\/wp-json\/wp\/v2\/product_cat?post=7587"},{"taxonomy":"product_tag","embeddable":true,"href":"https:\/\/ramset.ca\/fr\/wp-json\/wp\/v2\/product_tag?post=7587"}],"curies":[{"name":"wp","href":"https:\/\/api.w.org\/{rel}","templated":true}]}}