{"id":7585,"date":"2020-09-23T17:21:41","date_gmt":"2020-09-23T17:21:41","guid":{"rendered":"https:\/\/ramset.ca\/product\/triggershot\/"},"modified":"2021-03-26T18:10:49","modified_gmt":"2021-03-26T18:10:49","slug":"triggershot","status":"publish","type":"product","link":"https:\/\/ramset.ca\/fr\/produit\/triggershot\/","title":{"rendered":"Triggershot"},"content":{"rendered":"<h3><strong>Advantages<\/strong><\/h3>\n<ul>\n<li>Id\u00e9al pour les petits projets de bricolage<\/li>\n<li>\u00c0 utiliser pour une fixation instantan\u00e9e dans le b\u00e9ton, la ma\u00e7onnerie ou l\u2019acier<\/li>\n<li>La g\u00e2chette \u00e0 tir unique est facile \u00e0 utiliser<\/li>\n<li>Les applications courantes comprennent la charpente en 2\u00d74, les bo\u00eetiers \u00e9lectriques, les rails pour cloisons s\u00e8ches, les fourrures et les sous-planchers en contreplaqu\u00e9<\/li>\n<li>Poign\u00e9e rembourr\u00e9e pour plus de confort<\/li>\n<li>\u00c0 utiliser avec des charges de poudre de calibre\u00a00,22 et des fixations Ramset (non incluses)<\/li>\n<li>L\u2019outil sans marteau n\u00e9cessite des fixations de 1\/2 po \u00e0 3 po (non incluses)<\/li>\n<li><a href=\"https:\/\/www.ramset.com\/PATLicensing\/PATLicensingCourse.aspx#\/course\">N\u00e9cessite un permis d\u2019outil actionn\u00e9 par poudre Cliquez ici pour postuler<\/a><\/li>\n<\/ul>\n<p>&nbsp;<\/p>\n<p><strong><a href=\"https:\/\/ramset.ca\/product\/powerpoint-pins\/\" target=\"_blank\" rel=\"noopener noreferrer\">Cliquez ici <\/a><\/strong>pour en savoir plus sur les attaches \u00e0 poudre \u00e0 utiliser avec cet outil; <a href=\"https:\/\/ramset.ca\/product\/powder-loads\/\" target=\"_blank\" rel=\"noopener noreferrer\"><strong>Cliquez ici<\/strong><\/a> pour en savoir plus sur les charges de poudre \u00e0 utiliser avec cet outil; <strong><a href=\"https:\/\/ramset.ca\/fr\/approved-tool-service-centres\/\">Cliquez ici<\/a><\/strong> pour trouver le centre de service agr\u00e9\u00e9 des outils Ramset le plus proche.<\/p>\n<h4><strong>IMPORTANT!<\/strong><\/h4>\n<p>N\u2019oubliez pas de suivre et de r\u00e9ussir notre <strong>cours de certification des outils actionn\u00e9s par poudre<\/strong> avant d\u2019utiliser un <strong>outil actionn\u00e9 par poudre Ramset<\/strong> qui utilise des <strong>charges de poudre<\/strong> et ayez sur vous votre permis chaque fois que vous utilisez un outil actionn\u00e9 par poudre. <strong>Une certification est requise.<\/strong><\/p>\n","protected":false},"excerpt":{"rendered":"<p>Outil \u00e0 tir unique\u00a0\u2013 Activation par g\u00e2chette\u00a0\u2013 L\u2019outil actionn\u00e9 par la poudre Ramset TriggerShot de calibre\u00a00,22 est id\u00e9al pour r\u00e9aliser de petits projets de bricolage. \u00c0 utiliser pour une fixation instantan\u00e9e dans le b\u00e9ton, la ma\u00e7onnerie ou l\u2019acier. Cet outil pratique fonctionne avec des broches de 1\/2 po \u00e0 3 po (non incluses) et poss\u00e8de une g\u00e2chette \u00e0 tir unique conviviale.<\/p>\n","protected":false},"featured_media":7586,"template":"","meta":{"_acf_changed":false,"inline_featured_image":false},"product_brand":[],"product_cat":[151],"product_tag":[],"class_list":{"0":"post-7585","1":"product","2":"type-product","3":"status-publish","4":"has-post-thumbnail","6":"product_cat-outils-a-poudre","8":"first","9":"instock","10":"product-type-simple"},"acf":[],"yoast_head":"<!-- This site is optimized with the Yoast SEO plugin v27.2 - https:\/\/yoast.com\/product\/yoast-seo-wordpress\/ -->\n<title>Triggershot - Ramset<\/title>\n<meta name=\"robots\" content=\"index, follow, max-snippet:-1, max-image-preview:large, max-video-preview:-1\" \/>\n<link rel=\"canonical\" href=\"https:\/\/ramset.ca\/fr\/produit\/triggershot\/\" \/>\n<meta property=\"og:locale\" content=\"fr_FR\" \/>\n<meta property=\"og:type\" content=\"article\" \/>\n<meta property=\"og:title\" content=\"Triggershot - Ramset\" \/>\n<meta property=\"og:description\" content=\"Outil \u00e0 tir unique\u00a0\u2013 Activation par g\u00e2chette\u00a0\u2013 L\u2019outil actionn\u00e9 par la poudre Ramset TriggerShot de calibre\u00a00,22 est id\u00e9al pour r\u00e9aliser de petits projets de bricolage. \u00c0 utiliser pour une fixation instantan\u00e9e dans le b\u00e9ton, la ma\u00e7onnerie ou l\u2019acier. Cet outil pratique fonctionne avec des broches de 1\/2 po \u00e0 3 po (non incluses) et poss\u00e8de une g\u00e2chette \u00e0 tir unique conviviale.\" \/>\n<meta property=\"og:url\" content=\"https:\/\/ramset.ca\/fr\/produit\/triggershot\/\" \/>\n<meta property=\"og:site_name\" content=\"Ramset\" \/>\n<meta property=\"article:modified_time\" content=\"2021-03-26T18:10:49+00:00\" \/>\n<meta property=\"og:image\" content=\"https:\/\/ramset.ca\/wp-content\/uploads\/sites\/7\/2020\/09\/Ramset_45200_TriggerShot_Tool.png\" \/>\n\t<meta property=\"og:image:width\" content=\"453\" \/>\n\t<meta property=\"og:image:height\" content=\"453\" \/>\n\t<meta property=\"og:image:type\" content=\"image\/png\" \/>\n<meta name=\"twitter:card\" content=\"summary_large_image\" \/>\n<meta name=\"twitter:label1\" content=\"Dur\u00e9e de lecture estim\u00e9e\" \/>\n\t<meta name=\"twitter:data1\" content=\"1 minute\" \/>\n<script type=\"application\/ld+json\" class=\"yoast-schema-graph\">{\"@context\":\"https:\/\/schema.org\",\"@graph\":[{\"@type\":\"WebPage\",\"@id\":\"https:\/\/ramset.ca\/fr\/produit\/triggershot\/\",\"url\":\"https:\/\/ramset.ca\/fr\/produit\/triggershot\/\",\"name\":\"Triggershot - Ramset\",\"isPartOf\":{\"@id\":\"https:\/\/ramset.ca\/fr\/#website\"},\"primaryImageOfPage\":{\"@id\":\"https:\/\/ramset.ca\/fr\/produit\/triggershot\/#primaryimage\"},\"image\":{\"@id\":\"https:\/\/ramset.ca\/fr\/produit\/triggershot\/#primaryimage\"},\"thumbnailUrl\":\"https:\/\/ramset.ca\/wp-content\/uploads\/sites\/7\/2020\/09\/Ramset_45200_TriggerShot_Tool.png\",\"datePublished\":\"2020-09-23T17:21:41+00:00\",\"dateModified\":\"2021-03-26T18:10:49+00:00\",\"breadcrumb\":{\"@id\":\"https:\/\/ramset.ca\/fr\/produit\/triggershot\/#breadcrumb\"},\"inLanguage\":\"fr-FR\",\"potentialAction\":[{\"@type\":\"ReadAction\",\"target\":[\"https:\/\/ramset.ca\/fr\/produit\/triggershot\/\"]}]},{\"@type\":\"ImageObject\",\"inLanguage\":\"fr-FR\",\"@id\":\"https:\/\/ramset.ca\/fr\/produit\/triggershot\/#primaryimage\",\"url\":\"https:\/\/ramset.ca\/wp-content\/uploads\/sites\/7\/2020\/09\/Ramset_45200_TriggerShot_Tool.png\",\"contentUrl\":\"https:\/\/ramset.ca\/wp-content\/uploads\/sites\/7\/2020\/09\/Ramset_45200_TriggerShot_Tool.png\",\"width\":453,\"height\":453},{\"@type\":\"BreadcrumbList\",\"@id\":\"https:\/\/ramset.ca\/fr\/produit\/triggershot\/#breadcrumb\",\"itemListElement\":[{\"@type\":\"ListItem\",\"position\":1,\"name\":\"Home\",\"item\":\"https:\/\/ramset.ca\/fr\/\"},{\"@type\":\"ListItem\",\"position\":2,\"name\":\"Boutique\",\"item\":\"https:\/\/ramset.ca\/fr\/boutique\/\"},{\"@type\":\"ListItem\",\"position\":3,\"name\":\"Triggershot\"}]},{\"@type\":\"WebSite\",\"@id\":\"https:\/\/ramset.ca\/fr\/#website\",\"url\":\"https:\/\/ramset.ca\/fr\/\",\"name\":\"Ramset\",\"description\":\"Driving Jobsite Speed\",\"potentialAction\":[{\"@type\":\"SearchAction\",\"target\":{\"@type\":\"EntryPoint\",\"urlTemplate\":\"https:\/\/ramset.ca\/fr\/?s={search_term_string}\"},\"query-input\":{\"@type\":\"PropertyValueSpecification\",\"valueRequired\":true,\"valueName\":\"search_term_string\"}}],\"inLanguage\":\"fr-FR\"}]}<\/script>\n<!-- \/ Yoast SEO plugin. -->","yoast_head_json":{"title":"Triggershot - Ramset","robots":{"index":"index","follow":"follow","max-snippet":"max-snippet:-1","max-image-preview":"max-image-preview:large","max-video-preview":"max-video-preview:-1"},"canonical":"https:\/\/ramset.ca\/fr\/produit\/triggershot\/","og_locale":"fr_FR","og_type":"article","og_title":"Triggershot - Ramset","og_description":"Outil \u00e0 tir unique\u00a0\u2013 Activation par g\u00e2chette\u00a0\u2013 L\u2019outil actionn\u00e9 par la poudre Ramset TriggerShot de calibre\u00a00,22 est id\u00e9al pour r\u00e9aliser de petits projets de bricolage. \u00c0 utiliser pour une fixation instantan\u00e9e dans le b\u00e9ton, la ma\u00e7onnerie ou l\u2019acier. Cet outil pratique fonctionne avec des broches de 1\/2 po \u00e0 3 po (non incluses) et poss\u00e8de une g\u00e2chette \u00e0 tir unique conviviale.","og_url":"https:\/\/ramset.ca\/fr\/produit\/triggershot\/","og_site_name":"Ramset","article_modified_time":"2021-03-26T18:10:49+00:00","og_image":[{"width":453,"height":453,"url":"https:\/\/ramset.ca\/wp-content\/uploads\/sites\/7\/2020\/09\/Ramset_45200_TriggerShot_Tool.png","type":"image\/png"}],"twitter_card":"summary_large_image","twitter_misc":{"Dur\u00e9e de lecture estim\u00e9e":"1 minute"},"schema":{"@context":"https:\/\/schema.org","@graph":[{"@type":"WebPage","@id":"https:\/\/ramset.ca\/fr\/produit\/triggershot\/","url":"https:\/\/ramset.ca\/fr\/produit\/triggershot\/","name":"Triggershot - Ramset","isPartOf":{"@id":"https:\/\/ramset.ca\/fr\/#website"},"primaryImageOfPage":{"@id":"https:\/\/ramset.ca\/fr\/produit\/triggershot\/#primaryimage"},"image":{"@id":"https:\/\/ramset.ca\/fr\/produit\/triggershot\/#primaryimage"},"thumbnailUrl":"https:\/\/ramset.ca\/wp-content\/uploads\/sites\/7\/2020\/09\/Ramset_45200_TriggerShot_Tool.png","datePublished":"2020-09-23T17:21:41+00:00","dateModified":"2021-03-26T18:10:49+00:00","breadcrumb":{"@id":"https:\/\/ramset.ca\/fr\/produit\/triggershot\/#breadcrumb"},"inLanguage":"fr-FR","potentialAction":[{"@type":"ReadAction","target":["https:\/\/ramset.ca\/fr\/produit\/triggershot\/"]}]},{"@type":"ImageObject","inLanguage":"fr-FR","@id":"https:\/\/ramset.ca\/fr\/produit\/triggershot\/#primaryimage","url":"https:\/\/ramset.ca\/wp-content\/uploads\/sites\/7\/2020\/09\/Ramset_45200_TriggerShot_Tool.png","contentUrl":"https:\/\/ramset.ca\/wp-content\/uploads\/sites\/7\/2020\/09\/Ramset_45200_TriggerShot_Tool.png","width":453,"height":453},{"@type":"BreadcrumbList","@id":"https:\/\/ramset.ca\/fr\/produit\/triggershot\/#breadcrumb","itemListElement":[{"@type":"ListItem","position":1,"name":"Home","item":"https:\/\/ramset.ca\/fr\/"},{"@type":"ListItem","position":2,"name":"Boutique","item":"https:\/\/ramset.ca\/fr\/boutique\/"},{"@type":"ListItem","position":3,"name":"Triggershot"}]},{"@type":"WebSite","@id":"https:\/\/ramset.ca\/fr\/#website","url":"https:\/\/ramset.ca\/fr\/","name":"Ramset","description":"Driving Jobsite Speed","potentialAction":[{"@type":"SearchAction","target":{"@type":"EntryPoint","urlTemplate":"https:\/\/ramset.ca\/fr\/?s={search_term_string}"},"query-input":{"@type":"PropertyValueSpecification","valueRequired":true,"valueName":"search_term_string"}}],"inLanguage":"fr-FR"}]}},"_links":{"self":[{"href":"https:\/\/ramset.ca\/fr\/wp-json\/wp\/v2\/product\/7585","targetHints":{"allow":["GET"]}}],"collection":[{"href":"https:\/\/ramset.ca\/fr\/wp-json\/wp\/v2\/product"}],"about":[{"href":"https:\/\/ramset.ca\/fr\/wp-json\/wp\/v2\/types\/product"}],"wp:featuredmedia":[{"embeddable":true,"href":"https:\/\/ramset.ca\/fr\/wp-json\/wp\/v2\/media\/7586"}],"wp:attachment":[{"href":"https:\/\/ramset.ca\/fr\/wp-json\/wp\/v2\/media?parent=7585"}],"wp:term":[{"taxonomy":"product_brand","embeddable":true,"href":"https:\/\/ramset.ca\/fr\/wp-json\/wp\/v2\/product_brand?post=7585"},{"taxonomy":"product_cat","embeddable":true,"href":"https:\/\/ramset.ca\/fr\/wp-json\/wp\/v2\/product_cat?post=7585"},{"taxonomy":"product_tag","embeddable":true,"href":"https:\/\/ramset.ca\/fr\/wp-json\/wp\/v2\/product_tag?post=7585"}],"curies":[{"name":"wp","href":"https:\/\/api.w.org\/{rel}","templated":true}]}}