{"id":7579,"date":"2020-09-23T17:21:41","date_gmt":"2020-09-23T17:21:41","guid":{"rendered":"https:\/\/ramset.ca\/product\/hammershot\/"},"modified":"2021-03-26T17:57:51","modified_gmt":"2021-03-26T17:57:51","slug":"hammershot","status":"publish","type":"product","link":"https:\/\/ramset.ca\/fr\/produit\/hammershot\/","title":{"rendered":"Hammershot"},"content":{"rendered":"<h3><strong>AVANTAGES<\/strong><\/h3>\n<ul class=\"list\">\n<li class=\"list__item\">Facile \u00e0 utiliser : Moins de tirs rat\u00e9s avec une grande surface de frappe<\/li>\n<li class=\"list__item\">Polyvalent\u00a0: Utilisation pour diverses applications d\u2019une capacit\u00e9 de 3 po (avec rondelle)<\/li>\n<li class=\"list__item\">Outil actionn\u00e9 par marteau avec une conception de canon qui permet une fixation horizontale et en surplomb facile<\/li>\n<li class=\"list__item\">Pour les petits projets de bricolage, comme la fixation de 2&#215;4 et des fourrures au b\u00e9ton dans les sous-sols ou les pi\u00e8ces ajout\u00e9es<\/li>\n<li class=\"list__item\">Plus grand confort de l\u2019op\u00e9rateur : poign\u00e9e r\u00e9sistante aux chocs<\/li>\n<li class=\"list__item\">N\u00e9cessite un permis d\u2019outil actionn\u00e9 par la poudre\u00a0\u2013 Cliquez ici pour postuler\n<p><strong><a href=\"https:\/\/ramset.ca\/product\/powerpoint-pins\/\" target=\"_blank\" rel=\"noopener noreferrer\">Cliquez ici<\/a><\/strong>pour en savoir plus sur les attaches \u00e0 poudre \u00e0 utiliser avec cet outil; <a href=\"https:\/\/ramset.ca\/product\/powder-loads\/\" target=\"_blank\" rel=\"noopener noreferrer\"><strong>Cliquez ici<\/strong><\/a> pour en savoir plus sur les charges de poudre \u00e0 utiliser avec cet outil;\u00a0 <strong><a href=\"https:\/\/ramset.ca\/fr\/approved-tool-service-centres\/\">Cliquez ici<\/a><\/strong> pour trouver le centre de service agr\u00e9\u00e9 des outils Ramset le plus proche.<\/li>\n<\/ul>\n<h4><strong>IMPORTANT!<\/strong><\/h4>\n<p>N\u2019oubliez pas de suivre et de r\u00e9ussir notre <strong>cours de certification des outils actionn\u00e9s par poudre<\/strong> avant d\u2019utiliser un <strong>outil actionn\u00e9 par poudre Ramset<\/strong> qui utilise des <strong>charges de poudre<\/strong> et ayez sur vous votre permis chaque fois que vous utilisez un outil actionn\u00e9 par poudre. <strong>Une certification est requise.<\/strong><\/p>\n","protected":false},"excerpt":{"rendered":"<p>Outil \u00e0 tir unique actionn\u00e9 par marteau \u2013 Le Ramset Hammershot de calibre 0,22 \u00e0 tir unique est un outil actionn\u00e9 par marteau utilisant des charges de calibre 0,22. Cet outil est id\u00e9al pour les petits projets de bricolage. Le HammerShot peut facilement fixer des broches jusqu\u2019\u00e0 2-1\/2 po.<\/p>\n","protected":false},"featured_media":7580,"template":"","meta":{"_acf_changed":false,"inline_featured_image":false},"product_brand":[],"product_cat":[151],"product_tag":[],"class_list":{"0":"post-7579","1":"product","2":"type-product","3":"status-publish","4":"has-post-thumbnail","6":"product_cat-outils-a-poudre","8":"first","9":"instock","10":"product-type-simple"},"acf":[],"yoast_head":"<!-- This site is optimized with the Yoast SEO plugin v27.2 - https:\/\/yoast.com\/product\/yoast-seo-wordpress\/ -->\n<title>Hammershot - Ramset<\/title>\n<meta name=\"robots\" content=\"index, follow, max-snippet:-1, max-image-preview:large, max-video-preview:-1\" \/>\n<link rel=\"canonical\" href=\"https:\/\/ramset.ca\/fr\/produit\/hammershot\/\" \/>\n<meta property=\"og:locale\" content=\"fr_FR\" \/>\n<meta property=\"og:type\" content=\"article\" \/>\n<meta property=\"og:title\" content=\"Hammershot - Ramset\" \/>\n<meta property=\"og:description\" content=\"Outil \u00e0 tir unique actionn\u00e9 par marteau \u2013 Le Ramset Hammershot de calibre 0,22 \u00e0 tir unique est un outil actionn\u00e9 par marteau utilisant des charges de calibre 0,22. Cet outil est id\u00e9al pour les petits projets de bricolage. Le HammerShot peut facilement fixer des broches jusqu\u2019\u00e0 2-1\/2 po.\" \/>\n<meta property=\"og:url\" content=\"https:\/\/ramset.ca\/fr\/produit\/hammershot\/\" \/>\n<meta property=\"og:site_name\" content=\"Ramset\" \/>\n<meta property=\"article:modified_time\" content=\"2021-03-26T17:57:51+00:00\" \/>\n<meta property=\"og:image\" content=\"https:\/\/ramset.ca\/wp-content\/uploads\/sites\/7\/2020\/09\/Ramset_45000_HammerShot_Tool.png\" \/>\n\t<meta property=\"og:image:width\" content=\"453\" \/>\n\t<meta property=\"og:image:height\" content=\"453\" \/>\n\t<meta property=\"og:image:type\" content=\"image\/png\" \/>\n<meta name=\"twitter:card\" content=\"summary_large_image\" \/>\n<meta name=\"twitter:label1\" content=\"Dur\u00e9e de lecture estim\u00e9e\" \/>\n\t<meta name=\"twitter:data1\" content=\"1 minute\" \/>\n<script type=\"application\/ld+json\" class=\"yoast-schema-graph\">{\"@context\":\"https:\/\/schema.org\",\"@graph\":[{\"@type\":\"WebPage\",\"@id\":\"https:\/\/ramset.ca\/fr\/produit\/hammershot\/\",\"url\":\"https:\/\/ramset.ca\/fr\/produit\/hammershot\/\",\"name\":\"Hammershot - Ramset\",\"isPartOf\":{\"@id\":\"https:\/\/ramset.ca\/fr\/#website\"},\"primaryImageOfPage\":{\"@id\":\"https:\/\/ramset.ca\/fr\/produit\/hammershot\/#primaryimage\"},\"image\":{\"@id\":\"https:\/\/ramset.ca\/fr\/produit\/hammershot\/#primaryimage\"},\"thumbnailUrl\":\"https:\/\/ramset.ca\/wp-content\/uploads\/sites\/7\/2020\/09\/Ramset_45000_HammerShot_Tool.png\",\"datePublished\":\"2020-09-23T17:21:41+00:00\",\"dateModified\":\"2021-03-26T17:57:51+00:00\",\"breadcrumb\":{\"@id\":\"https:\/\/ramset.ca\/fr\/produit\/hammershot\/#breadcrumb\"},\"inLanguage\":\"fr-FR\",\"potentialAction\":[{\"@type\":\"ReadAction\",\"target\":[\"https:\/\/ramset.ca\/fr\/produit\/hammershot\/\"]}]},{\"@type\":\"ImageObject\",\"inLanguage\":\"fr-FR\",\"@id\":\"https:\/\/ramset.ca\/fr\/produit\/hammershot\/#primaryimage\",\"url\":\"https:\/\/ramset.ca\/wp-content\/uploads\/sites\/7\/2020\/09\/Ramset_45000_HammerShot_Tool.png\",\"contentUrl\":\"https:\/\/ramset.ca\/wp-content\/uploads\/sites\/7\/2020\/09\/Ramset_45000_HammerShot_Tool.png\",\"width\":453,\"height\":453},{\"@type\":\"BreadcrumbList\",\"@id\":\"https:\/\/ramset.ca\/fr\/produit\/hammershot\/#breadcrumb\",\"itemListElement\":[{\"@type\":\"ListItem\",\"position\":1,\"name\":\"Home\",\"item\":\"https:\/\/ramset.ca\/fr\/\"},{\"@type\":\"ListItem\",\"position\":2,\"name\":\"Boutique\",\"item\":\"https:\/\/ramset.ca\/fr\/boutique\/\"},{\"@type\":\"ListItem\",\"position\":3,\"name\":\"Hammershot\"}]},{\"@type\":\"WebSite\",\"@id\":\"https:\/\/ramset.ca\/fr\/#website\",\"url\":\"https:\/\/ramset.ca\/fr\/\",\"name\":\"Ramset\",\"description\":\"Driving Jobsite Speed\",\"potentialAction\":[{\"@type\":\"SearchAction\",\"target\":{\"@type\":\"EntryPoint\",\"urlTemplate\":\"https:\/\/ramset.ca\/fr\/?s={search_term_string}\"},\"query-input\":{\"@type\":\"PropertyValueSpecification\",\"valueRequired\":true,\"valueName\":\"search_term_string\"}}],\"inLanguage\":\"fr-FR\"}]}<\/script>\n<!-- \/ Yoast SEO plugin. -->","yoast_head_json":{"title":"Hammershot - Ramset","robots":{"index":"index","follow":"follow","max-snippet":"max-snippet:-1","max-image-preview":"max-image-preview:large","max-video-preview":"max-video-preview:-1"},"canonical":"https:\/\/ramset.ca\/fr\/produit\/hammershot\/","og_locale":"fr_FR","og_type":"article","og_title":"Hammershot - Ramset","og_description":"Outil \u00e0 tir unique actionn\u00e9 par marteau \u2013 Le Ramset Hammershot de calibre 0,22 \u00e0 tir unique est un outil actionn\u00e9 par marteau utilisant des charges de calibre 0,22. Cet outil est id\u00e9al pour les petits projets de bricolage. Le HammerShot peut facilement fixer des broches jusqu\u2019\u00e0 2-1\/2 po.","og_url":"https:\/\/ramset.ca\/fr\/produit\/hammershot\/","og_site_name":"Ramset","article_modified_time":"2021-03-26T17:57:51+00:00","og_image":[{"width":453,"height":453,"url":"https:\/\/ramset.ca\/wp-content\/uploads\/sites\/7\/2020\/09\/Ramset_45000_HammerShot_Tool.png","type":"image\/png"}],"twitter_card":"summary_large_image","twitter_misc":{"Dur\u00e9e de lecture estim\u00e9e":"1 minute"},"schema":{"@context":"https:\/\/schema.org","@graph":[{"@type":"WebPage","@id":"https:\/\/ramset.ca\/fr\/produit\/hammershot\/","url":"https:\/\/ramset.ca\/fr\/produit\/hammershot\/","name":"Hammershot - Ramset","isPartOf":{"@id":"https:\/\/ramset.ca\/fr\/#website"},"primaryImageOfPage":{"@id":"https:\/\/ramset.ca\/fr\/produit\/hammershot\/#primaryimage"},"image":{"@id":"https:\/\/ramset.ca\/fr\/produit\/hammershot\/#primaryimage"},"thumbnailUrl":"https:\/\/ramset.ca\/wp-content\/uploads\/sites\/7\/2020\/09\/Ramset_45000_HammerShot_Tool.png","datePublished":"2020-09-23T17:21:41+00:00","dateModified":"2021-03-26T17:57:51+00:00","breadcrumb":{"@id":"https:\/\/ramset.ca\/fr\/produit\/hammershot\/#breadcrumb"},"inLanguage":"fr-FR","potentialAction":[{"@type":"ReadAction","target":["https:\/\/ramset.ca\/fr\/produit\/hammershot\/"]}]},{"@type":"ImageObject","inLanguage":"fr-FR","@id":"https:\/\/ramset.ca\/fr\/produit\/hammershot\/#primaryimage","url":"https:\/\/ramset.ca\/wp-content\/uploads\/sites\/7\/2020\/09\/Ramset_45000_HammerShot_Tool.png","contentUrl":"https:\/\/ramset.ca\/wp-content\/uploads\/sites\/7\/2020\/09\/Ramset_45000_HammerShot_Tool.png","width":453,"height":453},{"@type":"BreadcrumbList","@id":"https:\/\/ramset.ca\/fr\/produit\/hammershot\/#breadcrumb","itemListElement":[{"@type":"ListItem","position":1,"name":"Home","item":"https:\/\/ramset.ca\/fr\/"},{"@type":"ListItem","position":2,"name":"Boutique","item":"https:\/\/ramset.ca\/fr\/boutique\/"},{"@type":"ListItem","position":3,"name":"Hammershot"}]},{"@type":"WebSite","@id":"https:\/\/ramset.ca\/fr\/#website","url":"https:\/\/ramset.ca\/fr\/","name":"Ramset","description":"Driving Jobsite Speed","potentialAction":[{"@type":"SearchAction","target":{"@type":"EntryPoint","urlTemplate":"https:\/\/ramset.ca\/fr\/?s={search_term_string}"},"query-input":{"@type":"PropertyValueSpecification","valueRequired":true,"valueName":"search_term_string"}}],"inLanguage":"fr-FR"}]}},"_links":{"self":[{"href":"https:\/\/ramset.ca\/fr\/wp-json\/wp\/v2\/product\/7579","targetHints":{"allow":["GET"]}}],"collection":[{"href":"https:\/\/ramset.ca\/fr\/wp-json\/wp\/v2\/product"}],"about":[{"href":"https:\/\/ramset.ca\/fr\/wp-json\/wp\/v2\/types\/product"}],"wp:featuredmedia":[{"embeddable":true,"href":"https:\/\/ramset.ca\/fr\/wp-json\/wp\/v2\/media\/7580"}],"wp:attachment":[{"href":"https:\/\/ramset.ca\/fr\/wp-json\/wp\/v2\/media?parent=7579"}],"wp:term":[{"taxonomy":"product_brand","embeddable":true,"href":"https:\/\/ramset.ca\/fr\/wp-json\/wp\/v2\/product_brand?post=7579"},{"taxonomy":"product_cat","embeddable":true,"href":"https:\/\/ramset.ca\/fr\/wp-json\/wp\/v2\/product_cat?post=7579"},{"taxonomy":"product_tag","embeddable":true,"href":"https:\/\/ramset.ca\/fr\/wp-json\/wp\/v2\/product_tag?post=7579"}],"curies":[{"name":"wp","href":"https:\/\/api.w.org\/{rel}","templated":true}]}}