{"id":7569,"date":"2020-09-23T17:21:41","date_gmt":"2020-09-23T17:21:41","guid":{"rendered":"https:\/\/ramset.ca\/product\/cobra\/"},"modified":"2021-03-26T17:52:14","modified_gmt":"2021-03-26T17:52:14","slug":"cobra","status":"publish","type":"product","link":"https:\/\/ramset.ca\/fr\/produit\/cobra\/","title":{"rendered":"Cobra+"},"content":{"rendered":"<h4><strong>CON\u00c7U POUR LA PUISSANCE, LA SOUPLESSE ET LE CONFORT AFIN DE MAXIMISER LA VITESSE SUR LE CHANTIER.<\/strong><\/h4>\n<p><span style=\"color: #000000\"><strong>AVANTAGES<\/strong><\/span><\/p>\n<ul>\n<li>Outil semi-automatique de calibre 0,27 \u2013 utilise des charges de bande<\/li>\n<li>Poign\u00e9e rembourr\u00e9e absorbant le recul \u2013 pour un plus grand confort de l\u2019op\u00e9rateur<\/li>\n<li>Puissance r\u00e9glable pour une efficacit\u00e9 maximale<\/li>\n<li>Silencieux qui r\u00e9duit les bruits de 30\u00a0%<\/li>\n<li>La poign\u00e9e ergonomique maximise le confort de l\u2019utilisateur<\/li>\n<li>Fixe des broches Ramset standard de jusqu\u2019\u00e0 3 po et des goujons filet\u00e9s \u2013 id\u00e9al pour les applications de construction g\u00e9n\u00e9rales<\/li>\n<li>Transformez votre outil Cobra+ en outil de fixation d\u2019isolation avec notre <strong>trousse Cobra IF<\/strong><\/li>\n<\/ul>\n<p><strong><a href=\"https:\/\/ramset.ca\/product\/powerpoint-pins\/\" target=\"_blank\" rel=\"noopener noreferrer\">Cliquez ici<\/a> <\/strong>pour en savoir plus sur les attaches \u00e0 poudre \u00e0 utiliser avec cet outil; <a href=\"https:\/\/ramset.ca\/product\/powder-loads\/\" target=\"_blank\" rel=\"noopener noreferrer\"><strong>Cliquez ici<\/strong><\/a> pour en savoir plus sur les charges de poudre \u00e0 utiliser avec cet outil;\u00a0 <strong><a href=\"https:\/\/ramset.ca\/fr\/approved-tool-service-centres\/\">Cliquez ici<\/a><\/strong> pour trouver le centre de service agr\u00e9\u00e9 des outils Ramset le plus proche.<\/p>\n<p><strong>IMPORTANT!<\/strong><\/p>\n<p>N\u2019oubliez pas de suivre et de r\u00e9ussir notre <strong>cours de certification des outils actionn\u00e9s par poudre<\/strong> avant d\u2019utiliser un <strong>outil actionn\u00e9 par poudre Ramset<\/strong> qui utilise des <strong>charges de poudre<\/strong> et ayez sur vous votre permis chaque fois que vous utilisez un outil actionn\u00e9 par poudre. <strong>Une certification est requise.<\/strong><\/p>\n<p><strong>TABLEAU DE D\u00c9LECTION DES PRODUITS<\/strong><\/p>\n<div id=\"tablepress-3-scroll-wrapper\" class=\"tablepress-scroll-wrapper\">\n\n<table id=\"tablepress-3\" class=\"tablepress tablepress-id-3 tablepress-responsive tbody-has-connected-cells\">\n<tbody>\n<tr class=\"row-1\">\n\t<td colspan=\"4\" class=\"column-1\"><strong><center>Plated Drive Pins<br \/>\n<\/td>\n<\/tr>\n<tr class=\"row-2\">\n\t<td colspan=\"4\" class=\"column-1\">Designed for use in concrete and structural steel applications. 100 per box.<\/td>\n<\/tr>\n<tr class=\"row-3\">\n\t<td class=\"column-1\"><strong>PART NUMBER<\/strong><\/td><td class=\"column-2\"><strong>SHANK LENGTH IN.    (MM)<\/strong><\/td><td class=\"column-3\"><strong>BOX QTY<\/strong><\/td><td class=\"column-4\"><strong>MASTER CASE QTY<\/strong><\/td>\n<\/tr>\n<tr class=\"row-4\">\n\t<td class=\"column-1\">1503K<\/td><td class=\"column-2\">1\/2\" Knurled (12.7mm)<\/td><td class=\"column-3\">50<\/td><td class=\"column-4\">5000<\/td>\n<\/tr>\n<tr class=\"row-5\">\n\t<td class=\"column-1\">1506<\/td><td class=\"column-2\">3\/4\"  (19.1mm)<\/td><td class=\"column-3\">12<\/td><td class=\"column-4\">1200<\/td>\n<\/tr>\n<tr class=\"row-6\">\n\t<td class=\"column-1\">1508<\/td><td class=\"column-2\">1\"  (25.4mm)<\/td><td class=\"column-3\">12<\/td><td class=\"column-4\">1200<\/td>\n<\/tr>\n<tr class=\"row-7\">\n\t<td class=\"column-1\">1510<\/td><td class=\"column-2\">1-1\/4\"  (31.8mm)<\/td><td class=\"column-3\">10<\/td><td class=\"column-4\">1000<\/td>\n<\/tr>\n<tr class=\"row-8\">\n\t<td class=\"column-1\">1512<\/td><td class=\"column-2\">1-1\/2\"  (38.1mm)<\/td><td class=\"column-3\">12<\/td><td class=\"column-4\">1200<\/td>\n<\/tr>\n<tr class=\"row-9\">\n\t<td class=\"column-1\">1514<\/td><td class=\"column-2\">2\"  (50.8mm)<\/td><td class=\"column-3\">8<\/td><td class=\"column-4\">800<\/td>\n<\/tr>\n<tr class=\"row-10\">\n\t<td class=\"column-1\">1516<\/td><td class=\"column-2\">2-1\/2\"  (63.5mm)<\/td><td class=\"column-3\">8<\/td><td class=\"column-4\">800<\/td>\n<\/tr>\n<tr class=\"row-11\">\n\t<td class=\"column-1\">1524<\/td><td class=\"column-2\">3\"  (76.2mm)<\/td><td class=\"column-3\">6<\/td><td class=\"column-4\">600<\/td>\n<\/tr>\n<tr class=\"row-12\">\n\t<td colspan=\"4\" class=\"column-1\">Shank diameter = .145        Head diameter = .300<\/td>\n<\/tr>\n<tr class=\"row-13\">\n\t<td colspan=\"4\" class=\"column-1\"><\/td>\n<\/tr>\n<tr class=\"row-14\">\n\t<td colspan=\"4\" class=\"column-1\"><strong><center>Plated Drive Pins (25 Packs)<\/td>\n<\/tr>\n<tr class=\"row-15\">\n\t<td colspan=\"4\" class=\"column-1\">Designed for use in concrete and structural steel applications.<\/td>\n<\/tr>\n<tr class=\"row-16\">\n\t<td class=\"column-1\"><strong>PART NUMBER<\/strong><\/td><td class=\"column-2\"><strong>SHANK LENGTH IN.     (MM)<\/strong><\/td><td class=\"column-3\"><strong>BOX QTY<\/strong><\/td><td class=\"column-4\"><strong>MASTER CASE QTY<\/strong><\/td>\n<\/tr>\n<tr class=\"row-17\">\n\t<td class=\"column-1\">R50122<\/td><td class=\"column-2\">1-1\/2\"  (38.1mm)<\/td><td class=\"column-3\">25<\/td><td class=\"column-4\">125<\/td>\n<\/tr>\n<tr class=\"row-18\">\n\t<td class=\"column-1\">R50124<\/td><td class=\"column-2\">2\"    (50.8mm)<\/td><td class=\"column-3\">25<\/td><td class=\"column-4\">125<\/td>\n<\/tr>\n<tr class=\"row-19\">\n\t<td class=\"column-1\">R50126<\/td><td class=\"column-2\">2-1\/2\"  (63.5mm)<\/td><td class=\"column-3\">25<\/td><td class=\"column-4\">125<\/td>\n<\/tr>\n<tr class=\"row-20\">\n\t<td class=\"column-1\">R50128<\/td><td class=\"column-2\">Multi Pack<\/td><td class=\"column-3\">200<\/td><td class=\"column-4\">1000<\/td>\n<\/tr>\n<tr class=\"row-21\">\n\t<td colspan=\"4\" class=\"column-1\">Shank diameter = .145        Head diameter = .300<\/td>\n<\/tr>\n<tr class=\"row-22\">\n\t<td colspan=\"4\" class=\"column-1\"><\/td>\n<\/tr>\n<tr class=\"row-23\">\n\t<td colspan=\"4\" class=\"column-1\"><strong><center>Plated Drive Pins with 7\/8\u201d Washer<br \/>\n<\/td>\n<\/tr>\n<tr class=\"row-24\">\n\t<td colspan=\"4\" class=\"column-1\">Washer increases bearing surface against the material to be fastened. 100 per box. 16 gage metal washer.<\/td>\n<\/tr>\n<tr class=\"row-25\">\n\t<td class=\"column-1\"><strong>PART NUMBER<\/strong><\/td><td class=\"column-2\"><strong>SHANK LENGTH IN.     (MM)<\/strong><\/td><td class=\"column-3\"><strong>BOX QTY<\/strong><\/td><td class=\"column-4\"><strong>MASTER CASE QTY<\/strong><\/td>\n<\/tr>\n<tr class=\"row-26\">\n\t<td class=\"column-1\">1508SD<\/td><td class=\"column-2\">1\"     (25.4mm)<\/td><td class=\"column-3\">100<\/td><td class=\"column-4\">1000<\/td>\n<\/tr>\n<tr class=\"row-27\">\n\t<td class=\"column-1\">1510SD<\/td><td class=\"column-2\">1-1\/4\"  (31.8mm)<\/td><td class=\"column-3\">100<\/td><td class=\"column-4\">1000<\/td>\n<\/tr>\n<tr class=\"row-28\">\n\t<td class=\"column-1\">1512SD<\/td><td class=\"column-2\">1-1\/2\"  (38.1mm)<\/td><td class=\"column-3\">100<\/td><td class=\"column-4\">1000<\/td>\n<\/tr>\n<tr class=\"row-29\">\n\t<td class=\"column-1\">1516SDC<\/td><td class=\"column-2\">2-1\/2\"  (63.5mm)<\/td><td class=\"column-3\">100<\/td><td class=\"column-4\">600<\/td>\n<\/tr>\n<tr class=\"row-30\">\n\t<td class=\"column-1\">1524SDP*<\/td><td class=\"column-2\">3\"     (76.2mm)<\/td><td class=\"column-3\">100<\/td><td class=\"column-4\">600<\/td>\n<\/tr>\n<tr class=\"row-31\">\n\t<td colspan=\"4\" class=\"column-1\">Shank diameter = .145        Head diameter = .300     * Square washer indicates 3\u201d pin has been installed.<\/td>\n<\/tr>\n<\/tbody>\n<\/table>\n\n<\/div><!-- #tablepress-3 from cache -->\n<div id=\"tablepress-18-scroll-wrapper\" class=\"tablepress-scroll-wrapper\">\n\n<table id=\"tablepress-18\" class=\"tablepress tablepress-id-18 tablepress-responsive tbody-has-connected-cells\">\n<tbody class=\"row-striping\">\n<tr class=\"row-1\">\n\t<td colspan=\"4\" class=\"column-1\"><strong><center>PowerPoint Step Shank Pins<\/td>\n<\/tr>\n<tr class=\"row-2\">\n\t<td colspan=\"4\" class=\"column-1\">Used for fastening into hard concrete and steel. Premium hard concrete and steel pin. 100 per box.<\/td>\n<\/tr>\n<tr class=\"row-3\">\n\t<td class=\"column-1\"><strong>PART NUMBER<\/td><td class=\"column-2\"><strong>SHANK LENGTH <br \/>\nIN.     (MM)<\/td><td class=\"column-3\"><strong>BOX QTY<\/td><td class=\"column-4\"><strong>MASTER CASE QTY<\/td>\n<\/tr>\n<tr class=\"row-4\">\n\t<td class=\"column-1\">SP12*<\/td><td class=\"column-2\">1\/2\"   (12.7mm)<\/td><td class=\"column-3\">12<\/td><td class=\"column-4\">1200<\/td>\n<\/tr>\n<tr class=\"row-5\">\n\t<td class=\"column-1\">SP178<\/td><td class=\"column-2\">1-7\/8\"  (47.6mm)<\/td><td class=\"column-3\">10<\/td><td class=\"column-4\">1000<\/td>\n<\/tr>\n<tr class=\"row-6\">\n\t<td colspan=\"4\" class=\"column-1\">Shank diameter = .150\/.180        Head diameter = .300                             * Shank diameter = .145, Regular PowerPoint pin without Step Shank.<\/td>\n<\/tr>\n<tr class=\"row-7\">\n\t<td colspan=\"4\" class=\"column-1\"><\/td>\n<\/tr>\n<tr class=\"row-8\">\n\t<td colspan=\"4\" class=\"column-1\"><strong><center>Top Hat Drive Pins<\/td>\n<\/tr>\n<tr class=\"row-9\">\n\t<td colspan=\"4\" class=\"column-1\">Increases bearing surface against material to be fastened for improved attachment to inconsistent base materials. 100 per box.<\/td>\n<\/tr>\n<tr class=\"row-10\">\n\t<td class=\"column-1\"><strong>PART NUMBER<\/td><td class=\"column-2\"><strong>SHANK LENGTH <br \/>\nIN.     (MM)<\/td><td class=\"column-3\"><strong>BOX QTY<\/td><td class=\"column-4\"><strong>MASTER CASE QTY<\/td>\n<\/tr>\n<tr class=\"row-11\">\n\t<td class=\"column-1\">SP58TH<\/td><td class=\"column-2\">5\/8\"  (15.9mm)<\/td><td class=\"column-3\">50<\/td><td class=\"column-4\">5000<\/td>\n<\/tr>\n<tr class=\"row-12\">\n\t<td colspan=\"4\" class=\"column-1\">Shank diameter SP58TH and SP34TH = .150     1906 and 1908 = .145        Head diameter = .300<\/td>\n<\/tr>\n<tr class=\"row-13\">\n\t<td colspan=\"4\" class=\"column-1\"><\/td>\n<\/tr>\n<tr class=\"row-14\">\n\t<td colspan=\"4\" class=\"column-1\"><strong><center>Ramguard Pins<\/td>\n<\/tr>\n<tr class=\"row-15\">\n\t<td colspan=\"4\" class=\"column-1\">Coated to improve corrosion resistance in treated lumber and other applications. 100 per box.<\/td>\n<\/tr>\n<tr class=\"row-16\">\n\t<td class=\"column-1\"><strong>PART NUMBER<\/td><td class=\"column-2\"><strong>SHANK LENGTH <br \/>\nIN.     (MM)<\/td><td class=\"column-3\"><strong>BOX QTY<\/td><td class=\"column-4\"><strong>MASTER CASE QTY<\/td>\n<\/tr>\n<tr class=\"row-17\">\n\t<td class=\"column-1\">1516E<\/td><td class=\"column-2\">2-1\/2\"  (63.5mm)<\/td><td class=\"column-3\">8<\/td><td class=\"column-4\">800<\/td>\n<\/tr>\n<tr class=\"row-18\">\n\t<td class=\"column-1\">1524SDE*<\/td><td class=\"column-2\">3\"    (76.2mm)<\/td><td class=\"column-3\">6<\/td><td class=\"column-4\">600<\/td>\n<\/tr>\n<tr class=\"row-19\">\n\t<td colspan=\"4\" class=\"column-1\">Shank diameter = .145  * .150\/.180        Head diameter = .300<\/td>\n<\/tr>\n<tr class=\"row-20\">\n\t<td colspan=\"4\" class=\"column-1\"><\/td>\n<\/tr>\n<tr class=\"row-21\">\n\t<td colspan=\"4\" class=\"column-1\"><strong><center>Fastener Ceiling Clips<\/td>\n<\/tr>\n<tr class=\"row-22\">\n\t<td colspan=\"4\" class=\"column-1\">14 gage angle clip. 100 clips per box.<\/td>\n<\/tr>\n<tr class=\"row-23\">\n\t<td class=\"column-1\"><strong>PART NUMBER<\/td><td class=\"column-2\"><strong>DESCRIPTION<\/td><td class=\"column-3\"><strong>BOX QTY<\/td><td class=\"column-4\"><strong>MASTER CASE QTY<\/td>\n<\/tr>\n<tr class=\"row-24\">\n\t<td class=\"column-1\">1202CF<\/td><td class=\"column-2\">Angle clip (no pin)<\/td><td class=\"column-3\">100<\/td><td class=\"column-4\">100<\/td>\n<\/tr>\n<tr class=\"row-25\">\n\t<td colspan=\"4\" class=\"column-1\">Hole diameter: 5\/16\" &amp; 14\/64\"<\/td>\n<\/tr>\n<\/tbody>\n<\/table>\n\n<\/div><!-- #tablepress-18 from cache -->\n<div id=\"tablepress-7-scroll-wrapper\" class=\"tablepress-scroll-wrapper\">\n\n<table id=\"tablepress-7\" class=\"tablepress tablepress-id-7 tablepress-responsive tbody-has-connected-cells\">\n<tbody class=\"row-striping\">\n<tr class=\"row-1\">\n\t<td colspan=\"5\" class=\"column-1\"><strong><center>RAMSET .27 CALIBER LOADS<\/td>\n<\/tr>\n<tr class=\"row-2\">\n\t<td class=\"column-1\"><strong>PART <br \/>\nNUMBER<\/td><td class=\"column-2\"><strong>POWER <br \/>\nLEVEL<\/td><td class=\"column-3\"><strong>COLOUR<\/td><td class=\"column-4\"><strong>PACKAGING<\/td><td class=\"column-5\"><strong>MASTER CARTON QUANTITY<\/td>\n<\/tr>\n<tr class=\"row-3\">\n\t<td class=\"column-1\">C3RS27<\/td><td class=\"column-2\">3<\/td><td class=\"column-3\">GREEN<\/td><td class=\"column-4\">All 10 shot strip 10 strips\/box<\/td><td class=\"column-5\">600<\/td>\n<\/tr>\n<tr class=\"row-4\">\n\t<td class=\"column-1\">C4RS27<\/td><td class=\"column-2\">4<\/td><td class=\"column-3\">YELLOW<\/td><td class=\"column-4\">All 10 shot strip 10 strips\/box<\/td><td class=\"column-5\">600<\/td>\n<\/tr>\n<tr class=\"row-5\">\n\t<td class=\"column-1\">C5RS27<\/td><td class=\"column-2\">5<\/td><td class=\"column-3\">RED<\/td><td class=\"column-4\">All 10 shot strip 10 strips\/box<\/td><td class=\"column-5\">600<\/td>\n<\/tr>\n<\/tbody>\n<\/table>\n\n<\/div><!-- #tablepress-7 from cache -->\n","protected":false},"excerpt":{"rendered":"<p>L\u2019outil actionn\u00e9 par la poudre semi-automatique Ramset Cobra+ de calibre\u00a00,27 peut accomplir des projets de r\u00e9novation professionnels, tels que la fixation du bois au b\u00e9ton ou \u00e0 l\u2019acier. Le Cobra+ augmente la vitesse de travail et l\u2019efficacit\u00e9 sur votre chantier.<\/p>\n","protected":false},"featured_media":7570,"template":"","meta":{"_acf_changed":false,"inline_featured_image":false},"product_brand":[],"product_cat":[151],"product_tag":[],"class_list":{"0":"post-7569","1":"product","2":"type-product","3":"status-publish","4":"has-post-thumbnail","6":"product_cat-outils-a-poudre","8":"first","9":"instock","10":"product-type-simple"},"acf":[],"yoast_head":"<!-- This site is optimized with the Yoast SEO plugin v27.2 - https:\/\/yoast.com\/product\/yoast-seo-wordpress\/ -->\n<title>Cobra+ - Ramset<\/title>\n<meta name=\"robots\" content=\"index, follow, max-snippet:-1, max-image-preview:large, max-video-preview:-1\" \/>\n<link rel=\"canonical\" href=\"https:\/\/ramset.ca\/fr\/produit\/cobra\/\" \/>\n<meta property=\"og:locale\" content=\"fr_FR\" \/>\n<meta property=\"og:type\" content=\"article\" \/>\n<meta property=\"og:title\" content=\"Cobra+ - Ramset\" \/>\n<meta property=\"og:description\" content=\"L\u2019outil actionn\u00e9 par la poudre semi-automatique Ramset Cobra+ de calibre\u00a00,27 peut accomplir des projets de r\u00e9novation professionnels, tels que la fixation du bois au b\u00e9ton ou \u00e0 l\u2019acier. Le Cobra+ augmente la vitesse de travail et l\u2019efficacit\u00e9 sur votre chantier.\" \/>\n<meta property=\"og:url\" content=\"https:\/\/ramset.ca\/fr\/produit\/cobra\/\" \/>\n<meta property=\"og:site_name\" content=\"Ramset\" \/>\n<meta property=\"article:modified_time\" content=\"2021-03-26T17:52:14+00:00\" \/>\n<meta property=\"og:image\" content=\"https:\/\/ramset.ca\/wp-content\/uploads\/sites\/7\/2020\/09\/Ramset_Cobra_Tool_1.png\" \/>\n\t<meta property=\"og:image:width\" content=\"453\" \/>\n\t<meta property=\"og:image:height\" content=\"453\" \/>\n\t<meta property=\"og:image:type\" content=\"image\/png\" \/>\n<meta name=\"twitter:card\" content=\"summary_large_image\" \/>\n<meta name=\"twitter:label1\" content=\"Dur\u00e9e de lecture estim\u00e9e\" \/>\n\t<meta name=\"twitter:data1\" content=\"1 minute\" \/>\n<script type=\"application\/ld+json\" class=\"yoast-schema-graph\">{\"@context\":\"https:\/\/schema.org\",\"@graph\":[{\"@type\":\"WebPage\",\"@id\":\"https:\/\/ramset.ca\/fr\/produit\/cobra\/\",\"url\":\"https:\/\/ramset.ca\/fr\/produit\/cobra\/\",\"name\":\"Cobra+ - Ramset\",\"isPartOf\":{\"@id\":\"https:\/\/ramset.ca\/fr\/#website\"},\"primaryImageOfPage\":{\"@id\":\"https:\/\/ramset.ca\/fr\/produit\/cobra\/#primaryimage\"},\"image\":{\"@id\":\"https:\/\/ramset.ca\/fr\/produit\/cobra\/#primaryimage\"},\"thumbnailUrl\":\"https:\/\/ramset.ca\/wp-content\/uploads\/sites\/7\/2020\/09\/Ramset_Cobra_Tool_1.png\",\"datePublished\":\"2020-09-23T17:21:41+00:00\",\"dateModified\":\"2021-03-26T17:52:14+00:00\",\"breadcrumb\":{\"@id\":\"https:\/\/ramset.ca\/fr\/produit\/cobra\/#breadcrumb\"},\"inLanguage\":\"fr-FR\",\"potentialAction\":[{\"@type\":\"ReadAction\",\"target\":[\"https:\/\/ramset.ca\/fr\/produit\/cobra\/\"]}]},{\"@type\":\"ImageObject\",\"inLanguage\":\"fr-FR\",\"@id\":\"https:\/\/ramset.ca\/fr\/produit\/cobra\/#primaryimage\",\"url\":\"https:\/\/ramset.ca\/wp-content\/uploads\/sites\/7\/2020\/09\/Ramset_Cobra_Tool_1.png\",\"contentUrl\":\"https:\/\/ramset.ca\/wp-content\/uploads\/sites\/7\/2020\/09\/Ramset_Cobra_Tool_1.png\",\"width\":453,\"height\":453},{\"@type\":\"BreadcrumbList\",\"@id\":\"https:\/\/ramset.ca\/fr\/produit\/cobra\/#breadcrumb\",\"itemListElement\":[{\"@type\":\"ListItem\",\"position\":1,\"name\":\"Home\",\"item\":\"https:\/\/ramset.ca\/fr\/\"},{\"@type\":\"ListItem\",\"position\":2,\"name\":\"Boutique\",\"item\":\"https:\/\/ramset.ca\/fr\/boutique\/\"},{\"@type\":\"ListItem\",\"position\":3,\"name\":\"Cobra+\"}]},{\"@type\":\"WebSite\",\"@id\":\"https:\/\/ramset.ca\/fr\/#website\",\"url\":\"https:\/\/ramset.ca\/fr\/\",\"name\":\"Ramset\",\"description\":\"Driving Jobsite Speed\",\"potentialAction\":[{\"@type\":\"SearchAction\",\"target\":{\"@type\":\"EntryPoint\",\"urlTemplate\":\"https:\/\/ramset.ca\/fr\/?s={search_term_string}\"},\"query-input\":{\"@type\":\"PropertyValueSpecification\",\"valueRequired\":true,\"valueName\":\"search_term_string\"}}],\"inLanguage\":\"fr-FR\"}]}<\/script>\n<!-- \/ Yoast SEO plugin. -->","yoast_head_json":{"title":"Cobra+ - Ramset","robots":{"index":"index","follow":"follow","max-snippet":"max-snippet:-1","max-image-preview":"max-image-preview:large","max-video-preview":"max-video-preview:-1"},"canonical":"https:\/\/ramset.ca\/fr\/produit\/cobra\/","og_locale":"fr_FR","og_type":"article","og_title":"Cobra+ - Ramset","og_description":"L\u2019outil actionn\u00e9 par la poudre semi-automatique Ramset Cobra+ de calibre\u00a00,27 peut accomplir des projets de r\u00e9novation professionnels, tels que la fixation du bois au b\u00e9ton ou \u00e0 l\u2019acier. Le Cobra+ augmente la vitesse de travail et l\u2019efficacit\u00e9 sur votre chantier.","og_url":"https:\/\/ramset.ca\/fr\/produit\/cobra\/","og_site_name":"Ramset","article_modified_time":"2021-03-26T17:52:14+00:00","og_image":[{"width":453,"height":453,"url":"https:\/\/ramset.ca\/wp-content\/uploads\/sites\/7\/2020\/09\/Ramset_Cobra_Tool_1.png","type":"image\/png"}],"twitter_card":"summary_large_image","twitter_misc":{"Dur\u00e9e de lecture estim\u00e9e":"1 minute"},"schema":{"@context":"https:\/\/schema.org","@graph":[{"@type":"WebPage","@id":"https:\/\/ramset.ca\/fr\/produit\/cobra\/","url":"https:\/\/ramset.ca\/fr\/produit\/cobra\/","name":"Cobra+ - Ramset","isPartOf":{"@id":"https:\/\/ramset.ca\/fr\/#website"},"primaryImageOfPage":{"@id":"https:\/\/ramset.ca\/fr\/produit\/cobra\/#primaryimage"},"image":{"@id":"https:\/\/ramset.ca\/fr\/produit\/cobra\/#primaryimage"},"thumbnailUrl":"https:\/\/ramset.ca\/wp-content\/uploads\/sites\/7\/2020\/09\/Ramset_Cobra_Tool_1.png","datePublished":"2020-09-23T17:21:41+00:00","dateModified":"2021-03-26T17:52:14+00:00","breadcrumb":{"@id":"https:\/\/ramset.ca\/fr\/produit\/cobra\/#breadcrumb"},"inLanguage":"fr-FR","potentialAction":[{"@type":"ReadAction","target":["https:\/\/ramset.ca\/fr\/produit\/cobra\/"]}]},{"@type":"ImageObject","inLanguage":"fr-FR","@id":"https:\/\/ramset.ca\/fr\/produit\/cobra\/#primaryimage","url":"https:\/\/ramset.ca\/wp-content\/uploads\/sites\/7\/2020\/09\/Ramset_Cobra_Tool_1.png","contentUrl":"https:\/\/ramset.ca\/wp-content\/uploads\/sites\/7\/2020\/09\/Ramset_Cobra_Tool_1.png","width":453,"height":453},{"@type":"BreadcrumbList","@id":"https:\/\/ramset.ca\/fr\/produit\/cobra\/#breadcrumb","itemListElement":[{"@type":"ListItem","position":1,"name":"Home","item":"https:\/\/ramset.ca\/fr\/"},{"@type":"ListItem","position":2,"name":"Boutique","item":"https:\/\/ramset.ca\/fr\/boutique\/"},{"@type":"ListItem","position":3,"name":"Cobra+"}]},{"@type":"WebSite","@id":"https:\/\/ramset.ca\/fr\/#website","url":"https:\/\/ramset.ca\/fr\/","name":"Ramset","description":"Driving Jobsite Speed","potentialAction":[{"@type":"SearchAction","target":{"@type":"EntryPoint","urlTemplate":"https:\/\/ramset.ca\/fr\/?s={search_term_string}"},"query-input":{"@type":"PropertyValueSpecification","valueRequired":true,"valueName":"search_term_string"}}],"inLanguage":"fr-FR"}]}},"_links":{"self":[{"href":"https:\/\/ramset.ca\/fr\/wp-json\/wp\/v2\/product\/7569","targetHints":{"allow":["GET"]}}],"collection":[{"href":"https:\/\/ramset.ca\/fr\/wp-json\/wp\/v2\/product"}],"about":[{"href":"https:\/\/ramset.ca\/fr\/wp-json\/wp\/v2\/types\/product"}],"wp:featuredmedia":[{"embeddable":true,"href":"https:\/\/ramset.ca\/fr\/wp-json\/wp\/v2\/media\/7570"}],"wp:attachment":[{"href":"https:\/\/ramset.ca\/fr\/wp-json\/wp\/v2\/media?parent=7569"}],"wp:term":[{"taxonomy":"product_brand","embeddable":true,"href":"https:\/\/ramset.ca\/fr\/wp-json\/wp\/v2\/product_brand?post=7569"},{"taxonomy":"product_cat","embeddable":true,"href":"https:\/\/ramset.ca\/fr\/wp-json\/wp\/v2\/product_cat?post=7569"},{"taxonomy":"product_tag","embeddable":true,"href":"https:\/\/ramset.ca\/fr\/wp-json\/wp\/v2\/product_tag?post=7569"}],"curies":[{"name":"wp","href":"https:\/\/api.w.org\/{rel}","templated":true}]}}