{"id":7563,"date":"2020-09-23T17:21:41","date_gmt":"2020-09-23T17:21:41","guid":{"rendered":"https:\/\/ramset.ca\/product\/ra27\/"},"modified":"2021-03-26T17:41:19","modified_gmt":"2021-03-26T17:41:19","slug":"ra27","status":"publish","type":"product","link":"https:\/\/ramset.ca\/fr\/produit\/ra27\/","title":{"rendered":"RA27"},"content":{"rendered":"<h4><strong>Outil de d\u00e9capage enti\u00e8rement automatique \u2014 APPLICATION LA PLUS COURANTE &#8211; RAILS DE CLOISON S\u00c8CHE AU B\u00c9TON!<\/strong><\/h4>\n<p><span style=\"color: #000000\"><strong>AVANTAGES<\/strong><\/span><\/p>\n<ul>\n<li>Une faible force d\u2019appui r\u00e9duit la fatigue<\/li>\n<li>Le piston durable r\u00e9duit les temps d\u2019arr\u00eat<\/li>\n<li>Le collier n\u00e9cessite seulement \u00bc de tour pour un nettoyage plus rapide<\/li>\n<li>Une plus grande puissance par charge offre une polyvalence pour une large gamme d\u2019applications<\/li>\n<li>Le cadran d\u2019ajustement de l\u2019alimentation permet \u00e0 l\u2019utilisateur de r\u00e9duire la puissance pour l\u2019enfoncement id\u00e9al de la broche<\/li>\n<li>Canal d\u2019accumulation de r\u00e9sidus brevet\u00e9\u00a0\u2013 travaillez plus longtemps entre les nettoyages<\/li>\n<li>L\u2019amortisseur arri\u00e8re absorbe le recul, r\u00e9duisant la fatigue<\/li>\n<li>Pince de ceinture\/d\u2019attache pour la s\u00e9curit\u00e9<\/li>\n<li>Le crochet pivotant pour \u00e9l\u00e9vateur\/\u00e9chafaudage garde l\u2019outil \u00e0 port\u00e9e de main<\/li>\n<\/ul>\n<p><strong><a href=\"https:\/\/ramset.ca\/product\/powerpoint-pins\/\" target=\"_blank\" rel=\"noopener noreferrer\">Cliquez ici <\/a><\/strong>pour en savoir plus sur les attaches \u00e0 poudre \u00e0 utiliser avec cet outil; <a href=\"https:\/\/ramset.ca\/product\/powder-loads\/\" target=\"_blank\" rel=\"noopener noreferrer\"><strong>Cliquez ici<\/strong><\/a> pour en savoir plus sur les charges de poudre \u00e0 utiliser avec cet outil; <strong><a href=\"https:\/\/ramset.ca\/fr\/approved-tool-service-centres\/\">Cliquez ici<\/a><\/strong> pour trouver le centre de service agr\u00e9\u00e9 des outils Ramset le plus proche.<\/p>\n<h4><strong>IMPORTANT!<\/strong><\/h4>\n<p><a href=\"https:\/\/www.ramset.com\/patlicensing\" target=\"_blank\" rel=\"noopener noreferrer\">N\u2019oubliez pas de suivre et de r\u00e9ussir notre <\/a><strong><a href=\"https:\/\/www.ramset.com\/patlicensing\" target=\"_blank\" rel=\"noopener noreferrer\">cours de certification des outils actionn\u00e9s par poudre <\/a><\/strong><a href=\"https:\/\/www.ramset.com\/patlicensing\" target=\"_blank\" rel=\"noopener noreferrer\">avant d\u2019utiliser un <\/a><strong><a href=\"https:\/\/www.ramset.com\/patlicensing\" target=\"_blank\" rel=\"noopener noreferrer\">outil actionn\u00e9 par poudre Ramset <\/a><\/strong><a href=\"https:\/\/www.ramset.com\/patlicensing\" target=\"_blank\" rel=\"noopener noreferrer\">qui utilise des <\/a><strong><a href=\"https:\/\/www.ramset.com\/patlicensing\" target=\"_blank\" rel=\"noopener noreferrer\">charges de poudre <\/a><\/strong><a href=\"https:\/\/www.ramset.com\/patlicensing\" target=\"_blank\" rel=\"noopener noreferrer\">et ayez sur vous votre permis chaque fois que vous utilisez un outil actionn\u00e9 par poudre<\/a><strong><a href=\"https:\/\/www.ramset.com\/patlicensing\" target=\"_blank\" rel=\"noopener noreferrer\">. Une certification est requise. <\/a><\/strong><\/p>\n<div id=\"tablepress-6-scroll-wrapper\" class=\"tablepress-scroll-wrapper\">\n\n<table id=\"tablepress-6\" class=\"tablepress tablepress-id-6 tablepress-responsive tbody-has-connected-cells\">\n<tbody class=\"row-striping\">\n<tr class=\"row-1\">\n\t<td colspan=\"3\" class=\"column-1\"><strong><center>PLATED DRIVE PINS<\/td>\n<\/tr>\n<tr class=\"row-2\">\n\t<td colspan=\"3\" class=\"column-1\">Designed for use in concrete and structural steel applications.  100 per box.<\/td>\n<\/tr>\n<tr class=\"row-3\">\n\t<td class=\"column-1\"><strong>PART <br \/>\nNUMBER<\/td><td class=\"column-2\"><strong>SHANK LENGTH <br \/>\n(IN.\/MM)<\/td><td class=\"column-3\"><strong>MASTER CARTON <br \/>\nQUANTITY<\/td>\n<\/tr>\n<tr class=\"row-4\">\n\t<td class=\"column-1\">1503K<\/td><td class=\"column-2\">1\/2 Knurled  (12.7mm)<\/td><td class=\"column-3\">50<\/td>\n<\/tr>\n<tr class=\"row-5\">\n\t<td class=\"column-1\">1506<\/td><td class=\"column-2\">3\/4  (19.1mm)<\/td><td class=\"column-3\">12<\/td>\n<\/tr>\n<tr class=\"row-6\">\n\t<td class=\"column-1\">1508<\/td><td class=\"column-2\">1  (25.4mm)<\/td><td class=\"column-3\">12<\/td>\n<\/tr>\n<tr class=\"row-7\">\n\t<td class=\"column-1\">1510<\/td><td class=\"column-2\">1-1\/4  (31.8mm)<\/td><td class=\"column-3\">10<\/td>\n<\/tr>\n<tr class=\"row-8\">\n\t<td class=\"column-1\">1512<\/td><td class=\"column-2\">1-1\/2  (38.1mm)<\/td><td class=\"column-3\">12<\/td>\n<\/tr>\n<tr class=\"row-9\">\n\t<td colspan=\"3\" class=\"column-1\">Shank diameter = .145 Head diameter = .300<\/td>\n<\/tr>\n<tr class=\"row-10\">\n\t<td colspan=\"3\" class=\"column-1\"><\/td>\n<\/tr>\n<tr class=\"row-11\">\n\t<td colspan=\"3\" class=\"column-1\"><strong><center>PLATED DRIVE PINS WITH 7\/8\u201d WASHER<\/td>\n<\/tr>\n<tr class=\"row-12\">\n\t<td colspan=\"3\" class=\"column-1\">Washer increases bearing surface against the material to be fastened. Plated pin pre-assembled with 7\/8\u201d diameter washer.<\/td>\n<\/tr>\n<tr class=\"row-13\">\n\t<td class=\"column-1\"><strong>PART <br \/>\nNUMBER<\/td><td class=\"column-2\"><strong>SHANK LENGTH  <br \/>\n(IN.\/MM) <\/td><td class=\"column-3\"><strong>MASTER CARTON <br \/>\nQUANTITY<\/td>\n<\/tr>\n<tr class=\"row-14\">\n\t<td class=\"column-1\">1508SD<\/td><td class=\"column-2\">1  (25.4mm)<\/td><td class=\"column-3\">1000<\/td>\n<\/tr>\n<tr class=\"row-15\">\n\t<td class=\"column-1\">1510SD<\/td><td class=\"column-2\">1-1\/4  (31.8mm)<\/td><td class=\"column-3\">1000<\/td>\n<\/tr>\n<tr class=\"row-16\">\n\t<td class=\"column-1\">1512SD<\/td><td class=\"column-2\">1-1\/2  (38.1mm)<\/td><td class=\"column-3\">1000<\/td>\n<\/tr>\n<tr class=\"row-17\">\n\t<td colspan=\"3\" class=\"column-1\">Shank diameter = .145 Head diameter = .300<br \/>\n*Square washer indicates 3\u201d pin has been installed.<\/td>\n<\/tr>\n<tr class=\"row-18\">\n\t<td colspan=\"3\" class=\"column-1\"><\/td>\n<\/tr>\n<tr class=\"row-19\">\n\t<td colspan=\"3\" class=\"column-1\"><strong><center>POWERPOINT STEP SHANK PINS<\/td>\n<\/tr>\n<tr class=\"row-20\">\n\t<td colspan=\"3\" class=\"column-1\">Premium hard concrete and steel pin. 100 per box.<\/td>\n<\/tr>\n<tr class=\"row-21\">\n\t<td class=\"column-1\"><strong>PART <br \/>\nNUMBER<\/td><td class=\"column-2\"><strong>SHANK LENGTH  <br \/>\n(IN.\/MM) <\/td><td class=\"column-3\"><strong>MASTER CARTON <br \/>\nQUANTITY<\/td>\n<\/tr>\n<tr class=\"row-22\">\n\t<td class=\"column-1\">SP12<\/td><td class=\"column-2\">1\/2  (12.7mm)<\/td><td class=\"column-3\">1200<\/td>\n<\/tr>\n<tr class=\"row-23\">\n\t<td class=\"column-1\">SP100<\/td><td class=\"column-2\">1  (25.4mm)<\/td><td class=\"column-3\">5000<\/td>\n<\/tr>\n<tr class=\"row-24\">\n\t<td class=\"column-1\">SP178*<\/td><td class=\"column-2\">1-7\/8  (47.6mm)<\/td><td class=\"column-3\">1000<\/td>\n<\/tr>\n<tr class=\"row-25\">\n\t<td colspan=\"3\" class=\"column-1\">Shank diameter = .150 * Head diameter= .150\/.180<br \/>\n** Shank diameter = .125\/.150 with 1\/2\u201d washer Head diameter = .300<\/td>\n<\/tr>\n<tr class=\"row-26\">\n\t<td colspan=\"3\" class=\"column-1\"><\/td>\n<\/tr>\n<tr class=\"row-27\">\n\t<td colspan=\"3\" class=\"column-1\"><strong><center>TOP HAT DRIVE PINS<\/td>\n<\/tr>\n<tr class=\"row-28\">\n\t<td colspan=\"3\" class=\"column-1\">Used for general purpose fastening to steel.  Plated pin with top hat. 100 per box.<\/td>\n<\/tr>\n<tr class=\"row-29\">\n\t<td class=\"column-1\"><strong>PART <br \/>\nNUMBER<\/td><td class=\"column-2\"><strong>SHANK LENGTH<br \/>\n(IN.\/MM)<\/td><td class=\"column-3\"><strong>MASTER CARTON <br \/>\nQUANTITY<\/td>\n<\/tr>\n<tr class=\"row-30\">\n\t<td class=\"column-1\">SP58TH<\/td><td class=\"column-2\">5\/8  (15.9mm)<\/td><td class=\"column-3\">5000<\/td>\n<\/tr>\n<tr class=\"row-31\">\n\t<td colspan=\"3\" class=\"column-1\">Shank diameter = .150 Head diameter = .300<\/td>\n<\/tr>\n<\/tbody>\n<\/table>\n\n<\/div><!-- #tablepress-6 from cache -->\n<div id=\"tablepress-7-scroll-wrapper\" class=\"tablepress-scroll-wrapper\">\n\n<table id=\"tablepress-7\" class=\"tablepress tablepress-id-7 tablepress-responsive tbody-has-connected-cells\">\n<tbody class=\"row-striping\">\n<tr class=\"row-1\">\n\t<td colspan=\"5\" class=\"column-1\"><strong><center>RAMSET .27 CALIBER LOADS<\/td>\n<\/tr>\n<tr class=\"row-2\">\n\t<td class=\"column-1\"><strong>PART <br \/>\nNUMBER<\/td><td class=\"column-2\"><strong>POWER <br \/>\nLEVEL<\/td><td class=\"column-3\"><strong>COLOUR<\/td><td class=\"column-4\"><strong>PACKAGING<\/td><td class=\"column-5\"><strong>MASTER CARTON QUANTITY<\/td>\n<\/tr>\n<tr class=\"row-3\">\n\t<td class=\"column-1\">C3RS27<\/td><td class=\"column-2\">3<\/td><td class=\"column-3\">GREEN<\/td><td class=\"column-4\">All 10 shot strip 10 strips\/box<\/td><td class=\"column-5\">600<\/td>\n<\/tr>\n<tr class=\"row-4\">\n\t<td class=\"column-1\">C4RS27<\/td><td class=\"column-2\">4<\/td><td class=\"column-3\">YELLOW<\/td><td class=\"column-4\">All 10 shot strip 10 strips\/box<\/td><td class=\"column-5\">600<\/td>\n<\/tr>\n<tr class=\"row-5\">\n\t<td class=\"column-1\">C5RS27<\/td><td class=\"column-2\">5<\/td><td class=\"column-3\">RED<\/td><td class=\"column-4\">All 10 shot strip 10 strips\/box<\/td><td class=\"column-5\">600<\/td>\n<\/tr>\n<\/tbody>\n<\/table>\n\n<\/div><!-- #tablepress-7 from cache -->\n","protected":false},"excerpt":{"rendered":"<p>L\u2019outil actionn\u00e9 par la poudre enti\u00e8rement automatique RA27 de Ramset r\u00e9duit les temps d\u2019arr\u00eat et la fatigue sur les chantiers commerciaux. Le RA27 r\u00e9siste \u00e0 un usage intensif pour les applications int\u00e9rieures et ext\u00e9rieures.<\/p>\n","protected":false},"featured_media":7564,"template":"","meta":{"_acf_changed":false,"inline_featured_image":false},"product_brand":[],"product_cat":[151],"product_tag":[],"class_list":{"0":"post-7563","1":"product","2":"type-product","3":"status-publish","4":"has-post-thumbnail","6":"product_cat-outils-a-poudre","8":"first","9":"instock","10":"product-type-simple"},"acf":[],"yoast_head":"<!-- This site is optimized with the Yoast SEO plugin v27.2 - https:\/\/yoast.com\/product\/yoast-seo-wordpress\/ -->\n<title>RA27 - Ramset<\/title>\n<meta name=\"robots\" content=\"index, follow, max-snippet:-1, max-image-preview:large, max-video-preview:-1\" \/>\n<link rel=\"canonical\" href=\"https:\/\/ramset.ca\/fr\/produit\/ra27\/\" \/>\n<meta property=\"og:locale\" content=\"fr_FR\" \/>\n<meta property=\"og:type\" content=\"article\" \/>\n<meta property=\"og:title\" content=\"RA27 - Ramset\" \/>\n<meta property=\"og:description\" content=\"L\u2019outil actionn\u00e9 par la poudre enti\u00e8rement automatique RA27 de Ramset r\u00e9duit les temps d\u2019arr\u00eat et la fatigue sur les chantiers commerciaux. Le RA27 r\u00e9siste \u00e0 un usage intensif pour les applications int\u00e9rieures et ext\u00e9rieures.\" \/>\n<meta property=\"og:url\" content=\"https:\/\/ramset.ca\/fr\/produit\/ra27\/\" \/>\n<meta property=\"og:site_name\" content=\"Ramset\" \/>\n<meta property=\"article:modified_time\" content=\"2021-03-26T17:41:19+00:00\" \/>\n<meta property=\"og:image\" content=\"https:\/\/ramset.ca\/wp-content\/uploads\/sites\/7\/2020\/09\/Ramset_RA27_Tool_1.png\" \/>\n\t<meta property=\"og:image:width\" content=\"453\" \/>\n\t<meta property=\"og:image:height\" content=\"453\" \/>\n\t<meta property=\"og:image:type\" content=\"image\/png\" \/>\n<meta name=\"twitter:card\" content=\"summary_large_image\" \/>\n<meta name=\"twitter:label1\" content=\"Dur\u00e9e de lecture estim\u00e9e\" \/>\n\t<meta name=\"twitter:data1\" content=\"1 minute\" \/>\n<script type=\"application\/ld+json\" class=\"yoast-schema-graph\">{\"@context\":\"https:\/\/schema.org\",\"@graph\":[{\"@type\":\"WebPage\",\"@id\":\"https:\/\/ramset.ca\/fr\/produit\/ra27\/\",\"url\":\"https:\/\/ramset.ca\/fr\/produit\/ra27\/\",\"name\":\"RA27 - Ramset\",\"isPartOf\":{\"@id\":\"https:\/\/ramset.ca\/fr\/#website\"},\"primaryImageOfPage\":{\"@id\":\"https:\/\/ramset.ca\/fr\/produit\/ra27\/#primaryimage\"},\"image\":{\"@id\":\"https:\/\/ramset.ca\/fr\/produit\/ra27\/#primaryimage\"},\"thumbnailUrl\":\"https:\/\/ramset.ca\/wp-content\/uploads\/sites\/7\/2020\/09\/Ramset_RA27_Tool_1.png\",\"datePublished\":\"2020-09-23T17:21:41+00:00\",\"dateModified\":\"2021-03-26T17:41:19+00:00\",\"breadcrumb\":{\"@id\":\"https:\/\/ramset.ca\/fr\/produit\/ra27\/#breadcrumb\"},\"inLanguage\":\"fr-FR\",\"potentialAction\":[{\"@type\":\"ReadAction\",\"target\":[\"https:\/\/ramset.ca\/fr\/produit\/ra27\/\"]}]},{\"@type\":\"ImageObject\",\"inLanguage\":\"fr-FR\",\"@id\":\"https:\/\/ramset.ca\/fr\/produit\/ra27\/#primaryimage\",\"url\":\"https:\/\/ramset.ca\/wp-content\/uploads\/sites\/7\/2020\/09\/Ramset_RA27_Tool_1.png\",\"contentUrl\":\"https:\/\/ramset.ca\/wp-content\/uploads\/sites\/7\/2020\/09\/Ramset_RA27_Tool_1.png\",\"width\":453,\"height\":453},{\"@type\":\"BreadcrumbList\",\"@id\":\"https:\/\/ramset.ca\/fr\/produit\/ra27\/#breadcrumb\",\"itemListElement\":[{\"@type\":\"ListItem\",\"position\":1,\"name\":\"Home\",\"item\":\"https:\/\/ramset.ca\/fr\/\"},{\"@type\":\"ListItem\",\"position\":2,\"name\":\"Boutique\",\"item\":\"https:\/\/ramset.ca\/fr\/boutique\/\"},{\"@type\":\"ListItem\",\"position\":3,\"name\":\"RA27\"}]},{\"@type\":\"WebSite\",\"@id\":\"https:\/\/ramset.ca\/fr\/#website\",\"url\":\"https:\/\/ramset.ca\/fr\/\",\"name\":\"Ramset\",\"description\":\"Driving Jobsite Speed\",\"potentialAction\":[{\"@type\":\"SearchAction\",\"target\":{\"@type\":\"EntryPoint\",\"urlTemplate\":\"https:\/\/ramset.ca\/fr\/?s={search_term_string}\"},\"query-input\":{\"@type\":\"PropertyValueSpecification\",\"valueRequired\":true,\"valueName\":\"search_term_string\"}}],\"inLanguage\":\"fr-FR\"}]}<\/script>\n<!-- \/ Yoast SEO plugin. -->","yoast_head_json":{"title":"RA27 - Ramset","robots":{"index":"index","follow":"follow","max-snippet":"max-snippet:-1","max-image-preview":"max-image-preview:large","max-video-preview":"max-video-preview:-1"},"canonical":"https:\/\/ramset.ca\/fr\/produit\/ra27\/","og_locale":"fr_FR","og_type":"article","og_title":"RA27 - Ramset","og_description":"L\u2019outil actionn\u00e9 par la poudre enti\u00e8rement automatique RA27 de Ramset r\u00e9duit les temps d\u2019arr\u00eat et la fatigue sur les chantiers commerciaux. Le RA27 r\u00e9siste \u00e0 un usage intensif pour les applications int\u00e9rieures et ext\u00e9rieures.","og_url":"https:\/\/ramset.ca\/fr\/produit\/ra27\/","og_site_name":"Ramset","article_modified_time":"2021-03-26T17:41:19+00:00","og_image":[{"width":453,"height":453,"url":"https:\/\/ramset.ca\/wp-content\/uploads\/sites\/7\/2020\/09\/Ramset_RA27_Tool_1.png","type":"image\/png"}],"twitter_card":"summary_large_image","twitter_misc":{"Dur\u00e9e de lecture estim\u00e9e":"1 minute"},"schema":{"@context":"https:\/\/schema.org","@graph":[{"@type":"WebPage","@id":"https:\/\/ramset.ca\/fr\/produit\/ra27\/","url":"https:\/\/ramset.ca\/fr\/produit\/ra27\/","name":"RA27 - Ramset","isPartOf":{"@id":"https:\/\/ramset.ca\/fr\/#website"},"primaryImageOfPage":{"@id":"https:\/\/ramset.ca\/fr\/produit\/ra27\/#primaryimage"},"image":{"@id":"https:\/\/ramset.ca\/fr\/produit\/ra27\/#primaryimage"},"thumbnailUrl":"https:\/\/ramset.ca\/wp-content\/uploads\/sites\/7\/2020\/09\/Ramset_RA27_Tool_1.png","datePublished":"2020-09-23T17:21:41+00:00","dateModified":"2021-03-26T17:41:19+00:00","breadcrumb":{"@id":"https:\/\/ramset.ca\/fr\/produit\/ra27\/#breadcrumb"},"inLanguage":"fr-FR","potentialAction":[{"@type":"ReadAction","target":["https:\/\/ramset.ca\/fr\/produit\/ra27\/"]}]},{"@type":"ImageObject","inLanguage":"fr-FR","@id":"https:\/\/ramset.ca\/fr\/produit\/ra27\/#primaryimage","url":"https:\/\/ramset.ca\/wp-content\/uploads\/sites\/7\/2020\/09\/Ramset_RA27_Tool_1.png","contentUrl":"https:\/\/ramset.ca\/wp-content\/uploads\/sites\/7\/2020\/09\/Ramset_RA27_Tool_1.png","width":453,"height":453},{"@type":"BreadcrumbList","@id":"https:\/\/ramset.ca\/fr\/produit\/ra27\/#breadcrumb","itemListElement":[{"@type":"ListItem","position":1,"name":"Home","item":"https:\/\/ramset.ca\/fr\/"},{"@type":"ListItem","position":2,"name":"Boutique","item":"https:\/\/ramset.ca\/fr\/boutique\/"},{"@type":"ListItem","position":3,"name":"RA27"}]},{"@type":"WebSite","@id":"https:\/\/ramset.ca\/fr\/#website","url":"https:\/\/ramset.ca\/fr\/","name":"Ramset","description":"Driving Jobsite Speed","potentialAction":[{"@type":"SearchAction","target":{"@type":"EntryPoint","urlTemplate":"https:\/\/ramset.ca\/fr\/?s={search_term_string}"},"query-input":{"@type":"PropertyValueSpecification","valueRequired":true,"valueName":"search_term_string"}}],"inLanguage":"fr-FR"}]}},"_links":{"self":[{"href":"https:\/\/ramset.ca\/fr\/wp-json\/wp\/v2\/product\/7563","targetHints":{"allow":["GET"]}}],"collection":[{"href":"https:\/\/ramset.ca\/fr\/wp-json\/wp\/v2\/product"}],"about":[{"href":"https:\/\/ramset.ca\/fr\/wp-json\/wp\/v2\/types\/product"}],"wp:featuredmedia":[{"embeddable":true,"href":"https:\/\/ramset.ca\/fr\/wp-json\/wp\/v2\/media\/7564"}],"wp:attachment":[{"href":"https:\/\/ramset.ca\/fr\/wp-json\/wp\/v2\/media?parent=7563"}],"wp:term":[{"taxonomy":"product_brand","embeddable":true,"href":"https:\/\/ramset.ca\/fr\/wp-json\/wp\/v2\/product_brand?post=7563"},{"taxonomy":"product_cat","embeddable":true,"href":"https:\/\/ramset.ca\/fr\/wp-json\/wp\/v2\/product_cat?post=7563"},{"taxonomy":"product_tag","embeddable":true,"href":"https:\/\/ramset.ca\/fr\/wp-json\/wp\/v2\/product_tag?post=7563"}],"curies":[{"name":"wp","href":"https:\/\/api.w.org\/{rel}","templated":true}]}}