{"id":7561,"date":"2020-09-23T17:21:41","date_gmt":"2020-09-23T17:21:41","guid":{"rendered":"https:\/\/ramset.ca\/product\/t3ss-single-shot\/"},"modified":"2021-03-26T20:34:34","modified_gmt":"2021-03-26T20:34:34","slug":"t3ss-single-shot","status":"publish","type":"product","link":"https:\/\/ramset.ca\/fr\/produit\/t3ss-single-shot\/","title":{"rendered":"T3SS tir unique"},"content":{"rendered":"<h4><strong>OUTIL \u00c0 BROCHE UNIQUE AVEC TECHNOLOGIE DE GAZ<\/strong><\/h4>\n<h5><strong>AVANTAGES<\/strong><\/h5>\n<ul>\n<li>D\u00e9finit la norme pour les applications \u00e0 tir unique<\/li>\n<li>5 fois plus rapide que les m\u00e9thodes traditionnelles de per\u00e7age et d\u2019ancrage<\/li>\n<li>Remplace le besoin d\u2019outils comme le DX35<\/li>\n<li>R\u00e9duction de la fatigue de l\u2019op\u00e9rateur<\/li>\n<li>Co\u00fbts d\u2019installation r\u00e9duits\u00a0\u2013 jusqu\u2019\u00e0 75\u00a0%<\/li>\n<li>Assez silencieux pour une utilisation dans les immeubles occup\u00e9s par des locataires<\/li>\n<li>Pied arri\u00e8re amovible<\/li>\n<\/ul>\n<p><a href=\"https:\/\/ramset.ca\/wp-content\/uploads\/sites\/7\/2020\/09\/T3SS-Selection-Chart-and-Performance-Table.pdf\" target=\"_blank\" rel=\"noopener noreferrer\"><strong>Cliquez ici <\/strong>pour la s\u00e9lection compl\u00e8te des produits et les tableaux de performances du T3SS<\/a>; <a href=\"https:\/\/ramset.ca\/wp-content\/uploads\/sites\/7\/2020\/09\/T3SS-Full-Catalog-Pages.pdf\" target=\"_blank\" rel=\"noopener noreferrer\"><strong>Cliquez ici<\/strong><\/a> pour consulter les pages compl\u00e8tes du catalogue du T3SS.<\/p>\n<h4><strong>SP\u00c9CIFICATIONS DE LA BROCHE<\/strong><\/h4>\n<p>Fabriqu\u00e9 \u00e0 partir d\u2019acier AISI\u00a01060-1065. Soumis \u00e0 un processus de trempe bainitique \u00e0 une duret\u00e9 \u00e0 c\u0153ur de Rc\u00a052-56<br \/>\n<strong>R\u00e9sistance \u00e0 la traction typique : <\/strong>270 000 lb\/po<sup>2<\/sup><br \/>\n<strong>R\u00e9sistance au cisaillement typique :<\/strong> 162 000 lb\/po<sup>2<\/sup><br \/>\n<strong>Finition standard :<\/strong><\/p>\n<ul>\n<li>Noir exclusif<\/li>\n<li>Plaque de zinc m\u00e9canique d\u2019une \u00e9paisseur minimale de 0,0002 satisfait aux exigences d\u2019ASTM B695 \u2013 classe 5 de Type I<\/li>\n<li>\u00c9lectrozingu\u00e9 avec chromate jaune<\/li>\n<\/ul>\n<h4><strong>TABLEAU DE PERFORMANCE DES FIXATIONS DANS LE B\u00c9TON<\/strong><\/h4>\n<div id=\"tablepress-5-scroll-wrapper\" class=\"tablepress-scroll-wrapper\">\n\n<table id=\"tablepress-5\" class=\"tablepress tablepress-id-5 tablepress-responsive tbody-has-connected-cells\">\n<tbody>\n<tr class=\"row-1\">\n\t<td rowspan=\"3\" class=\"column-1\"><strong>FASTENER<br \/>\nPART NUMBER<\/td><td rowspan=\"3\" class=\"column-2\"><strong>SHANK <br \/>\nDIA. <br \/>\n(INCH)<\/td><td rowspan=\"3\" class=\"column-3\"><strong>MINIMUM<br \/>\nPENETRATION <br \/>\n(INCH)<\/td><td colspan=\"6\" class=\"column-4\"><strong>INSTALLED IN STONE AGGREGATE CONCRETE CONCRETE COMPRESSIVE STRENGTH<br \/>\nALLOWABLE LOAD \u2013 <\/strong> Ultimate Load<\/td><td colspan=\"2\" class=\"column-10\"><strong>HOLLOW BLOCK<br \/>\nGrade N, Type 1<\/td>\n<\/tr>\n<tr class=\"row-2\">\n\t<td colspan=\"2\" class=\"column-4\"><strong>4000 PSI<\/td><td colspan=\"2\" class=\"column-6\"><strong>6000 PSI<\/td><td colspan=\"2\" class=\"column-8\"><strong>3000 PSI  Lightweight<br \/>\nLOWER FLUTE<\/td><td colspan=\"2\" class=\"column-10\"><strong>FACE SHELL<\/STRONG><br \/>\nMin 1-1\/4\" face thickness<\/td>\n<\/tr>\n<tr class=\"row-3\">\n\t<td class=\"column-4\"><strong>TENSION (LBS)<\/td><td class=\"column-5\"><strong>SHEAR (LBS)<\/td><td class=\"column-6\"><strong>TENSION (LBS)<\/td><td class=\"column-7\"><strong>SHEAR (LBS)<\/td><td class=\"column-8\"><strong>TENSION (LBS)<\/td><td class=\"column-9\"><strong>SHEAR (LBS)<\/td><td class=\"column-10\"><strong>TENSION (LBS)<\/td><td class=\"column-11\"><strong>SHEAR (LBS)<\/td>\n<\/tr>\n<tr class=\"row-4\">\n\t<td rowspan=\"2\" class=\"column-1\">MP034TH*<\/td><td rowspan=\"2\" class=\"column-2\">0.125<\/td><td class=\"column-3\">5\/8<\/td><td class=\"column-4\"><strong>78<\/strong>   |  <em>426<\/td><td class=\"column-5\"><strong>80<\/strong>   |  <em>574<\/td><td class=\"column-6\"><strong>62<\/strong>   |  <em>308<\/td><td class=\"column-7\">----     |   ----<\/td><td class=\"column-8\"><strong>72<\/strong>   | <em> 361<\/td><td class=\"column-9\"><strong>242<\/strong>  |  <em>1210<\/td><td class=\"column-10\"><strong>133<\/strong>   |  <em>691<\/td><td class=\"column-11\">----    |    ----<\/td>\n<\/tr>\n<tr class=\"row-5\">\n\t<td class=\"column-3\">3\/4<\/td><td class=\"column-4\"><strong>104<\/strong>   |  <em>593<\/td><td class=\"column-5\"><strong>195<\/strong>   |  <em>977<\/td><td class=\"column-6\"><strong>132<\/strong>   | <em> 658<\/td><td class=\"column-7\"><strong>206<\/strong>  |  <em>1057<\/td><td class=\"column-8\"><strong>93<\/strong>   |  <em>470<\/td><td class=\"column-9\"><strong>288<\/strong>  |  <em>1442<\/td><td class=\"column-10\"><strong>84<\/strong>   |  <em>444<\/td><td class=\"column-11\"><strong>87<\/strong>   |  <em>446<\/td>\n<\/tr>\n<tr class=\"row-6\">\n\t<td class=\"column-1\">38HSMP034,12HSMP034,TSHMP034<\/td><td class=\"column-2\">0.104\/<br \/>\n.125<\/td><td class=\"column-3\">5\/8<\/td><td class=\"column-4\"><strong>60<\/strong>   |  <em>357<\/td><td class=\"column-5\"><strong>117<\/strong>   |  <em>587<\/td><td class=\"column-6\"><strong>107<\/strong>   |  <em>533<\/td><td class=\"column-7\"><strong>191<\/strong>   |  <em>957<\/td><td class=\"column-8\"><strong>54<\/strong>   |  <em>269<\/td><td class=\"column-9\"><strong>230<\/strong>  |  <em>1150<\/td><td class=\"column-10\"><strong>71<\/strong>   |  <em>357<\/td><td class=\"column-11\"><strong>123 <\/strong>  |  <em>613<\/td>\n<\/tr>\n<\/tbody>\n<\/table>\n\n<\/div><!-- #tablepress-5 from cache -->\n<p>* Les donn\u00e9es de broche\u00a0ESR-1955 s\u2019appliquent. <strong>Remarque\u00a01\u00a0:<\/strong> Les charges ADMISSIBLES sont indiqu\u00e9es en CARACT\u00c8RES GRAS, et les charges ultimes sont indiqu\u00e9es en police italique plus petite. <strong>Remarque\u00a02\u00a0:<\/strong> Tests r\u00e9alis\u00e9s conform\u00e9ment aux normes CPI\u00a0AC70 et ASTM\u00a0E1190. <strong>Remarque\u00a03\u00a0:<\/strong> Les facteurs de s\u00e9curit\u00e9 sont bas\u00e9s sur le coefficient de variation. Conform\u00e9ment \u00e0 la norme ICC AC70, le coefficient de s\u00e9curit\u00e9 ne sera pas moins de 5. <strong>Remarque 4 :<\/strong> Les valeurs indiqu\u00e9es pour le b\u00e9ton sont pour la fixation uniquement. Les membres connect\u00e9s doivent \u00eatre \u00e9valu\u00e9s s\u00e9par\u00e9ment. <strong>Remarque 5 :<\/strong> La charge cyclique, la fatigue, les chocs et d\u2019autres crit\u00e8res de conception peuvent exiger un facteur de s\u00e9curit\u00e9 diff\u00e9rent. <strong>Remarque 6 :<\/strong> Les tests sur le chantier peuvent \u00eatre n\u00e9cessaires pour d\u00e9terminer les valeurs r\u00e9elles sur le chantier. <strong>Remarque 7 :<\/strong> La distance minimum aux bords est de 3 pouces sauf autorisation contraire. Dans les applications de blocs creux, pas plus d\u2019une attache par cellule. <strong>Remarque 8 :<\/strong> Pour SI : 1 lbf = 4,448 N, 1 pouce = 25,4 mm, 1 ksi = 6,89 MPa<\/p>\n<h4><strong>APPROBATIONS\/HOMOLOGATIONS<\/strong><\/h4>\n<p>ESR-1799 \u2013Attaches\u00a0T3<\/p>\n<p>COLA\u00a0RR-22668 \u2013 Attaches\u00a0T3<\/p>\n<h4><strong>CENTRES DE SERVICE PASLODE AUTORIS\u00c9S<\/strong><\/h4>\n<p><strong><a href=\"https:\/\/ramset.ca\/fr\/approved-tool-service-centres\/\">Cliquez ici<\/a><\/strong> pour la liste des centres de service Paslode autoris\u00e9s<\/p>\n<hr \/>\n<p>&nbsp;<\/p>\n","protected":false},"excerpt":{"rendered":"<p>Ramset prend la vitesse du travail au s\u00e9rieux et cr\u00e9e le T3SS\u00a0\u2013 l\u2019outil \u00e0 tir unique qui aidera les entrepreneurs \u00e0 passer des outils actionn\u00e9s par la poudre aux outils \u00e0 gaz. Pour faire du T3SS l\u2019outil \u00e0 gaz le plus polyvalent de l\u2019industrie, les utilisateurs peuvent changer de nez pour r\u00e9pondre \u00e0 tous les besoins de fixation. Du m\u00e9tal au b\u00e9ton, au b\u00e9ton dur ou \u00e0 l\u2019acier, aux tabliers, aux blocs et \u00e0 presque toute autre surface\u00a0\u2013 le T3SS travaille pour votre profit.<\/p>\n","protected":false},"featured_media":7562,"template":"","meta":{"_acf_changed":false,"inline_featured_image":false},"product_brand":[],"product_cat":[150],"product_tag":[],"class_list":{"0":"post-7561","1":"product","2":"type-product","3":"status-publish","4":"has-post-thumbnail","6":"product_cat-outils-a-gaz","8":"first","9":"instock","10":"product-type-simple"},"acf":[],"yoast_head":"<!-- This site is optimized with the Yoast SEO plugin v27.2 - https:\/\/yoast.com\/product\/yoast-seo-wordpress\/ -->\n<title>T3SS tir unique - Ramset<\/title>\n<meta name=\"robots\" content=\"index, follow, max-snippet:-1, max-image-preview:large, max-video-preview:-1\" \/>\n<link rel=\"canonical\" href=\"https:\/\/ramset.ca\/fr\/produit\/t3ss-single-shot\/\" \/>\n<meta property=\"og:locale\" content=\"fr_FR\" \/>\n<meta property=\"og:type\" content=\"article\" \/>\n<meta property=\"og:title\" content=\"T3SS tir unique - Ramset\" \/>\n<meta property=\"og:description\" content=\"Ramset prend la vitesse du travail au s\u00e9rieux et cr\u00e9e le T3SS\u00a0\u2013 l\u2019outil \u00e0 tir unique qui aidera les entrepreneurs \u00e0 passer des outils actionn\u00e9s par la poudre aux outils \u00e0 gaz. Pour faire du T3SS l\u2019outil \u00e0 gaz le plus polyvalent de l\u2019industrie, les utilisateurs peuvent changer de nez pour r\u00e9pondre \u00e0 tous les besoins de fixation. Du m\u00e9tal au b\u00e9ton, au b\u00e9ton dur ou \u00e0 l\u2019acier, aux tabliers, aux blocs et \u00e0 presque toute autre surface\u00a0\u2013 le T3SS travaille pour votre profit.\" \/>\n<meta property=\"og:url\" content=\"https:\/\/ramset.ca\/fr\/produit\/t3ss-single-shot\/\" \/>\n<meta property=\"og:site_name\" content=\"Ramset\" \/>\n<meta property=\"article:modified_time\" content=\"2021-03-26T20:34:34+00:00\" \/>\n<meta property=\"og:image\" content=\"https:\/\/ramset.ca\/wp-content\/uploads\/sites\/7\/2020\/09\/Ramset_T3ss_Tool.png\" \/>\n\t<meta property=\"og:image:width\" content=\"453\" \/>\n\t<meta property=\"og:image:height\" content=\"453\" \/>\n\t<meta property=\"og:image:type\" content=\"image\/png\" \/>\n<meta name=\"twitter:card\" content=\"summary_large_image\" \/>\n<meta name=\"twitter:label1\" content=\"Dur\u00e9e de lecture estim\u00e9e\" \/>\n\t<meta name=\"twitter:data1\" content=\"2 minutes\" \/>\n<script type=\"application\/ld+json\" class=\"yoast-schema-graph\">{\"@context\":\"https:\/\/schema.org\",\"@graph\":[{\"@type\":\"WebPage\",\"@id\":\"https:\/\/ramset.ca\/fr\/produit\/t3ss-single-shot\/\",\"url\":\"https:\/\/ramset.ca\/fr\/produit\/t3ss-single-shot\/\",\"name\":\"T3SS tir unique - Ramset\",\"isPartOf\":{\"@id\":\"https:\/\/ramset.ca\/fr\/#website\"},\"primaryImageOfPage\":{\"@id\":\"https:\/\/ramset.ca\/fr\/produit\/t3ss-single-shot\/#primaryimage\"},\"image\":{\"@id\":\"https:\/\/ramset.ca\/fr\/produit\/t3ss-single-shot\/#primaryimage\"},\"thumbnailUrl\":\"https:\/\/ramset.ca\/wp-content\/uploads\/sites\/7\/2020\/09\/Ramset_T3ss_Tool.png\",\"datePublished\":\"2020-09-23T17:21:41+00:00\",\"dateModified\":\"2021-03-26T20:34:34+00:00\",\"breadcrumb\":{\"@id\":\"https:\/\/ramset.ca\/fr\/produit\/t3ss-single-shot\/#breadcrumb\"},\"inLanguage\":\"fr-FR\",\"potentialAction\":[{\"@type\":\"ReadAction\",\"target\":[\"https:\/\/ramset.ca\/fr\/produit\/t3ss-single-shot\/\"]}]},{\"@type\":\"ImageObject\",\"inLanguage\":\"fr-FR\",\"@id\":\"https:\/\/ramset.ca\/fr\/produit\/t3ss-single-shot\/#primaryimage\",\"url\":\"https:\/\/ramset.ca\/wp-content\/uploads\/sites\/7\/2020\/09\/Ramset_T3ss_Tool.png\",\"contentUrl\":\"https:\/\/ramset.ca\/wp-content\/uploads\/sites\/7\/2020\/09\/Ramset_T3ss_Tool.png\",\"width\":453,\"height\":453},{\"@type\":\"BreadcrumbList\",\"@id\":\"https:\/\/ramset.ca\/fr\/produit\/t3ss-single-shot\/#breadcrumb\",\"itemListElement\":[{\"@type\":\"ListItem\",\"position\":1,\"name\":\"Home\",\"item\":\"https:\/\/ramset.ca\/fr\/\"},{\"@type\":\"ListItem\",\"position\":2,\"name\":\"Boutique\",\"item\":\"https:\/\/ramset.ca\/fr\/boutique\/\"},{\"@type\":\"ListItem\",\"position\":3,\"name\":\"T3SS tir unique\"}]},{\"@type\":\"WebSite\",\"@id\":\"https:\/\/ramset.ca\/fr\/#website\",\"url\":\"https:\/\/ramset.ca\/fr\/\",\"name\":\"Ramset\",\"description\":\"Driving Jobsite Speed\",\"potentialAction\":[{\"@type\":\"SearchAction\",\"target\":{\"@type\":\"EntryPoint\",\"urlTemplate\":\"https:\/\/ramset.ca\/fr\/?s={search_term_string}\"},\"query-input\":{\"@type\":\"PropertyValueSpecification\",\"valueRequired\":true,\"valueName\":\"search_term_string\"}}],\"inLanguage\":\"fr-FR\"}]}<\/script>\n<!-- \/ Yoast SEO plugin. -->","yoast_head_json":{"title":"T3SS tir unique - Ramset","robots":{"index":"index","follow":"follow","max-snippet":"max-snippet:-1","max-image-preview":"max-image-preview:large","max-video-preview":"max-video-preview:-1"},"canonical":"https:\/\/ramset.ca\/fr\/produit\/t3ss-single-shot\/","og_locale":"fr_FR","og_type":"article","og_title":"T3SS tir unique - Ramset","og_description":"Ramset prend la vitesse du travail au s\u00e9rieux et cr\u00e9e le T3SS\u00a0\u2013 l\u2019outil \u00e0 tir unique qui aidera les entrepreneurs \u00e0 passer des outils actionn\u00e9s par la poudre aux outils \u00e0 gaz. Pour faire du T3SS l\u2019outil \u00e0 gaz le plus polyvalent de l\u2019industrie, les utilisateurs peuvent changer de nez pour r\u00e9pondre \u00e0 tous les besoins de fixation. Du m\u00e9tal au b\u00e9ton, au b\u00e9ton dur ou \u00e0 l\u2019acier, aux tabliers, aux blocs et \u00e0 presque toute autre surface\u00a0\u2013 le T3SS travaille pour votre profit.","og_url":"https:\/\/ramset.ca\/fr\/produit\/t3ss-single-shot\/","og_site_name":"Ramset","article_modified_time":"2021-03-26T20:34:34+00:00","og_image":[{"width":453,"height":453,"url":"https:\/\/ramset.ca\/wp-content\/uploads\/sites\/7\/2020\/09\/Ramset_T3ss_Tool.png","type":"image\/png"}],"twitter_card":"summary_large_image","twitter_misc":{"Dur\u00e9e de lecture estim\u00e9e":"2 minutes"},"schema":{"@context":"https:\/\/schema.org","@graph":[{"@type":"WebPage","@id":"https:\/\/ramset.ca\/fr\/produit\/t3ss-single-shot\/","url":"https:\/\/ramset.ca\/fr\/produit\/t3ss-single-shot\/","name":"T3SS tir unique - Ramset","isPartOf":{"@id":"https:\/\/ramset.ca\/fr\/#website"},"primaryImageOfPage":{"@id":"https:\/\/ramset.ca\/fr\/produit\/t3ss-single-shot\/#primaryimage"},"image":{"@id":"https:\/\/ramset.ca\/fr\/produit\/t3ss-single-shot\/#primaryimage"},"thumbnailUrl":"https:\/\/ramset.ca\/wp-content\/uploads\/sites\/7\/2020\/09\/Ramset_T3ss_Tool.png","datePublished":"2020-09-23T17:21:41+00:00","dateModified":"2021-03-26T20:34:34+00:00","breadcrumb":{"@id":"https:\/\/ramset.ca\/fr\/produit\/t3ss-single-shot\/#breadcrumb"},"inLanguage":"fr-FR","potentialAction":[{"@type":"ReadAction","target":["https:\/\/ramset.ca\/fr\/produit\/t3ss-single-shot\/"]}]},{"@type":"ImageObject","inLanguage":"fr-FR","@id":"https:\/\/ramset.ca\/fr\/produit\/t3ss-single-shot\/#primaryimage","url":"https:\/\/ramset.ca\/wp-content\/uploads\/sites\/7\/2020\/09\/Ramset_T3ss_Tool.png","contentUrl":"https:\/\/ramset.ca\/wp-content\/uploads\/sites\/7\/2020\/09\/Ramset_T3ss_Tool.png","width":453,"height":453},{"@type":"BreadcrumbList","@id":"https:\/\/ramset.ca\/fr\/produit\/t3ss-single-shot\/#breadcrumb","itemListElement":[{"@type":"ListItem","position":1,"name":"Home","item":"https:\/\/ramset.ca\/fr\/"},{"@type":"ListItem","position":2,"name":"Boutique","item":"https:\/\/ramset.ca\/fr\/boutique\/"},{"@type":"ListItem","position":3,"name":"T3SS tir unique"}]},{"@type":"WebSite","@id":"https:\/\/ramset.ca\/fr\/#website","url":"https:\/\/ramset.ca\/fr\/","name":"Ramset","description":"Driving Jobsite Speed","potentialAction":[{"@type":"SearchAction","target":{"@type":"EntryPoint","urlTemplate":"https:\/\/ramset.ca\/fr\/?s={search_term_string}"},"query-input":{"@type":"PropertyValueSpecification","valueRequired":true,"valueName":"search_term_string"}}],"inLanguage":"fr-FR"}]}},"_links":{"self":[{"href":"https:\/\/ramset.ca\/fr\/wp-json\/wp\/v2\/product\/7561","targetHints":{"allow":["GET"]}}],"collection":[{"href":"https:\/\/ramset.ca\/fr\/wp-json\/wp\/v2\/product"}],"about":[{"href":"https:\/\/ramset.ca\/fr\/wp-json\/wp\/v2\/types\/product"}],"wp:featuredmedia":[{"embeddable":true,"href":"https:\/\/ramset.ca\/fr\/wp-json\/wp\/v2\/media\/7562"}],"wp:attachment":[{"href":"https:\/\/ramset.ca\/fr\/wp-json\/wp\/v2\/media?parent=7561"}],"wp:term":[{"taxonomy":"product_brand","embeddable":true,"href":"https:\/\/ramset.ca\/fr\/wp-json\/wp\/v2\/product_brand?post=7561"},{"taxonomy":"product_cat","embeddable":true,"href":"https:\/\/ramset.ca\/fr\/wp-json\/wp\/v2\/product_cat?post=7561"},{"taxonomy":"product_tag","embeddable":true,"href":"https:\/\/ramset.ca\/fr\/wp-json\/wp\/v2\/product_tag?post=7561"}],"curies":[{"name":"wp","href":"https:\/\/api.w.org\/{rel}","templated":true}]}}