{"id":7556,"date":"2020-09-23T17:21:41","date_gmt":"2020-09-23T17:21:41","guid":{"rendered":"https:\/\/ramset.ca\/product\/t4if-gas-powered-tool\/"},"modified":"2021-05-07T04:29:16","modified_gmt":"2021-05-07T04:29:16","slug":"t4if-gas-powered-tool","status":"publish","type":"product","link":"https:\/\/ramset.ca\/fr\/produit\/t4if-gas-powered-tool\/","title":{"rendered":"T4IF"},"content":{"rendered":"<h4><strong>FIXEZ L\u2019ISOLANT EN UNE SEULE \u00c9TAPE AVEC LE SYST\u00c8ME DE FIXATION ENTI\u00c8REMENT AUTOMATIQUE DE RAMSET<\/strong><\/h4>\n<p>Le syst\u00e8me\u00a0T4 IF est 4\u00a0fois plus rapide que la m\u00e9thode d\u2019installation traditionnelle des broches \u00e0 b\u00e2ton. Il permet \u00e0 l\u2019installateur de fixer l\u2019isolant en une seule \u00e9tape sans utiliser d\u2019adh\u00e9sifs ou de couper les ancrages d\u2019isolant \u00e0 broche.<\/p>\n<p><strong>AVANTAGES<\/strong><\/p>\n<ul>\n<li>Gain de temps et de main-d\u2019\u0153uvre par rapport \u00e0 la m\u00e9thode traditionnelle de fixation des isolants.<\/li>\n<li>Fixez l\u2019isolant directement au b\u00e9ton, au bloc creux et aux montants en acier. Plus besoin de coller et d\u2019ancrer les ancrages d\u2019isolant \u00e0 broche.<\/li>\n<li>La fixation est uniforme et d\u2019aspect propre.<\/li>\n<li>Le poids l\u00e9ger de 3,6 kg r\u00e9duit la fatigue de l\u2019op\u00e9rateur.<\/li>\n<li>L\u2019outil vous permet de fixer l\u2019isolant dans des espaces restreints et obstru\u00e9s par des tuyaux et des syst\u00e8mes de gicleurs.<\/li>\n<li>Le T4FUEL peut donner environ 500-750 tirs avant d\u2019\u00eatre remplac\u00e9.<\/li>\n<li>Le syst\u00e8me peut \u00eatre utilis\u00e9 toute l\u2019ann\u00e9e; contrairement aux broches \u00e0 b\u00e2ton, vous ne serez pas limit\u00e9 par la temp\u00e9rature froide ou les surfaces humides.<\/li>\n<li>Temp\u00e9rature de fonctionnement de -15 C \u00e0 50 C<\/li>\n<li>Pont thermique : efficacit\u00e9 de 99,5 %.<\/li>\n<li>Capacit\u00e9 d\u2019attache d\u2019isolation de 1\u00a0po\u00a0\u2013 6\u00a0po.<\/li>\n<li>Ajusteur de profondeur d\u2019enfoncement.<\/li>\n<li>Jauges de carburant et de batterie.<\/li>\n<li>La pile lithium-ion compacte et l\u00e9g\u00e8re fournit 3 000 tirs par charge.<\/li>\n<\/ul>\n<p><a href=\"https:\/\/ramset.ca\/wp-content\/uploads\/sites\/7\/2020\/09\/T4IF-Selection-Chart-and-Performance-Table.pdf\" target=\"_blank\" rel=\"noopener noreferrer\"><strong>Cliquez ici <\/strong><\/a>pour la s\u00e9lection compl\u00e8te des produits et les tableaux de performances du T4 I-F; <strong><a href=\"https:\/\/ramset.ca\/wp-content\/uploads\/sites\/7\/2020\/09\/T4IF-Full-Catalog-Pages.pdf\" target=\"_blank\" rel=\"noopener noreferrer\">Cliquez ici <\/a><\/strong><a href=\"https:\/\/ramset.ca\/wp-content\/uploads\/sites\/7\/2020\/09\/T4IF-Full-Catalog-Pages.pdf\" target=\"_blank\" rel=\"noopener noreferrer\">pour consulter les pages compl\u00e8tes du catalogue du T4 I-F.<\/a><\/p>\n<h4><strong>SP\u00c9CIFICATIONS DE L\u2019ATTACHE<\/strong><\/h4>\n<p>L\u2019attache est fabriqu\u00e9e au Canada et l\u2019assemblage est clairement marqu\u00e9 Ramset avec la longueur de l\u2019assemblage d\u2019attache.<\/p>\n<p><strong>Mat\u00e9riau de la broche\u00a0:<\/strong> Acier au carbone trait\u00e9 thermiquement<\/p>\n<p><strong>Finition de la broche\u00a0:<\/strong> M\u00e9caniquement zingu\u00e9e<\/p>\n<p><strong>Mat\u00e9riel de rondelle\u00a0:<\/strong> Poly\u00e9thyl\u00e8ne haute densit\u00e9 (HDPE)<\/p>\n<p><strong>Diam\u00e8tre de retenue\u00a0:<\/strong> 3\/8 po<\/p>\n<p>Les attaches utilis\u00e9es pour fixer l\u2019isolant (laine min\u00e9rale, polystyr\u00e8ne expans\u00e9 et polystyr\u00e8ne extrud\u00e9) dans la ma\u00e7onnerie pleine, le bloc de b\u00e9ton creux et les montants en acier doivent \u00eatre des attaches T4 I-F de Ramset. L\u2019attache T4 I-F doit \u00eatre fix\u00e9e \u00e0 l\u2019aide de l\u2019outil \u00e0 gaz Ramset T4 I-F L\u2019attache IF est faite de plastique poly\u00e9thyl\u00e8ne haute densit\u00e9 (PEHD) et a un diam\u00e8tre de retenue de 2-3\/8 po (60 mm) avec le marquage du logo Ramset.<\/p>\n<h4><strong>TABLEAUX DES PERFORMANCES<\/strong><\/h4>\n<div id=\"tablepress-11-scroll-wrapper\" class=\"tablepress-scroll-wrapper\">\n\n<table id=\"tablepress-11\" class=\"tablepress tablepress-id-11 tablepress-responsive tbody-has-connected-cells\">\n<tbody class=\"row-striping\">\n<tr class=\"row-1\">\n\t<td colspan=\"5\" class=\"column-1\"><center><strong>STEEL STUDS<\/td>\n<\/tr>\n<tr class=\"row-2\">\n\t<td class=\"column-1\"><strong>FASTENERS<\/td><td colspan=\"4\" class=\"column-2\"><center><strong>ALLOWABLE\/UlLTIMATE PULLOUT LOAD LBS (kN)<\/td>\n<\/tr>\n<tr class=\"row-3\">\n\t<td class=\"column-1\"><strong>Steel Gauge<\/td><td class=\"column-2\"><center><strong>22GA<\/td><td class=\"column-3\"><center><strong>20GA<\/td><td class=\"column-4\"><center><strong>18GA<\/td><td class=\"column-5\"><center><strong>16GA<\/td>\n<\/tr>\n<tr class=\"row-4\">\n\t<td class=\"column-1\">T4IFS-100 - T4IFS-600<\/td><td class=\"column-2\"><center>20\/120<br \/>\n(0.09\/0.53)<\/td><td class=\"column-3\"><center>33\/200<br \/>\n(0.15\/0.89)<\/td><td class=\"column-4\"><center>46\/280 <br \/>\n(0.20\/1.25)<\/td><td class=\"column-5\"><center>60\/360<br \/>\n(0.27\/1.60)<\/td>\n<\/tr>\n<tr class=\"row-5\">\n\t<td colspan=\"5\" class=\"column-1\"><\/td>\n<\/tr>\n<tr class=\"row-6\">\n\t<td colspan=\"5\" class=\"column-1\"><center><strong>CONCRETE<\/td>\n<\/tr>\n<tr class=\"row-7\">\n\t<td class=\"column-1\"><strong>FASTENERS<\/td><td colspan=\"2\" class=\"column-2\"><center><strong>CONCRETE STRENGTH PSI (Mpa)<\/td><td colspan=\"2\" class=\"column-4\"><center><strong>ALLOWABLE\/ULTIMATE TENSION LOADS Lbs (kN)<\/td>\n<\/tr>\n<tr class=\"row-8\">\n\t<td class=\"column-1\">T4IFC-100 - T4IFC-600<\/td><td colspan=\"2\" class=\"column-2\"><center>3600-6500  (25-45)<\/td><td colspan=\"2\" class=\"column-4\"><center>35\/211  (0.15\/0.94)<\/td>\n<\/tr>\n<tr class=\"row-9\">\n\t<td colspan=\"5\" class=\"column-1\"><\/td>\n<\/tr>\n<tr class=\"row-10\">\n\t<td colspan=\"5\" class=\"column-1\"><center><strong>HOLLOW CONCRETE BLOCK<\/td>\n<\/tr>\n<tr class=\"row-11\">\n\t<td class=\"column-1\"><strong>FASTENERS<\/td><td colspan=\"4\" class=\"column-2\"><center><strong>ALLOWABLE \/ ULTIMATE TENSION LOADS Lbs (kN)<\/td>\n<\/tr>\n<tr class=\"row-12\">\n\t<td class=\"column-1\">T4IFC-100 - T4IFC-600<\/td><td colspan=\"4\" class=\"column-2\"><center>35\/184  (0.15\/0.82)<\/td>\n<\/tr>\n<\/tbody>\n<\/table>\n\n<\/div><!-- #tablepress-11 from cache -->\n<h4><strong>PERFORMANCE THERMIQUE DES ENSEMBLES D\u2019ENVELOPPE DE B\u00c2TIMENT<\/strong><\/h4>\n<p>Dans les b\u00e2timents, lorsque le mat\u00e9riau isolant est interrompu par un mat\u00e9riau hautement conducteur, un pont thermique se forme. Des exemples de ponts thermiques comprennent des broches en acier qui interrompent la continuit\u00e9 de l\u2019isolant en matelas et traversent des murs ext\u00e9rieurs fortement isol\u00e9s. En termes simples, les ponts thermiques se produisent lorsque les diff\u00e9rences de conductivit\u00e9 thermique des mat\u00e9riaux entra\u00eenent un flux de chaleur lat\u00e9ral important; par exemple de la chaleur circulant le long de la surface d\u2019un mur puis traversant le mur via une tige en acier. Les calculs effectu\u00e9s par le laboratoire Advanced Thermal\/Fluids Optimization, Modeling and Simulation (ATOMS) du d\u00e9partement de g\u00e9nie m\u00e9canique et industriel de l\u2019universit\u00e9 de Toronto montrent que le Ramset T4 IF est plus de 99 % efficace, tandis que les broches \u00e0 b\u00e2ton peuvent diminuer l\u2019efficacit\u00e9 de plus de 10 %.<\/p>\n<div id=\"tablepress-12-scroll-wrapper\" class=\"tablepress-scroll-wrapper\">\n\n<table id=\"tablepress-12\" class=\"tablepress tablepress-id-12 tablepress-responsive tbody-has-connected-cells\">\n<tbody class=\"row-striping\">\n<tr class=\"row-1\">\n\t<td colspan=\"2\" rowspan=\"2\" class=\"column-1\"><\/td><td colspan=\"6\" class=\"column-3\"><center><strong>Insulation Thickness<\/td>\n<\/tr>\n<tr class=\"row-2\">\n\t<td class=\"column-3\"><center><strong>1 in<\/td><td class=\"column-4\"><center><strong>2 in<\/td><td class=\"column-5\"><center><strong>3 in<\/td><td class=\"column-6\"><center><strong>4 in<\/td><td class=\"column-7\"><center><strong>5 in<\/td><td class=\"column-8\"><center><strong>6 in<\/td>\n<\/tr>\n<tr class=\"row-3\">\n\t<td rowspan=\"2\" class=\"column-1\"><strong>Reference<\/td><td class=\"column-2\">U \u2013 Factor (W\/m2 \u00b0C)<\/td><td class=\"column-3\">1.1786<\/td><td class=\"column-4\">0.7122<\/td><td class=\"column-5\">0.5103<\/td><td class=\"column-6\">0.3976<\/td><td class=\"column-7\">0.3257<\/td><td class=\"column-8\">0.2758<\/td>\n<\/tr>\n<tr class=\"row-4\">\n\t<td class=\"column-2\"><strong>Efficiency (%)<\/td><td class=\"column-3\">100.00%<\/td><td class=\"column-4\">100.00%<\/td><td class=\"column-5\">100.00%<\/td><td class=\"column-6\">100.00%<\/td><td class=\"column-7\">100.00%<\/td><td class=\"column-8\">100.00%<\/td>\n<\/tr>\n<tr class=\"row-5\">\n\t<td rowspan=\"2\" class=\"column-1\"><strong>Stick Pin<\/td><td class=\"column-2\">U \u2013 Factor (W\/m2 \u00b0C)<\/td><td class=\"column-3\">1.2422<\/td><td class=\"column-4\">0.7706<\/td><td class=\"column-5\">0.5597<\/td><td class=\"column-6\">0.4397<\/td><td class=\"column-7\">0.3621<\/td><td class=\"column-8\">0.3078<\/td>\n<\/tr>\n<tr class=\"row-6\">\n\t<td class=\"column-2\"><strong>Efficiency (%)<\/td><td class=\"column-3\">94.88%<\/td><td class=\"column-4\">92.42%<\/td><td class=\"column-5\">91.17%<\/td><td class=\"column-6\">90.43%<\/td><td class=\"column-7\">89.94%<\/td><td class=\"column-8\">89.59%<\/td>\n<\/tr>\n<tr class=\"row-7\">\n\t<td rowspan=\"2\" class=\"column-1\"><strong>InsulFast\u2122<\/td><td class=\"column-2\">U \u2013 Factor (W\/m2 \u00b0C)<\/td><td class=\"column-3\">1.1845<\/td><td class=\"column-4\">0.7162<\/td><td class=\"column-5\">0.5132<\/td><td class=\"column-6\">0.3999<\/td><td class=\"column-7\">0.3276<\/td><td class=\"column-8\">0.2773<\/td>\n<\/tr>\n<tr class=\"row-8\">\n\t<td class=\"column-2\"><strong>Efficiency (%)<\/td><td class=\"column-3\">99.50%<\/td><td class=\"column-4\">99.45%<\/td><td class=\"column-5\">99.44%<\/td><td class=\"column-6\">99.43%<\/td><td class=\"column-7\">99.42%<\/td><td class=\"column-8\">99.42%<\/td>\n<\/tr>\n<\/tbody>\n<\/table>\n\n<\/div>\n<p>Ces ponts thermiques contribuent \u00e0 une multitude de probl\u00e8mes, notamment, mais sans s\u2019y limiter :<\/p>\n<ul>\n<li>Consommation d\u2019\u00e9nergie accrue pendant les saisons de chauffage et de climatisation<\/li>\n<li>Condensation sur la surface int\u00e9rieure qui entra\u00eene\u00a0: \u00b0 Niveaux d\u2019humidit\u00e9 \u00e9lev\u00e9s pouvant entra\u00eener des concentrations inhabituelles de contaminants en suspension dans l\u2019air et une croissance microbienne \u00b0 Probl\u00e8mes de rouille pouvant endommager la structure<\/li>\n<\/ul>\n<h4><strong>CENTRES DE SERVICE RAMSET AUTORIS\u00c9S<\/strong><\/h4>\n<p><strong><a href=\"https:\/\/ramset.ca\/fr\/approved-tool-service-centres\/\">Cliquez ici<\/a><\/strong> pour la liste des centres de service Paslode autoris\u00e9s<\/p>\n<hr \/>\n<p>&nbsp;<\/p>\n","protected":false},"excerpt":{"rendered":"<p>Le T4 I-F est un outil enti\u00e8rement automatique avec une capacit\u00e9 de jusqu\u2019\u00e0 1 000 tirs par heure. Avec une faible force d\u2019appui (4,5 kg) \u2013 permet aux utilisateurs de travailler plus rapidement, plus facilement et avec moins de fatigue. Le syst\u00e8me Start &amp; Go permet une \u00e9conomie d\u2019\u00e9nergie avec \u00ab coupure automatique \u00bb lorsqu\u2019il n\u2019est pas utilis\u00e9 pendant 1 minute.<\/p>\n","protected":false},"featured_media":7557,"template":"","meta":{"_acf_changed":false,"inline_featured_image":false},"product_brand":[],"product_cat":[150],"product_tag":[],"class_list":{"0":"post-7556","1":"product","2":"type-product","3":"status-publish","4":"has-post-thumbnail","6":"product_cat-outils-a-gaz","8":"first","9":"instock","10":"product-type-simple"},"acf":[],"yoast_head":"<!-- This site is optimized with the Yoast SEO plugin v27.2 - https:\/\/yoast.com\/product\/yoast-seo-wordpress\/ -->\n<title>T4IF - Ramset<\/title>\n<meta name=\"robots\" content=\"index, follow, max-snippet:-1, max-image-preview:large, max-video-preview:-1\" \/>\n<link rel=\"canonical\" href=\"https:\/\/ramset.ca\/fr\/produit\/t4if-gas-powered-tool\/\" \/>\n<meta property=\"og:locale\" content=\"fr_FR\" \/>\n<meta property=\"og:type\" content=\"article\" \/>\n<meta property=\"og:title\" content=\"T4IF - Ramset\" \/>\n<meta property=\"og:description\" content=\"Le T4 I-F est un outil enti\u00e8rement automatique avec une capacit\u00e9 de jusqu\u2019\u00e0 1 000 tirs par heure. Avec une faible force d\u2019appui (4,5 kg) \u2013 permet aux utilisateurs de travailler plus rapidement, plus facilement et avec moins de fatigue. Le syst\u00e8me Start &amp; Go permet une \u00e9conomie d\u2019\u00e9nergie avec \u00ab coupure automatique \u00bb lorsqu\u2019il n\u2019est pas utilis\u00e9 pendant 1 minute.\" \/>\n<meta property=\"og:url\" content=\"https:\/\/ramset.ca\/fr\/produit\/t4if-gas-powered-tool\/\" \/>\n<meta property=\"og:site_name\" content=\"Ramset\" \/>\n<meta property=\"article:modified_time\" content=\"2021-05-07T04:29:16+00:00\" \/>\n<meta property=\"og:image\" content=\"https:\/\/ramset.ca\/wp-content\/uploads\/sites\/7\/2020\/09\/Ramset_T4IF-G.png\" \/>\n\t<meta property=\"og:image:width\" content=\"453\" \/>\n\t<meta property=\"og:image:height\" content=\"453\" \/>\n\t<meta property=\"og:image:type\" content=\"image\/png\" \/>\n<meta name=\"twitter:card\" content=\"summary_large_image\" \/>\n<meta name=\"twitter:label1\" content=\"Dur\u00e9e de lecture estim\u00e9e\" \/>\n\t<meta name=\"twitter:data1\" content=\"3 minutes\" \/>\n<script type=\"application\/ld+json\" class=\"yoast-schema-graph\">{\"@context\":\"https:\/\/schema.org\",\"@graph\":[{\"@type\":\"WebPage\",\"@id\":\"https:\/\/ramset.ca\/fr\/produit\/t4if-gas-powered-tool\/\",\"url\":\"https:\/\/ramset.ca\/fr\/produit\/t4if-gas-powered-tool\/\",\"name\":\"T4IF - Ramset\",\"isPartOf\":{\"@id\":\"https:\/\/ramset.ca\/fr\/#website\"},\"primaryImageOfPage\":{\"@id\":\"https:\/\/ramset.ca\/fr\/produit\/t4if-gas-powered-tool\/#primaryimage\"},\"image\":{\"@id\":\"https:\/\/ramset.ca\/fr\/produit\/t4if-gas-powered-tool\/#primaryimage\"},\"thumbnailUrl\":\"https:\/\/ramset.ca\/wp-content\/uploads\/sites\/7\/2020\/09\/Ramset_T4IF-G.png\",\"datePublished\":\"2020-09-23T17:21:41+00:00\",\"dateModified\":\"2021-05-07T04:29:16+00:00\",\"breadcrumb\":{\"@id\":\"https:\/\/ramset.ca\/fr\/produit\/t4if-gas-powered-tool\/#breadcrumb\"},\"inLanguage\":\"fr-FR\",\"potentialAction\":[{\"@type\":\"ReadAction\",\"target\":[\"https:\/\/ramset.ca\/fr\/produit\/t4if-gas-powered-tool\/\"]}]},{\"@type\":\"ImageObject\",\"inLanguage\":\"fr-FR\",\"@id\":\"https:\/\/ramset.ca\/fr\/produit\/t4if-gas-powered-tool\/#primaryimage\",\"url\":\"https:\/\/ramset.ca\/wp-content\/uploads\/sites\/7\/2020\/09\/Ramset_T4IF-G.png\",\"contentUrl\":\"https:\/\/ramset.ca\/wp-content\/uploads\/sites\/7\/2020\/09\/Ramset_T4IF-G.png\",\"width\":453,\"height\":453},{\"@type\":\"BreadcrumbList\",\"@id\":\"https:\/\/ramset.ca\/fr\/produit\/t4if-gas-powered-tool\/#breadcrumb\",\"itemListElement\":[{\"@type\":\"ListItem\",\"position\":1,\"name\":\"Home\",\"item\":\"https:\/\/ramset.ca\/fr\/\"},{\"@type\":\"ListItem\",\"position\":2,\"name\":\"Boutique\",\"item\":\"https:\/\/ramset.ca\/fr\/boutique\/\"},{\"@type\":\"ListItem\",\"position\":3,\"name\":\"T4IF\"}]},{\"@type\":\"WebSite\",\"@id\":\"https:\/\/ramset.ca\/fr\/#website\",\"url\":\"https:\/\/ramset.ca\/fr\/\",\"name\":\"Ramset\",\"description\":\"Driving Jobsite Speed\",\"potentialAction\":[{\"@type\":\"SearchAction\",\"target\":{\"@type\":\"EntryPoint\",\"urlTemplate\":\"https:\/\/ramset.ca\/fr\/?s={search_term_string}\"},\"query-input\":{\"@type\":\"PropertyValueSpecification\",\"valueRequired\":true,\"valueName\":\"search_term_string\"}}],\"inLanguage\":\"fr-FR\"}]}<\/script>\n<!-- \/ Yoast SEO plugin. -->","yoast_head_json":{"title":"T4IF - Ramset","robots":{"index":"index","follow":"follow","max-snippet":"max-snippet:-1","max-image-preview":"max-image-preview:large","max-video-preview":"max-video-preview:-1"},"canonical":"https:\/\/ramset.ca\/fr\/produit\/t4if-gas-powered-tool\/","og_locale":"fr_FR","og_type":"article","og_title":"T4IF - Ramset","og_description":"Le T4 I-F est un outil enti\u00e8rement automatique avec une capacit\u00e9 de jusqu\u2019\u00e0 1 000 tirs par heure. Avec une faible force d\u2019appui (4,5 kg) \u2013 permet aux utilisateurs de travailler plus rapidement, plus facilement et avec moins de fatigue. Le syst\u00e8me Start &amp; Go permet une \u00e9conomie d\u2019\u00e9nergie avec \u00ab coupure automatique \u00bb lorsqu\u2019il n\u2019est pas utilis\u00e9 pendant 1 minute.","og_url":"https:\/\/ramset.ca\/fr\/produit\/t4if-gas-powered-tool\/","og_site_name":"Ramset","article_modified_time":"2021-05-07T04:29:16+00:00","og_image":[{"width":453,"height":453,"url":"https:\/\/ramset.ca\/wp-content\/uploads\/sites\/7\/2020\/09\/Ramset_T4IF-G.png","type":"image\/png"}],"twitter_card":"summary_large_image","twitter_misc":{"Dur\u00e9e de lecture estim\u00e9e":"3 minutes"},"schema":{"@context":"https:\/\/schema.org","@graph":[{"@type":"WebPage","@id":"https:\/\/ramset.ca\/fr\/produit\/t4if-gas-powered-tool\/","url":"https:\/\/ramset.ca\/fr\/produit\/t4if-gas-powered-tool\/","name":"T4IF - Ramset","isPartOf":{"@id":"https:\/\/ramset.ca\/fr\/#website"},"primaryImageOfPage":{"@id":"https:\/\/ramset.ca\/fr\/produit\/t4if-gas-powered-tool\/#primaryimage"},"image":{"@id":"https:\/\/ramset.ca\/fr\/produit\/t4if-gas-powered-tool\/#primaryimage"},"thumbnailUrl":"https:\/\/ramset.ca\/wp-content\/uploads\/sites\/7\/2020\/09\/Ramset_T4IF-G.png","datePublished":"2020-09-23T17:21:41+00:00","dateModified":"2021-05-07T04:29:16+00:00","breadcrumb":{"@id":"https:\/\/ramset.ca\/fr\/produit\/t4if-gas-powered-tool\/#breadcrumb"},"inLanguage":"fr-FR","potentialAction":[{"@type":"ReadAction","target":["https:\/\/ramset.ca\/fr\/produit\/t4if-gas-powered-tool\/"]}]},{"@type":"ImageObject","inLanguage":"fr-FR","@id":"https:\/\/ramset.ca\/fr\/produit\/t4if-gas-powered-tool\/#primaryimage","url":"https:\/\/ramset.ca\/wp-content\/uploads\/sites\/7\/2020\/09\/Ramset_T4IF-G.png","contentUrl":"https:\/\/ramset.ca\/wp-content\/uploads\/sites\/7\/2020\/09\/Ramset_T4IF-G.png","width":453,"height":453},{"@type":"BreadcrumbList","@id":"https:\/\/ramset.ca\/fr\/produit\/t4if-gas-powered-tool\/#breadcrumb","itemListElement":[{"@type":"ListItem","position":1,"name":"Home","item":"https:\/\/ramset.ca\/fr\/"},{"@type":"ListItem","position":2,"name":"Boutique","item":"https:\/\/ramset.ca\/fr\/boutique\/"},{"@type":"ListItem","position":3,"name":"T4IF"}]},{"@type":"WebSite","@id":"https:\/\/ramset.ca\/fr\/#website","url":"https:\/\/ramset.ca\/fr\/","name":"Ramset","description":"Driving Jobsite Speed","potentialAction":[{"@type":"SearchAction","target":{"@type":"EntryPoint","urlTemplate":"https:\/\/ramset.ca\/fr\/?s={search_term_string}"},"query-input":{"@type":"PropertyValueSpecification","valueRequired":true,"valueName":"search_term_string"}}],"inLanguage":"fr-FR"}]}},"_links":{"self":[{"href":"https:\/\/ramset.ca\/fr\/wp-json\/wp\/v2\/product\/7556","targetHints":{"allow":["GET"]}}],"collection":[{"href":"https:\/\/ramset.ca\/fr\/wp-json\/wp\/v2\/product"}],"about":[{"href":"https:\/\/ramset.ca\/fr\/wp-json\/wp\/v2\/types\/product"}],"wp:featuredmedia":[{"embeddable":true,"href":"https:\/\/ramset.ca\/fr\/wp-json\/wp\/v2\/media\/7557"}],"wp:attachment":[{"href":"https:\/\/ramset.ca\/fr\/wp-json\/wp\/v2\/media?parent=7556"}],"wp:term":[{"taxonomy":"product_brand","embeddable":true,"href":"https:\/\/ramset.ca\/fr\/wp-json\/wp\/v2\/product_brand?post=7556"},{"taxonomy":"product_cat","embeddable":true,"href":"https:\/\/ramset.ca\/fr\/wp-json\/wp\/v2\/product_cat?post=7556"},{"taxonomy":"product_tag","embeddable":true,"href":"https:\/\/ramset.ca\/fr\/wp-json\/wp\/v2\/product_tag?post=7556"}],"curies":[{"name":"wp","href":"https:\/\/api.w.org\/{rel}","templated":true}]}}