{"id":7554,"date":"2020-09-23T17:21:41","date_gmt":"2020-09-23T17:21:41","guid":{"rendered":"https:\/\/ramset.ca\/product\/trakfast-tf1200\/"},"modified":"2021-03-26T19:05:50","modified_gmt":"2021-03-26T19:05:50","slug":"trakfast-tf1200","status":"publish","type":"product","link":"https:\/\/ramset.ca\/fr\/produit\/trakfast-tf1200\/","title":{"rendered":"TrakFast &#8211; TF1200"},"content":{"rendered":"<h4><strong>Le TrakFast a \u00e9t\u00e9 l\u2019outil de choix pour les entrepreneurs en travaux int\u00e9rieurs et ext\u00e9rieurs.<\/strong><\/h4>\n<p><span style=\"color: #000000\"><strong>Fiabilit\u00e9 et accessibilit\u00e9 :<\/strong><\/span><\/p>\n<ul>\n<li>Depuis son lancement en 1991, TrakFast a \u00e9t\u00e9 l\u2019outil de choix pour les entrepreneurs en travaux int\u00e9rieurs et ext\u00e9rieurs<\/li>\n<li>Fixe tous les types de rail, du rail standard au canal \u00e0 chapeau, rail profond, canal en Z et canal en J<\/li>\n<li>Le nez et le profil \u00e9troits permettent \u00e0 l\u2019outil de rejoindre l\u2019int\u00e9rieur du rail profond (1-5\/8 po de largeur x 2 po de hauteur)<\/li>\n<\/ul>\n<p><span style=\"color: #000000\"><strong>Facilit\u00e9 d\u2019utilisation et rapidit\u00e9 :<\/strong><\/span><\/p>\n<ul>\n<li>L\u2019outil r\u00e9initialise automatiquement le piston. Pas de recul, l\u2019outil absorbe les chocs, ce qui r\u00e9duit la fatigue de l\u2019op\u00e9rateur<\/li>\n<li>3 fois plus rapide que les outils \u00e0 poudre sans avoir besoin de permis<\/li>\n<li>La cartouche \u00e0 42 broches r\u00e9duit le temps de chargement<\/li>\n<li>TrakFast utilise une pile \u00e0 combustible, pas une charge. Pas besoin de changer ou de stocker des charges de diff\u00e9rentes couleurs<\/li>\n<\/ul>\n<p><a href=\"https:\/\/ramset.ca\/wp-content\/uploads\/sites\/7\/2020\/09\/TF1200-Selection-Chart-and-Performance-Table.pdf\" target=\"_blank\" rel=\"noopener noreferrer\"><strong>Cliquez ici<\/strong><\/a> pour la s\u00e9lection compl\u00e8te des produits et les tableaux de performances du TF1200; <a href=\"https:\/\/ramset.ca\/wp-content\/uploads\/sites\/7\/2020\/09\/TF1200-Full-Catalog-Pages.pdf\" target=\"_blank\" rel=\"noopener noreferrer\"><strong>Cliquez ici<\/strong><\/a> pour consulter les pages compl\u00e8tes du catalogue du TF1200.<\/p>\n<h4><strong>SP\u00c9CIFICATIONS DE LA BROCHE<\/strong><\/h4>\n<p>Fabriqu\u00e9 \u00e0 partir d\u2019acier AISI\u00a01060-1065. Soumis \u00e0 un processus de trempe \u00e0 une duret\u00e9 \u00e0 c\u0153ur de 52-56\u00a0Rc R\u00e9sistance \u00e0 la traction typique\u00a0: 270 000\u00a0lb\/po<sup>2<\/sup><br \/>\n<strong>R\u00e9sistance au cisaillement typique : <\/strong>162 000 lb\/po<sup>2<\/sup><br \/>\n<strong>Finitions standard\u00a0:<\/strong><\/p>\n<ul>\n<li>Noir exclusif<\/li>\n<li>Plaque de zinc m\u00e9canique d\u2019une \u00e9paisseur minimale de 0,0002 satisfait aux exigences d\u2019ASTM B695 \u2013 classe 5 de Type I<\/li>\n<li>\u00c9lectrozingu\u00e9 avec chromate jaune<\/li>\n<\/ul>\n<h4><strong>TABLEAUX DE PERFORMANCES DES ATTACHES \u00c0 GAZ COLLATIONN\u00c9ES DANS LE B\u00c9TON<\/strong><\/h4>\n<div id=\"tablepress-9-scroll-wrapper\" class=\"tablepress-scroll-wrapper\">\n\n<table id=\"tablepress-9\" class=\"tablepress tablepress-id-9 tablepress-responsive tbody-has-connected-cells\">\n<tbody class=\"row-striping\">\n<tr class=\"row-1\">\n\t<td rowspan=\"3\" class=\"column-1\"><strong>PART <br \/>\nNUMBER <br \/>\nSERIES<\/td><td rowspan=\"3\" class=\"column-2\"><strong>SHANK <br \/>\nDIAMETER <br \/>\n(INCH)<\/td><td rowspan=\"3\" class=\"column-3\"><strong>MINIMUM <br \/>\nPENETRATION <br \/>\n(INCH)<\/td><td colspan=\"6\" class=\"column-4\"><strong>INSTALLED IN STONE AGGREGATE CONCRETE \u2013 CONCRETE COMPRESSIVE STRENGTH <br \/>\nALLOWABLE LOAD \u2013<\/strong>   Ultimate Load<\/td>\n<\/tr>\n<tr class=\"row-2\">\n\t<td colspan=\"2\" class=\"column-4\">2000 PSI<\/td><td colspan=\"2\" class=\"column-6\">3000 PSI<\/td><td colspan=\"2\" class=\"column-8\">4000 PSI<\/td>\n<\/tr>\n<tr class=\"row-3\">\n\t<td class=\"column-4\">TENSION (LBS)<\/td><td class=\"column-5\">SHEAR (LBS)<\/td><td class=\"column-6\">TENSION (LBS)<\/td><td class=\"column-7\">SHEAR (LBS)<\/td><td class=\"column-8\">TENSION (LBS)<\/td><td class=\"column-9\">SHEAR (LBS)<\/td>\n<\/tr>\n<tr class=\"row-4\">\n\t<td rowspan=\"2\" class=\"column-1\">FPP -<br \/>\nStraight Shank<\/td><td rowspan=\"2\" class=\"column-2\">0.109<\/td><td class=\"column-3\">5\/8<\/td><td class=\"column-4\"><strong>60<\/strong>       |       <em>434<\/td><td class=\"column-5\"><strong>55<\/strong>       |       <em>546<\/td><td class=\"column-6\"><strong>55<\/strong>       |       <em>453<\/td><td class=\"column-7\"><strong>75<\/strong>       |       <em>615<\/td><td class=\"column-8\"><strong>55<\/strong>       |       <em>472<\/td><td class=\"column-9\"><strong>95<\/strong>        |      <em>685<\/td>\n<\/tr>\n<tr class=\"row-5\">\n\t<td class=\"column-3\">3\/4<\/td><td class=\"column-4\"><strong>60<\/strong>       |       <em>595<\/td><td class=\"column-5\"><strong>80<\/strong>       |       <em>650<\/td><td class=\"column-6\"><strong>55 <\/strong>     |       <em>583<\/td><td class=\"column-7\"><strong>95<\/strong>       |       <em>699<\/td><td class=\"column-8\"><strong>55<\/strong>       |       <em>571<\/td><td class=\"column-9\"><strong>115<\/strong>       |       <em>749<\/td>\n<\/tr>\n<tr class=\"row-6\">\n\t<td class=\"column-1\">FPPSP -<br \/>\nStep Shank<\/td><td class=\"column-2\">0.104\/0.118<\/td><td class=\"column-3\">3\/4<\/td><td class=\"column-4\">-----      |       -----<\/td><td class=\"column-5\">-----      |       -----<\/td><td class=\"column-6\">-----      |       -----<\/td><td class=\"column-7\">-----       |      -----<\/td><td class=\"column-8\"><strong>51<\/strong>       |       <em>256<\/td><td class=\"column-9\"><strong>83<\/strong>       |       <em>418<\/td>\n<\/tr>\n<tr class=\"row-7\">\n\t<td colspan=\"9\" class=\"column-1\"><\/td>\n<\/tr>\n<tr class=\"row-8\">\n\t<td rowspan=\"3\" class=\"column-1\"><strong>PART <br \/>\nNUMBER <br \/>\nSERIES<\/td><td rowspan=\"3\" class=\"column-2\"><strong>SHANK <br \/>\nDIAMETER <br \/>\n(INCH)<\/td><td rowspan=\"3\" class=\"column-3\"><strong>MINIMUM <br \/>\nPENETRATION <br \/>\n(INCH)<\/td><td colspan=\"6\" class=\"column-4\"><strong>INSTALLED IN STONE AGGREGATE CONCRETE \u2013 CONCRETE COMPRESSIVE STRENGTH <br \/>\nALLOWABLE LOAD \u2013<\/strong>   Ultimate Load<\/td>\n<\/tr>\n<tr class=\"row-9\">\n\t<td colspan=\"2\" class=\"column-4\">3000 PSI<br \/>\nLIGHT WEIGHT CONCRETE<\/td><td colspan=\"2\" class=\"column-6\">3000 PSI LIGHT WEIGHT CONCRETE <br \/>\nWITH METAL DECK<\/td><td colspan=\"2\" class=\"column-8\">HOLLOW CONCRETE<br \/>\nMASONRY UNITS      (CMU) ANY LOCATION<\/td>\n<\/tr>\n<tr class=\"row-10\">\n\t<td class=\"column-4\">TENSION (LBS)<\/td><td class=\"column-5\">SHEAR (LBS)<\/td><td class=\"column-6\">TENSION (LBS)<\/td><td class=\"column-7\">SHEAR (LBS)<\/td><td class=\"column-8\">TENSION (LBS)<\/td><td class=\"column-9\">SHEAR (LBS)<\/td>\n<\/tr>\n<tr class=\"row-11\">\n\t<td rowspan=\"2\" class=\"column-1\">FPP -<br \/>\nStraight Shank<\/td><td rowspan=\"2\" class=\"column-2\">0.109<\/td><td class=\"column-3\">5\/8<\/td><td class=\"column-4\"><strong>35<\/strong>       |       <em>235<\/em><\/td><td class=\"column-5\"><strong>55<\/strong>        |      <em>403<\/td><td class=\"column-6\"><strong>30<\/strong>      |        <em>239<\/td><td class=\"column-7\"><strong>205<\/strong>       |       <em>1025<\/td><td class=\"column-8\"><strong>35<\/strong>       |       <em>347<\/td><td class=\"column-9\"><strong>50<\/strong>       |       <em>435<\/td>\n<\/tr>\n<tr class=\"row-12\">\n\t<td class=\"column-3\">3\/4<\/td><td class=\"column-4\"><strong>80<\/strong>       |       <em>630<\/td><td class=\"column-5\"><strong>115<\/strong>       |       <em>756<\/td><td class=\"column-6\"><strong>40<\/strong>       |       <em>330<\/td><td class=\"column-7\"><strong>235<\/strong>        |      <em>1284<\/td><td class=\"column-8\">-----      |       -----<\/td><td class=\"column-9\">-----       |      -----<\/td>\n<\/tr>\n<tr class=\"row-13\">\n\t<td class=\"column-1\">FPPSP -<br \/>\nStep Shank<\/td><td class=\"column-2\">0.104\/0.118<\/td><td class=\"column-3\">3\/4<\/td><td class=\"column-4\">-----       |      -----<\/td><td class=\"column-5\">-----       |      -----<\/td><td class=\"column-6\">-----       |      -----<\/td><td class=\"column-7\">-----       |      -----<\/td><td class=\"column-8\"><strong>36<\/strong>        |      <em>184<\/td><td class=\"column-9\"><strong>58<\/strong>       |       <em>290<\/td>\n<\/tr>\n<\/tbody>\n<\/table>\n\n<\/div>\n<p><strong>Remarque\u00a01\u00a0:<\/strong> Les charges ADMISSIBLES sont indiqu\u00e9es en CARACT\u00c8RES GRAS, et les charges ultimes sont indiqu\u00e9es en police italique plus petite. <strong>Remarque\u00a02\u00a0:<\/strong> Tests r\u00e9alis\u00e9s conform\u00e9ment aux normes CPI\u00a0AC70 et ASTM\u00a0E1190. <strong>Remarque\u00a03\u00a0:<\/strong> Les facteurs de s\u00e9curit\u00e9 sont bas\u00e9s sur le coefficient de variation. Conform\u00e9ment \u00e0 la norme ICC\u00a0AC70, le coefficient de s\u00e9curit\u00e9 ne sera pas moins de 5. <strong>Remarque\u00a04\u00a0:<\/strong> Les valeurs indiqu\u00e9es dans le b\u00e9ton sont pour la fixation uniquement. Les membres connect\u00e9s doivent \u00eatre \u00e9tudi\u00e9s s\u00e9par\u00e9ment. <strong>Remarque\u00a05\u00a0:<\/strong> La charge cyclique, la fatigue, les chocs et d\u2019autres crit\u00e8res de conception peuvent exiger un facteur de s\u00e9curit\u00e9 diff\u00e9rent. <strong>Remarque\u00a06\u00a0:<\/strong> Les tests sur le chantier peuvent \u00eatre n\u00e9cessaires pour d\u00e9terminer les valeurs r\u00e9elles sur le chantier. <strong>Remarque\u00a07\u00a0:<\/strong> La distance minimum aux bords dans le b\u00e9ton est de 3\u00a0pouces sauf autorisation contraire. <strong>Remarque\u00a08\u00a0:<\/strong> Pour SI\u00a0: 1\u00a0lbf = 4,448 N, 1\u00a0pouce = 25,4\u00a0mm, 1\u00a0ksi = 6,89\u00a0MPa<\/p>\n<h4><strong>TABLEAUX DE PERFORMANCES DES ATTACHES \u00c0 GAZ DANS L\u2019ACIER<\/strong><\/h4>\n<div id=\"tablepress-10-scroll-wrapper\" class=\"tablepress-scroll-wrapper\">\n\n<table id=\"tablepress-10\" class=\"tablepress tablepress-id-10 tablepress-responsive tbody-has-connected-cells\">\n<tbody class=\"row-striping\">\n<tr class=\"row-1\">\n\t<td rowspan=\"3\" class=\"column-1\"><strong>PART <br \/>\nNUMBER<\/td><td rowspan=\"3\" class=\"column-2\"><strong>SHANK DIA. <br \/>\n(INCH)<\/td><td rowspan=\"3\" class=\"column-3\"><strong>TYPE OF <br \/>\nSHANK<\/td><td colspan=\"6\" class=\"column-4\"><strong>INSTALLED IN A36 STRUCTURAL STEEL \u2013 STEEL THICKNESS INCHES <br \/>\nALLOWABLE LOAD \u2013<\/strong>   Ultimate Load<\/td>\n<\/tr>\n<tr class=\"row-2\">\n\t<td colspan=\"2\" class=\"column-4\">3\/16 (.1875)<\/td><td colspan=\"2\" class=\"column-6\">1\/4 (.250)<\/td><td colspan=\"2\" class=\"column-8\">3\/8 (.375)<\/td>\n<\/tr>\n<tr class=\"row-3\">\n\t<td class=\"column-4\">TENSION (LBS)<\/td><td class=\"column-5\">SHEER (LBS)<\/td><td class=\"column-6\">TENSION (LBS)<\/td><td class=\"column-7\">SHEER (LBS)<\/td><td class=\"column-8\">TENSION (LBS)<\/td><td class=\"column-9\">SHEAR (LBS)<\/td>\n<\/tr>\n<tr class=\"row-4\">\n\t<td class=\"column-1\">FPPSP916<\/td><td class=\"column-2\">0.104\/.118<\/td><td class=\"column-3\">SMOOTH<\/td><td class=\"column-4\">-----       |      -----<\/td><td class=\"column-5\">-----        |     -----<\/td><td class=\"column-6\"><strong>148<\/strong>       |      <em>744<\/em><\/td><td class=\"column-7\"><strong>157<\/strong>       |      <em>787<\/td><td class=\"column-8\"><strong>166<\/strong>       |      <em>832<\/td><td class=\"column-9\"><strong>157<\/strong>      |       <em>787<\/td>\n<\/tr>\n<\/tbody>\n<\/table>\n\n<\/div>\n<p><strong><span style=\"color: #333333\">Remarque\u00a01\u00a0: <\/span><\/strong><span style=\"color: #333333\">Les charges ADMISSIBLES sont indiqu\u00e9es en CARACT\u00c8RES GRAS, et les charges ultimes sont indiqu\u00e9es en police italique plus petite. <\/span><strong><span style=\"color: #333333\">Remarque\u00a02\u00a0: <\/span><\/strong><span style=\"color: #333333\">Tests r\u00e9alis\u00e9s conform\u00e9ment aux normes CPI\u00a0AC70 et ASTM\u00a0E1190. <\/span><strong><span style=\"color: #333333\">Remarque 3 : <\/span><\/strong><span style=\"color: #333333\">Les facteurs de s\u00e9curit\u00e9 sont bas\u00e9s sur le coefficient de variation. Conform\u00e9ment \u00e0 la norme ICC AC70, le coefficient de s\u00e9curit\u00e9 ne sera pas moins de 5. <\/span><strong><span style=\"color: #333333\">Remarque 4 : <\/span><\/strong><span style=\"color: #333333\">La charge cyclique, la fatigue, les chocs et d\u2019autres crit\u00e8res de conception peuvent exiger un facteur de s\u00e9curit\u00e9 diff\u00e9rent. <\/span><strong><span style=\"color: #333333\">Remarque 5 : <\/span><\/strong><span style=\"color: #333333\">Les tests sur le chantier peuvent \u00eatre n\u00e9cessaires pour d\u00e9terminer les valeurs r\u00e9elles sur le chantier. <\/span><strong><span style=\"color: #333333\">Remarque 6 : <\/span><\/strong><span style=\"color: #333333\">Les valeurs indiqu\u00e9es sont pour des fixations avec l\u2019enti\u00e8re extr\u00e9mit\u00e9 pointue enfonc\u00e9e \u00e0 travers la plaque d\u2019acier; sauf tel que not\u00e9 ci-dessous. <\/span><strong><span style=\"color: #333333\">Remarque 7 : <\/span><\/strong><span style=\"color: #333333\">La p\u00e9n\u00e9tration de la fixation est d\u2019un minimum de 0,31 po. <\/span><strong><span style=\"color: #333333\">Remarque 8 : <\/span><\/strong><span style=\"color: #333333\">Pour SI : 1 lbf = 4,448 N, 1 pouce = 25,4 mm, 1 ksi = 6,89 MPa<\/span><\/p>\n<h4><strong>CENTRES DE SERVICE PASLODE AUTORIS\u00c9S<\/strong><\/h4>\n<p><a href=\"https:\/\/ramset.ca\/fr\/approved-tool-service-centres\/\" target=\"_blank\" rel=\"noopener noreferrer\"><strong>Cliquez ici<\/strong><\/a> pour la liste des centres de service Paslode autoris\u00e9s<\/p>\n<hr \/>\n<p>&nbsp;<\/p>\n","protected":false},"excerpt":{"rendered":"<p>Le syst\u00e8me de fixation automatique TrakFast fixe tous les types de rail, du rail standard au canal chapeau, en passant par les rails profonds, Z et J. La vitesse et la productivit\u00e9 accrues de TrakFast permettent \u00e0 l\u2019entrepreneur de soumissionner de mani\u00e8re plus comp\u00e9titive, d\u2019achever le projet plus t\u00f4t et de passer au projet suivant.<\/p>\n","protected":false},"featured_media":7555,"template":"","meta":{"_acf_changed":false,"inline_featured_image":false},"product_brand":[],"product_cat":[150],"product_tag":[],"class_list":{"0":"post-7554","1":"product","2":"type-product","3":"status-publish","4":"has-post-thumbnail","6":"product_cat-outils-a-gaz","8":"first","9":"instock","10":"product-type-simple"},"acf":[],"yoast_head":"<!-- This site is optimized with the Yoast SEO plugin v27.2 - https:\/\/yoast.com\/product\/yoast-seo-wordpress\/ -->\n<title>TrakFast - TF1200 - Ramset<\/title>\n<meta name=\"robots\" content=\"index, follow, max-snippet:-1, max-image-preview:large, max-video-preview:-1\" \/>\n<link rel=\"canonical\" href=\"https:\/\/ramset.ca\/fr\/produit\/trakfast-tf1200\/\" \/>\n<meta property=\"og:locale\" content=\"fr_FR\" \/>\n<meta property=\"og:type\" content=\"article\" \/>\n<meta property=\"og:title\" content=\"TrakFast - TF1200 - Ramset\" \/>\n<meta property=\"og:description\" content=\"Le syst\u00e8me de fixation automatique TrakFast fixe tous les types de rail, du rail standard au canal chapeau, en passant par les rails profonds, Z et J. La vitesse et la productivit\u00e9 accrues de TrakFast permettent \u00e0 l\u2019entrepreneur de soumissionner de mani\u00e8re plus comp\u00e9titive, d\u2019achever le projet plus t\u00f4t et de passer au projet suivant.\" \/>\n<meta property=\"og:url\" content=\"https:\/\/ramset.ca\/fr\/produit\/trakfast-tf1200\/\" \/>\n<meta property=\"og:site_name\" content=\"Ramset\" \/>\n<meta property=\"article:modified_time\" content=\"2021-03-26T19:05:50+00:00\" \/>\n<meta property=\"og:image\" content=\"https:\/\/ramset.ca\/wp-content\/uploads\/sites\/7\/2020\/09\/Ramset_TF1200_Tool-e1602174877448.png\" \/>\n\t<meta property=\"og:image:width\" content=\"453\" \/>\n\t<meta property=\"og:image:height\" content=\"453\" \/>\n\t<meta property=\"og:image:type\" content=\"image\/png\" \/>\n<meta name=\"twitter:card\" content=\"summary_large_image\" \/>\n<meta name=\"twitter:label1\" content=\"Dur\u00e9e de lecture estim\u00e9e\" \/>\n\t<meta name=\"twitter:data1\" content=\"3 minutes\" \/>\n<script type=\"application\/ld+json\" class=\"yoast-schema-graph\">{\"@context\":\"https:\/\/schema.org\",\"@graph\":[{\"@type\":\"WebPage\",\"@id\":\"https:\/\/ramset.ca\/fr\/produit\/trakfast-tf1200\/\",\"url\":\"https:\/\/ramset.ca\/fr\/produit\/trakfast-tf1200\/\",\"name\":\"TrakFast - TF1200 - Ramset\",\"isPartOf\":{\"@id\":\"https:\/\/ramset.ca\/fr\/#website\"},\"primaryImageOfPage\":{\"@id\":\"https:\/\/ramset.ca\/fr\/produit\/trakfast-tf1200\/#primaryimage\"},\"image\":{\"@id\":\"https:\/\/ramset.ca\/fr\/produit\/trakfast-tf1200\/#primaryimage\"},\"thumbnailUrl\":\"https:\/\/ramset.ca\/wp-content\/uploads\/sites\/7\/2020\/09\/Ramset_TF1200_Tool-e1602174877448.png\",\"datePublished\":\"2020-09-23T17:21:41+00:00\",\"dateModified\":\"2021-03-26T19:05:50+00:00\",\"breadcrumb\":{\"@id\":\"https:\/\/ramset.ca\/fr\/produit\/trakfast-tf1200\/#breadcrumb\"},\"inLanguage\":\"fr-FR\",\"potentialAction\":[{\"@type\":\"ReadAction\",\"target\":[\"https:\/\/ramset.ca\/fr\/produit\/trakfast-tf1200\/\"]}]},{\"@type\":\"ImageObject\",\"inLanguage\":\"fr-FR\",\"@id\":\"https:\/\/ramset.ca\/fr\/produit\/trakfast-tf1200\/#primaryimage\",\"url\":\"https:\/\/ramset.ca\/wp-content\/uploads\/sites\/7\/2020\/09\/Ramset_TF1200_Tool-e1602174877448.png\",\"contentUrl\":\"https:\/\/ramset.ca\/wp-content\/uploads\/sites\/7\/2020\/09\/Ramset_TF1200_Tool-e1602174877448.png\",\"width\":453,\"height\":453},{\"@type\":\"BreadcrumbList\",\"@id\":\"https:\/\/ramset.ca\/fr\/produit\/trakfast-tf1200\/#breadcrumb\",\"itemListElement\":[{\"@type\":\"ListItem\",\"position\":1,\"name\":\"Home\",\"item\":\"https:\/\/ramset.ca\/fr\/\"},{\"@type\":\"ListItem\",\"position\":2,\"name\":\"Boutique\",\"item\":\"https:\/\/ramset.ca\/fr\/boutique\/\"},{\"@type\":\"ListItem\",\"position\":3,\"name\":\"TrakFast &#8211; TF1200\"}]},{\"@type\":\"WebSite\",\"@id\":\"https:\/\/ramset.ca\/fr\/#website\",\"url\":\"https:\/\/ramset.ca\/fr\/\",\"name\":\"Ramset\",\"description\":\"Driving Jobsite Speed\",\"potentialAction\":[{\"@type\":\"SearchAction\",\"target\":{\"@type\":\"EntryPoint\",\"urlTemplate\":\"https:\/\/ramset.ca\/fr\/?s={search_term_string}\"},\"query-input\":{\"@type\":\"PropertyValueSpecification\",\"valueRequired\":true,\"valueName\":\"search_term_string\"}}],\"inLanguage\":\"fr-FR\"}]}<\/script>\n<!-- \/ Yoast SEO plugin. -->","yoast_head_json":{"title":"TrakFast - TF1200 - Ramset","robots":{"index":"index","follow":"follow","max-snippet":"max-snippet:-1","max-image-preview":"max-image-preview:large","max-video-preview":"max-video-preview:-1"},"canonical":"https:\/\/ramset.ca\/fr\/produit\/trakfast-tf1200\/","og_locale":"fr_FR","og_type":"article","og_title":"TrakFast - TF1200 - Ramset","og_description":"Le syst\u00e8me de fixation automatique TrakFast fixe tous les types de rail, du rail standard au canal chapeau, en passant par les rails profonds, Z et J. La vitesse et la productivit\u00e9 accrues de TrakFast permettent \u00e0 l\u2019entrepreneur de soumissionner de mani\u00e8re plus comp\u00e9titive, d\u2019achever le projet plus t\u00f4t et de passer au projet suivant.","og_url":"https:\/\/ramset.ca\/fr\/produit\/trakfast-tf1200\/","og_site_name":"Ramset","article_modified_time":"2021-03-26T19:05:50+00:00","og_image":[{"width":453,"height":453,"url":"https:\/\/ramset.ca\/wp-content\/uploads\/sites\/7\/2020\/09\/Ramset_TF1200_Tool-e1602174877448.png","type":"image\/png"}],"twitter_card":"summary_large_image","twitter_misc":{"Dur\u00e9e de lecture estim\u00e9e":"3 minutes"},"schema":{"@context":"https:\/\/schema.org","@graph":[{"@type":"WebPage","@id":"https:\/\/ramset.ca\/fr\/produit\/trakfast-tf1200\/","url":"https:\/\/ramset.ca\/fr\/produit\/trakfast-tf1200\/","name":"TrakFast - TF1200 - Ramset","isPartOf":{"@id":"https:\/\/ramset.ca\/fr\/#website"},"primaryImageOfPage":{"@id":"https:\/\/ramset.ca\/fr\/produit\/trakfast-tf1200\/#primaryimage"},"image":{"@id":"https:\/\/ramset.ca\/fr\/produit\/trakfast-tf1200\/#primaryimage"},"thumbnailUrl":"https:\/\/ramset.ca\/wp-content\/uploads\/sites\/7\/2020\/09\/Ramset_TF1200_Tool-e1602174877448.png","datePublished":"2020-09-23T17:21:41+00:00","dateModified":"2021-03-26T19:05:50+00:00","breadcrumb":{"@id":"https:\/\/ramset.ca\/fr\/produit\/trakfast-tf1200\/#breadcrumb"},"inLanguage":"fr-FR","potentialAction":[{"@type":"ReadAction","target":["https:\/\/ramset.ca\/fr\/produit\/trakfast-tf1200\/"]}]},{"@type":"ImageObject","inLanguage":"fr-FR","@id":"https:\/\/ramset.ca\/fr\/produit\/trakfast-tf1200\/#primaryimage","url":"https:\/\/ramset.ca\/wp-content\/uploads\/sites\/7\/2020\/09\/Ramset_TF1200_Tool-e1602174877448.png","contentUrl":"https:\/\/ramset.ca\/wp-content\/uploads\/sites\/7\/2020\/09\/Ramset_TF1200_Tool-e1602174877448.png","width":453,"height":453},{"@type":"BreadcrumbList","@id":"https:\/\/ramset.ca\/fr\/produit\/trakfast-tf1200\/#breadcrumb","itemListElement":[{"@type":"ListItem","position":1,"name":"Home","item":"https:\/\/ramset.ca\/fr\/"},{"@type":"ListItem","position":2,"name":"Boutique","item":"https:\/\/ramset.ca\/fr\/boutique\/"},{"@type":"ListItem","position":3,"name":"TrakFast &#8211; TF1200"}]},{"@type":"WebSite","@id":"https:\/\/ramset.ca\/fr\/#website","url":"https:\/\/ramset.ca\/fr\/","name":"Ramset","description":"Driving Jobsite Speed","potentialAction":[{"@type":"SearchAction","target":{"@type":"EntryPoint","urlTemplate":"https:\/\/ramset.ca\/fr\/?s={search_term_string}"},"query-input":{"@type":"PropertyValueSpecification","valueRequired":true,"valueName":"search_term_string"}}],"inLanguage":"fr-FR"}]}},"_links":{"self":[{"href":"https:\/\/ramset.ca\/fr\/wp-json\/wp\/v2\/product\/7554","targetHints":{"allow":["GET"]}}],"collection":[{"href":"https:\/\/ramset.ca\/fr\/wp-json\/wp\/v2\/product"}],"about":[{"href":"https:\/\/ramset.ca\/fr\/wp-json\/wp\/v2\/types\/product"}],"wp:featuredmedia":[{"embeddable":true,"href":"https:\/\/ramset.ca\/fr\/wp-json\/wp\/v2\/media\/7555"}],"wp:attachment":[{"href":"https:\/\/ramset.ca\/fr\/wp-json\/wp\/v2\/media?parent=7554"}],"wp:term":[{"taxonomy":"product_brand","embeddable":true,"href":"https:\/\/ramset.ca\/fr\/wp-json\/wp\/v2\/product_brand?post=7554"},{"taxonomy":"product_cat","embeddable":true,"href":"https:\/\/ramset.ca\/fr\/wp-json\/wp\/v2\/product_cat?post=7554"},{"taxonomy":"product_tag","embeddable":true,"href":"https:\/\/ramset.ca\/fr\/wp-json\/wp\/v2\/product_tag?post=7554"}],"curies":[{"name":"wp","href":"https:\/\/api.w.org\/{rel}","templated":true}]}}