{"id":7626,"date":"2018-12-17T08:46:49","date_gmt":"2018-12-17T08:46:49","guid":{"rendered":"https:\/\/ramset.ca\/about\/"},"modified":"2021-02-12T19:24:47","modified_gmt":"2021-02-12T19:24:47","slug":"a-propos","status":"publish","type":"page","link":"https:\/\/ramset.ca\/fr\/a-propos\/","title":{"rendered":"\u00c0 propos"},"content":{"rendered":"<div class=\"wpb-content-wrapper\"><p>[vc_row row_content_width=\u00a0\u00bbgrid\u00a0\u00bb row_btt_skin=\u00a0\u00bblight\u00a0\u00bb row_background_text_position=\u00a0\u00bbfront\u00a0\u00bb row_skin=\u00a0\u00bbdark\u00a0\u00bb][vc_column][vc_column_text]<\/p>\n<h2 class=\"mkdf-st-title\" style=\"color: #ff5e14;\">Pour tous vos besoins de fixation pour la construction commerciale.<\/h2>\n<p>ITW a vu un d\u00e9fi : comment cr\u00e9er un outil portable qui fournit la puissance des outils pneumatiques sans les flexibles et les compresseurs. En 1991, ITW Paslode a relev\u00e9 le d\u00e9fi avec la r\u00e9volution de la technologie \u00e0 essence. La cloueuse de finition sans fil Impulse a fourni la puissance des outils pneumatiques sans encombrer les chantiers.<\/p>\n<p>Avec l&rsquo;intention de favoriser la vitesse sur le chantier tout en cr\u00e9ant un environnement de travail plus s\u00fbr, ITW Ramset s&rsquo;est appuy\u00e9 sur la technologie Paslode et a introduit en 1992 le TrakFast au m\u00e9tier de pose des cloisons s\u00e8ches. Cela a chang\u00e9 \u00e0 jamais la fa\u00e7on dont le monde fonctionnait. En 2003, ITW Ramset a suivi le succ\u00e8s du TrakFast avec le T3SS, qui \u00e9tablit la norme pour les entrepreneurs \u00e9lectriques et m\u00e9caniques.\u00a0 En 2007, l&rsquo;introduction du T3MAG, la nouvelle g\u00e9n\u00e9ration d\u2019attache de rail, a donn\u00e9 \u00e0 la technologie du gaz le pouvoir d\u2019enfoncer facilement en surplomb dans le b\u00e9ton dur et l&rsquo;acier sans avoir \u00e0 utiliser un outil actionn\u00e9 par la poudre.<\/p>\n<p><a href=\"https:\/\/ramset.ca\/fr\/\">Ramset<\/a>, une unit\u00e9 commerciale d<a href=\"https:\/\/itwconstruction.ca\/fr\/\">&lsquo;ITW Construction Products Canada<\/a>, une division d&rsquo;<a href=\"https:\/\/itw.com\">Illinois Tool Works<\/a>, est un chef de file dans la fabrication d&rsquo;outils \u00e0 gaz et d&rsquo;outils \u00e0 poudre, de broches, de charges et de fixations. Ses produits sont largement utilis\u00e9s par les entreprises de construction commerciale et les entrepreneurs.<\/p>\n<p>Pour en savoir plus sur le produit ou pour trouver un d\u00e9taillant, veuillez visiter le site www.ramset.ca ou composer le <a href=\"tel:+18003876472\">800-387-6472<\/a>.[\/vc_column_text][\/vc_column][\/vc_row][vc_row row_content_width=\u00a0\u00bbgrid\u00a0\u00bb row_btt_skin=\u00a0\u00bblight\u00a0\u00bb row_background_text_position=\u00a0\u00bbfront\u00a0\u00bb][vc_column width=\u00a0\u00bb1\/3&Prime;]<div class=\"mkdf-banner-holder  mkdf-hover-background-color mkdf-banner-info-default\">\n    <div class=\"mkdf-banner-image\">\n            <\/div>\n    <div class=\"mkdf-banner-text-holder\" style=\"padding: 35px 22px 31px 0\">\n\t    <div class=\"mkdf-banner-text-outer\">\n\t\t    <div class=\"mkdf-banner-text-inner\">\n\t\t        \t\t            <h5 class=\"mkdf-banner-subtitle\" style=\"font-size: 12px;color: #57585b\">\n\t\t\t            NOS PRODUITS\t\t            <\/h5>\n\t\t        \t\t        \t\t            <h4 class=\"mkdf-banner-title\" style=\"color: #f47937;margin-top: -3px\">\n\t\t                Outils \u00e0 gaz\t                <\/h4>\n\t\t        \t\t\t\t                    <a itemprop=\"url\" href=\"\/fr\/categorie-produit\/outils-a-gaz\/\" target=\"_self\"  class=\"mkdf-btn mkdf-btn-medium mkdf-btn-simple\"  >\n    <span class=\"mkdf-btn-text\"><\/span>\n    <\/a>\t\t        \t\t\t<\/div>\n\t\t<\/div>\n\t<\/div>\n\t        <a itemprop=\"url\" class=\"mkdf-banner-link\" href=\"\/fr\/categorie-produit\/outils-a-gaz\/\" target=\"_self\"><\/a>\n    <div class=\"mkdf-banner-bottom-line\" ><\/div>\n<\/div>[vc_empty_space][\/vc_column][vc_column width=\u00a0\u00bb1\/3&Prime;]<div class=\"mkdf-banner-holder  mkdf-hover-background-color mkdf-banner-info-default\">\n    <div class=\"mkdf-banner-image\">\n            <\/div>\n    <div class=\"mkdf-banner-text-holder\" style=\"padding: 35px 22px 31px 0\">\n\t    <div class=\"mkdf-banner-text-outer\">\n\t\t    <div class=\"mkdf-banner-text-inner\">\n\t\t        \t\t            <h5 class=\"mkdf-banner-subtitle\" style=\"font-size: 12px;color: #57585b\">\n\t\t\t            NOS PRODUITS\t\t            <\/h5>\n\t\t        \t\t        \t\t            <h4 class=\"mkdf-banner-title\" style=\"color: #f47937;margin-top: -3px\">\n\t\t                Outils \u00e0 poudre\t                <\/h4>\n\t\t        \t\t\t\t                    <a itemprop=\"url\" href=\"\/fr\/categorie-produit\/outils-a-poudre\/\" target=\"_self\"  class=\"mkdf-btn mkdf-btn-medium mkdf-btn-simple\"  >\n    <span class=\"mkdf-btn-text\"><\/span>\n    <\/a>\t\t        \t\t\t<\/div>\n\t\t<\/div>\n\t<\/div>\n\t        <a itemprop=\"url\" class=\"mkdf-banner-link\" href=\"\/fr\/categorie-produit\/outils-a-poudre\/\" target=\"_self\"><\/a>\n    <div class=\"mkdf-banner-bottom-line\" ><\/div>\n<\/div>[vc_empty_space][\/vc_column][vc_column width=\u00a0\u00bb1\/3&Prime;]<div class=\"mkdf-banner-holder  mkdf-hover-background-color mkdf-banner-info-default\">\n    <div class=\"mkdf-banner-image\">\n            <\/div>\n    <div class=\"mkdf-banner-text-holder\" style=\"padding: 35px 22px 31px 0\">\n\t    <div class=\"mkdf-banner-text-outer\">\n\t\t    <div class=\"mkdf-banner-text-inner\">\n\t\t        \t\t            <h5 class=\"mkdf-banner-subtitle\" style=\"font-size: 12px;color: #57585b\">\n\t\t\t            NOS PRODUITS\t\t            <\/h5>\n\t\t        \t\t        \t\t            <h4 class=\"mkdf-banner-title\" style=\"color: #f47937;margin-top: -3px\">\n\t\t                Broches et charges\t                <\/h4>\n\t\t        \t\t\t\t                    <a itemprop=\"url\" href=\"\/fr\/categorie-produit\/broches-et-charges\/\" target=\"_self\"  class=\"mkdf-btn mkdf-btn-medium mkdf-btn-simple\"  >\n    <span class=\"mkdf-btn-text\"><\/span>\n    <\/a>\t\t        \t\t\t<\/div>\n\t\t<\/div>\n\t<\/div>\n\t        <a itemprop=\"url\" class=\"mkdf-banner-link\" href=\"\/fr\/categorie-produit\/broches-et-charges\/\" target=\"_self\"><\/a>\n    <div class=\"mkdf-banner-bottom-line\" ><\/div>\n<\/div>[vc_empty_space][\/vc_column][\/vc_row]<\/p>\n<\/div>","protected":false},"excerpt":{"rendered":"<p>[vc_row row_content_width=\u00a0\u00bbgrid\u00a0\u00bb row_btt_skin=\u00a0\u00bblight\u00a0\u00bb row_background_text_position=\u00a0\u00bbfront\u00a0\u00bb row_skin=\u00a0\u00bbdark\u00a0\u00bb][vc_column][vc_column_text] Pour tous vos besoins de fixation pour la construction commerciale. ITW a vu un d\u00e9fi : comment cr\u00e9er un outil portable qui fournit la puissance des outils pneumatiques sans les flexibles et les compresseurs. En [&hellip;]<\/p>\n","protected":false},"author":1,"featured_media":0,"parent":0,"menu_order":0,"comment_status":"closed","ping_status":"closed","template":"full-width.php","meta":{"_acf_changed":false,"inline_featured_image":false,"footnotes":""},"class_list":["post-7626","page","type-page","status-publish","hentry"],"acf":[],"yoast_head":"<!-- This site is optimized with the Yoast SEO plugin v27.2 - https:\/\/yoast.com\/product\/yoast-seo-wordpress\/ -->\n<title>\u00c0 propos - Ramset<\/title>\n<meta name=\"description\" content=\"A business unit of ITW Construction Products Canada, a division of Illinois Tool Works, is a leading manufacturer of Gas Tools, Powder Actuated Tools and related pins and fasteners for commercial construction.\" \/>\n<meta name=\"robots\" content=\"index, follow, max-snippet:-1, max-image-preview:large, max-video-preview:-1\" \/>\n<link rel=\"canonical\" href=\"https:\/\/ramset.ca\/fr\/a-propos\/\" \/>\n<meta property=\"og:locale\" content=\"fr_FR\" \/>\n<meta property=\"og:type\" content=\"article\" \/>\n<meta property=\"og:title\" content=\"\u00c0 propos - Ramset\" \/>\n<meta property=\"og:description\" content=\"A business unit of ITW Construction Products Canada, a division of Illinois Tool Works, is a leading manufacturer of Gas Tools, Powder Actuated Tools and related pins and fasteners for commercial construction.\" \/>\n<meta property=\"og:url\" content=\"https:\/\/ramset.ca\/fr\/a-propos\/\" \/>\n<meta property=\"og:site_name\" content=\"Ramset\" \/>\n<meta property=\"article:modified_time\" content=\"2021-02-12T19:24:47+00:00\" \/>\n<meta name=\"twitter:card\" content=\"summary_large_image\" \/>\n<meta name=\"twitter:label1\" content=\"Dur\u00e9e de lecture estim\u00e9e\" \/>\n\t<meta name=\"twitter:data1\" content=\"2 minutes\" \/>\n<script type=\"application\/ld+json\" class=\"yoast-schema-graph\">{\"@context\":\"https:\/\/schema.org\",\"@graph\":[{\"@type\":\"WebPage\",\"@id\":\"https:\/\/ramset.ca\/fr\/a-propos\/\",\"url\":\"https:\/\/ramset.ca\/fr\/a-propos\/\",\"name\":\"\u00c0 propos - Ramset\",\"isPartOf\":{\"@id\":\"https:\/\/ramset.ca\/fr\/#website\"},\"datePublished\":\"2018-12-17T08:46:49+00:00\",\"dateModified\":\"2021-02-12T19:24:47+00:00\",\"description\":\"A business unit of ITW Construction Products Canada, a division of Illinois Tool Works, is a leading manufacturer of Gas Tools, Powder Actuated Tools and related pins and fasteners for commercial construction.\",\"breadcrumb\":{\"@id\":\"https:\/\/ramset.ca\/fr\/a-propos\/#breadcrumb\"},\"inLanguage\":\"fr-FR\",\"potentialAction\":[{\"@type\":\"ReadAction\",\"target\":[\"https:\/\/ramset.ca\/fr\/a-propos\/\"]}]},{\"@type\":\"BreadcrumbList\",\"@id\":\"https:\/\/ramset.ca\/fr\/a-propos\/#breadcrumb\",\"itemListElement\":[{\"@type\":\"ListItem\",\"position\":1,\"name\":\"Home\",\"item\":\"https:\/\/ramset.ca\/fr\/\"},{\"@type\":\"ListItem\",\"position\":2,\"name\":\"\u00c0 propos\"}]},{\"@type\":\"WebSite\",\"@id\":\"https:\/\/ramset.ca\/fr\/#website\",\"url\":\"https:\/\/ramset.ca\/fr\/\",\"name\":\"Ramset\",\"description\":\"Driving Jobsite Speed\",\"potentialAction\":[{\"@type\":\"SearchAction\",\"target\":{\"@type\":\"EntryPoint\",\"urlTemplate\":\"https:\/\/ramset.ca\/fr\/?s={search_term_string}\"},\"query-input\":{\"@type\":\"PropertyValueSpecification\",\"valueRequired\":true,\"valueName\":\"search_term_string\"}}],\"inLanguage\":\"fr-FR\"}]}<\/script>\n<!-- \/ Yoast SEO plugin. -->","yoast_head_json":{"title":"\u00c0 propos - Ramset","description":"A business unit of ITW Construction Products Canada, a division of Illinois Tool Works, is a leading manufacturer of Gas Tools, Powder Actuated Tools and related pins and fasteners for commercial construction.","robots":{"index":"index","follow":"follow","max-snippet":"max-snippet:-1","max-image-preview":"max-image-preview:large","max-video-preview":"max-video-preview:-1"},"canonical":"https:\/\/ramset.ca\/fr\/a-propos\/","og_locale":"fr_FR","og_type":"article","og_title":"\u00c0 propos - Ramset","og_description":"A business unit of ITW Construction Products Canada, a division of Illinois Tool Works, is a leading manufacturer of Gas Tools, Powder Actuated Tools and related pins and fasteners for commercial construction.","og_url":"https:\/\/ramset.ca\/fr\/a-propos\/","og_site_name":"Ramset","article_modified_time":"2021-02-12T19:24:47+00:00","twitter_card":"summary_large_image","twitter_misc":{"Dur\u00e9e de lecture estim\u00e9e":"2 minutes"},"schema":{"@context":"https:\/\/schema.org","@graph":[{"@type":"WebPage","@id":"https:\/\/ramset.ca\/fr\/a-propos\/","url":"https:\/\/ramset.ca\/fr\/a-propos\/","name":"\u00c0 propos - Ramset","isPartOf":{"@id":"https:\/\/ramset.ca\/fr\/#website"},"datePublished":"2018-12-17T08:46:49+00:00","dateModified":"2021-02-12T19:24:47+00:00","description":"A business unit of ITW Construction Products Canada, a division of Illinois Tool Works, is a leading manufacturer of Gas Tools, Powder Actuated Tools and related pins and fasteners for commercial construction.","breadcrumb":{"@id":"https:\/\/ramset.ca\/fr\/a-propos\/#breadcrumb"},"inLanguage":"fr-FR","potentialAction":[{"@type":"ReadAction","target":["https:\/\/ramset.ca\/fr\/a-propos\/"]}]},{"@type":"BreadcrumbList","@id":"https:\/\/ramset.ca\/fr\/a-propos\/#breadcrumb","itemListElement":[{"@type":"ListItem","position":1,"name":"Home","item":"https:\/\/ramset.ca\/fr\/"},{"@type":"ListItem","position":2,"name":"\u00c0 propos"}]},{"@type":"WebSite","@id":"https:\/\/ramset.ca\/fr\/#website","url":"https:\/\/ramset.ca\/fr\/","name":"Ramset","description":"Driving Jobsite Speed","potentialAction":[{"@type":"SearchAction","target":{"@type":"EntryPoint","urlTemplate":"https:\/\/ramset.ca\/fr\/?s={search_term_string}"},"query-input":{"@type":"PropertyValueSpecification","valueRequired":true,"valueName":"search_term_string"}}],"inLanguage":"fr-FR"}]}},"_links":{"self":[{"href":"https:\/\/ramset.ca\/fr\/wp-json\/wp\/v2\/pages\/7626","targetHints":{"allow":["GET"]}}],"collection":[{"href":"https:\/\/ramset.ca\/fr\/wp-json\/wp\/v2\/pages"}],"about":[{"href":"https:\/\/ramset.ca\/fr\/wp-json\/wp\/v2\/types\/page"}],"author":[{"embeddable":true,"href":"https:\/\/ramset.ca\/fr\/wp-json\/wp\/v2\/users\/1"}],"replies":[{"embeddable":true,"href":"https:\/\/ramset.ca\/fr\/wp-json\/wp\/v2\/comments?post=7626"}],"version-history":[{"count":0,"href":"https:\/\/ramset.ca\/fr\/wp-json\/wp\/v2\/pages\/7626\/revisions"}],"wp:attachment":[{"href":"https:\/\/ramset.ca\/fr\/wp-json\/wp\/v2\/media?parent=7626"}],"curies":[{"name":"wp","href":"https:\/\/api.w.org\/{rel}","templated":true}]}}